{"id":120584,"date":"2022-06-01T19:19:41","date_gmt":"2022-06-01T17:19:41","guid":{"rendered":"https:\/\/www.fabioferro.eu\/avio-blau-leder-und-canvas-uhrenarmband-breite-20-mm.html"},"modified":"2025-10-13T19:55:55","modified_gmt":"2025-10-13T17:55:55","slug":"avio-blau-leder-und-canvas-uhrenarmband-breite-20-mm","status":"publish","type":"product","link":"https:\/\/www.fabioferro.eu\/de\/avio-blau-leder-und-canvas-uhrenarmband-breite-20-mm.html","title":{"rendered":"Segeltuch und blauer Lederriemen"},"content":{"rendered":"<div class=\"description\">\n<p>Uhrenarmband aus echtem Leder und Canvas in der Farbe Luftfahrtblau.<\/p>\n<p>Handgefertigt &#8211; Made in Italy.<\/p>\n<p>Standardgr\u00f6\u00dfe, der kurze Teil misst 75 mm und der lange Teil 115 mm.<\/p>\n<p>Das Armband ist 2,50 mm dick.<\/p>\n<p>Verst\u00e4rkt mit sichtbaren Ton-in-Ton-N\u00e4hten, festen Doppelschlaufen und hypoallergener Edelstahlschlie\u00dfe mit geb\u00fcrsteter Oberfl\u00e4che.<\/p>\n<p>Die Fotos k\u00f6nnen leicht vom Produkt abweichen, da sie handgefertigt sind.<\/p>\n<\/div>\n","protected":false},"excerpt":{"rendered":"<p>Ein praktisches und bequemes Stoffband, das f\u00fcr seine Schlichtheit und extreme Haltbarkeit bekannt ist.<\/p>\n","protected":false},"featured_media":144748,"comment_status":"open","ping_status":"closed","template":"","meta":[],"product_brand":[197],"product_cat":[7291],"product_tag":[],"class_list":{"0":"post-120584","1":"product","2":"type-product","3":"status-publish","4":"has-post-thumbnail","6":"product_brand-campagnolo","7":"product_cat-cinturini-canvas-de","9":"first","10":"instock","11":"sale","12":"taxable","13":"shipping-taxable","14":"purchasable","15":"product-type-variable","16":"has-default-attributes"},"exclude_global_add_ons":true,"addons":[{"name":"Farbe der Schnalle","type":"multiple_choice","position":0,"required":true,"title_format":"label","default":"","description_enable":false,"description":null,"placeholder_enable":false,"placeholder":null,"display":"select","restrictions_type":"any_text","adjust_price":false,"price":"","price_type":"flat_fee","restrictions":false,"min":"0","max":"0","options":[{"label":"Silber","price":"","price_type":"flat_fee","image":0,"visibility":true},{"label":"Vergoldet","price":"","price_type":"flat_fee","image":0,"visibility":true}],"id":1737568912}],"df_price":35,"df_sale_price":"","df_regular_price":35,"df_image_link":"https:\/\/cdn02.fabioferro.eu\/wp-content\/uploads\/cinturino-in-tessuto-canvas-blu-335610-bl.jpg","_links":{"self":[{"href":"https:\/\/www.fabioferro.eu\/de\/wp-json\/wp\/v2\/product\/120584","targetHints":{"allow":["GET"]}}],"collection":[{"href":"https:\/\/www.fabioferro.eu\/de\/wp-json\/wp\/v2\/product"}],"about":[{"href":"https:\/\/www.fabioferro.eu\/de\/wp-json\/wp\/v2\/types\/product"}],"replies":[{"embeddable":true,"href":"https:\/\/www.fabioferro.eu\/de\/wp-json\/wp\/v2\/comments?post=120584"}],"version-history":[{"count":1,"href":"https:\/\/www.fabioferro.eu\/de\/wp-json\/wp\/v2\/product\/120584\/revisions"}],"predecessor-version":[{"id":197927,"href":"https:\/\/www.fabioferro.eu\/de\/wp-json\/wp\/v2\/product\/120584\/revisions\/197927"}],"wp:featuredmedia":[{"embeddable":true,"href":"https:\/\/www.fabioferro.eu\/de\/wp-json\/wp\/v2\/media\/144748"}],"wp:attachment":[{"href":"https:\/\/www.fabioferro.eu\/de\/wp-json\/wp\/v2\/media?parent=120584"}],"wp:term":[{"taxonomy":"product_brand","embeddable":true,"href":"https:\/\/www.fabioferro.eu\/de\/wp-json\/wp\/v2\/product_brand?post=120584"},{"taxonomy":"product_cat","embeddable":true,"href":"https:\/\/www.fabioferro.eu\/de\/wp-json\/wp\/v2\/product_cat?post=120584"},{"taxonomy":"product_tag","embeddable":true,"href":"https:\/\/www.fabioferro.eu\/de\/wp-json\/wp\/v2\/product_tag?post=120584"}],"curies":[{"name":"wp","href":"https:\/\/api.w.org\/{rel}","templated":true}]}}