{"id":120598,"date":"2022-06-01T19:18:55","date_gmt":"2022-06-01T17:18:55","guid":{"rendered":"https:\/\/www.fabioferro.eu\/hamilton-khaki-scuba-automatic-schwarz-und-blau-uhr-mit-kautschukband-40-mm.html"},"modified":"2025-04-26T16:32:16","modified_gmt":"2025-04-26T14:32:16","slug":"hamilton-khaki-scuba-automatic-schwarz-und-blau-uhr-mit-kautschukband-40-mm","status":"publish","type":"product","link":"https:\/\/www.fabioferro.eu\/de\/hamilton-khaki-scuba-automatic-schwarz-und-blau-uhr-mit-kautschukband-40-mm.html","title":{"rendered":"Hamilton Khaki Navy Scuba 40mm H82315331"},"content":{"rendered":"<div class=\"description\">\n<div class=\"description\">\n<p>Hamilton Khaki Scuba H82315331 Automatik aus Edelstahl mit schwarzem Kautschukband.<\/p>\n<p>Uhrwerk Mechanisch Automatisch Swiss Made Cal. H-10.<\/p>\n<p>Geh\u00e4use aus satiniertem Stahl, Durchmesser 40,00 mm. Verschraubter Geh\u00e4useboden aus satiniertem Stahl, wasserdicht bis 10 ATM. Ger\u00e4ndelte, stahlgesch\u00fctzte Krone mit Hamilton-Logo. Zweifarbiger R\u00e4ndelring in Blau und Schwarz.<\/p>\n<p>Schwarzes Zifferblatt mit nachleuchtenden Stunden- und Minutenzeigern. Blauer Sekundenzeiger in der Mitte mit wei\u00dfer, nachleuchtender Spitze.<\/p>\n<p>Das Datumsfeld befindet sich zwischen 4 und 5 Uhr.<\/p>\n<p>Kratzfestes Saphirkristallglas.<\/p>\n<p>Schwarzes Kautschukband mit Khaki-Aufdruck. Dornschlie\u00dfe aus Stahl mit Hamilton-Logo. 20 mm Bandanst\u00f6\u00dfe.<\/p>\n<p>Neue Uhr mit original Hamilton Geh\u00e4use und 2 Jahren Garantie.<\/p>\n<p>&nbsp;<\/p>\n<\/div>\n<\/div>\n","protected":false},"excerpt":{"rendered":"<p>Hamilton Khaki Scuba H82315331 40mm Uhr mit schwarzem Kautschukband.<\/p>\n","protected":false},"featured_media":120608,"comment_status":"open","ping_status":"closed","template":"","meta":[],"product_brand":[161],"product_cat":[5974],"product_tag":[],"class_list":{"0":"post-120598","1":"product","2":"type-product","3":"status-publish","4":"has-post-thumbnail","6":"product_brand-hamilton","7":"product_cat-hamilton-herrenuhren","8":"pa_collezione-hamilton-khaki-marine","10":"first","11":"outofstock","12":"sale","13":"taxable","14":"shipping-taxable","15":"purchasable","16":"product-type-simple"},"exclude_global_add_ons":[],"addons":[],"df_price":716,"df_sale_price":716,"df_regular_price":895,"df_image_link":"https:\/\/cdn02.fabioferro.eu\/wp-content\/uploads\/virtuemart\/product\/orologio-hamilton-scuba-nero-blu-cinturino-gomma-nero-H82315331.jpg","_links":{"self":[{"href":"https:\/\/www.fabioferro.eu\/de\/wp-json\/wp\/v2\/product\/120598","targetHints":{"allow":["GET"]}}],"collection":[{"href":"https:\/\/www.fabioferro.eu\/de\/wp-json\/wp\/v2\/product"}],"about":[{"href":"https:\/\/www.fabioferro.eu\/de\/wp-json\/wp\/v2\/types\/product"}],"replies":[{"embeddable":true,"href":"https:\/\/www.fabioferro.eu\/de\/wp-json\/wp\/v2\/comments?post=120598"}],"version-history":[{"count":0,"href":"https:\/\/www.fabioferro.eu\/de\/wp-json\/wp\/v2\/product\/120598\/revisions"}],"wp:featuredmedia":[{"embeddable":true,"href":"https:\/\/www.fabioferro.eu\/de\/wp-json\/wp\/v2\/media\/120608"}],"wp:attachment":[{"href":"https:\/\/www.fabioferro.eu\/de\/wp-json\/wp\/v2\/media?parent=120598"}],"wp:term":[{"taxonomy":"product_brand","embeddable":true,"href":"https:\/\/www.fabioferro.eu\/de\/wp-json\/wp\/v2\/product_brand?post=120598"},{"taxonomy":"product_cat","embeddable":true,"href":"https:\/\/www.fabioferro.eu\/de\/wp-json\/wp\/v2\/product_cat?post=120598"},{"taxonomy":"product_tag","embeddable":true,"href":"https:\/\/www.fabioferro.eu\/de\/wp-json\/wp\/v2\/product_tag?post=120598"}],"curies":[{"name":"wp","href":"https:\/\/api.w.org\/{rel}","templated":true}]}}