{"id":120601,"date":"2022-06-01T19:19:33","date_gmt":"2022-06-01T17:19:33","guid":{"rendered":"https:\/\/www.fabioferro.eu\/schwarzes-uhrenarmband-aus-canvas-leder-und-stoff.html"},"modified":"2025-05-02T17:50:54","modified_gmt":"2025-05-02T15:50:54","slug":"schwarzes-uhrenarmband-aus-canvas-leder-und-stoff","status":"publish","type":"product","link":"https:\/\/www.fabioferro.eu\/de\/schwarzes-uhrenarmband-aus-canvas-leder-und-stoff.html","title":{"rendered":"Schwarzes Segeltuch und Lederarmband"},"content":{"rendered":"<p>Armband aus echtem Leder und mattem technischem Canvas in Schwarz.<\/p>\n<p>Handgefertigt, Made in Italy.<\/p>\n<p>Standardgr\u00f6\u00dfe, der kurze Teil misst 75 mm und der lange Teil 115 mm.<\/p>\n<p>Verst\u00e4rktes Armband mit sichtbaren Doppeln\u00e4hten, festen Doppelschlaufen und hypoallergener Edelstahlschlie\u00dfe mit geb\u00fcrsteter Oberfl\u00e4che.<\/p>\n<p>Die Fotos k\u00f6nnen leicht vom Produkt abweichen, da sie handgefertigt sind.<\/p>\n","protected":false},"excerpt":{"rendered":"<p>Ein sportliches Armband, das alle Herausforderungen des Lebens meistert.<\/p>\n","protected":false},"featured_media":144754,"comment_status":"open","ping_status":"closed","template":"","meta":[],"product_brand":[197],"product_cat":[7291],"product_tag":[],"class_list":{"0":"post-120601","1":"product","2":"type-product","3":"status-publish","4":"has-post-thumbnail","6":"product_brand-campagnolo","7":"product_cat-cinturini-canvas-de","9":"first","10":"instock","11":"sale","12":"taxable","13":"shipping-taxable","14":"purchasable","15":"product-type-variable","16":"has-default-attributes"},"exclude_global_add_ons":true,"addons":[{"name":"Farbe der Schnalle","type":"multiple_choice","position":0,"required":true,"title_format":"label","default":"","description_enable":false,"description":null,"placeholder_enable":false,"placeholder":null,"display":"select","restrictions_type":"any_text","adjust_price":false,"price":"","price_type":"flat_fee","restrictions":false,"min":"0","max":"0","options":[{"label":"Silber","price":"","price_type":"flat_fee","image":0,"visibility":true},{"label":"Vergoldet","price":"","price_type":"flat_fee","image":0,"visibility":true}],"id":1737569076}],"df_price":35,"df_sale_price":"","df_regular_price":35,"df_image_link":"https:\/\/cdn02.fabioferro.eu\/wp-content\/uploads\/cinturino-in-tessuto-canvas-nero-335610-n.jpg","_links":{"self":[{"href":"https:\/\/www.fabioferro.eu\/de\/wp-json\/wp\/v2\/product\/120601","targetHints":{"allow":["GET"]}}],"collection":[{"href":"https:\/\/www.fabioferro.eu\/de\/wp-json\/wp\/v2\/product"}],"about":[{"href":"https:\/\/www.fabioferro.eu\/de\/wp-json\/wp\/v2\/types\/product"}],"replies":[{"embeddable":true,"href":"https:\/\/www.fabioferro.eu\/de\/wp-json\/wp\/v2\/comments?post=120601"}],"version-history":[{"count":0,"href":"https:\/\/www.fabioferro.eu\/de\/wp-json\/wp\/v2\/product\/120601\/revisions"}],"wp:featuredmedia":[{"embeddable":true,"href":"https:\/\/www.fabioferro.eu\/de\/wp-json\/wp\/v2\/media\/144754"}],"wp:attachment":[{"href":"https:\/\/www.fabioferro.eu\/de\/wp-json\/wp\/v2\/media?parent=120601"}],"wp:term":[{"taxonomy":"product_brand","embeddable":true,"href":"https:\/\/www.fabioferro.eu\/de\/wp-json\/wp\/v2\/product_brand?post=120601"},{"taxonomy":"product_cat","embeddable":true,"href":"https:\/\/www.fabioferro.eu\/de\/wp-json\/wp\/v2\/product_cat?post=120601"},{"taxonomy":"product_tag","embeddable":true,"href":"https:\/\/www.fabioferro.eu\/de\/wp-json\/wp\/v2\/product_tag?post=120601"}],"curies":[{"name":"wp","href":"https:\/\/api.w.org\/{rel}","templated":true}]}}