{"id":120604,"date":"2022-06-01T19:19:07","date_gmt":"2022-06-01T17:19:07","guid":{"rendered":"https:\/\/www.fabioferro.eu\/fabio-ferro-trilogie-ring-aus-weissgold-mit-diamanten-im-brillantschliff-075-karat.html"},"modified":"2025-06-06T16:22:44","modified_gmt":"2025-06-06T14:22:44","slug":"fabio-ferro-trilogie-ring-aus-weissgold-mit-diamanten-im-brillantschliff-075-karat","status":"publish","type":"product","link":"https:\/\/www.fabioferro.eu\/de\/fabio-ferro-trilogie-ring-aus-weissgold-mit-diamanten-im-brillantschliff-075-karat.html","title":{"rendered":"Fabio Ferro Trilogie-Ring aus Wei\u00dfgold mit Diamanten im Brillantschliff 0,75 Karat"},"content":{"rendered":"<p>Damenring Trilogie aus Wei\u00dfgold, entworfen und handgefertigt in unserer Goldschmiedewerkstatt mit nat\u00fcrlichen Diamanten. Der Ring aus 750\/1000er Wei\u00dfgold mit einem Gewicht von 4,07 Gramm, poliert und rhodiniert, ist mit 3 Brillanten von insgesamt 0,75 Karat (je 0,25 ct.), Farbe F, Reinheit SI, besetzt.<\/p>\n<p>cad.), Farbe F, Reinheit SI. Elegante Wellenfassung mit 4 Riffeln mit polierten, abgerundeten Spitzen. Das Schmuckst\u00fcck wird von einem Garantie- und Qualit\u00e4tszertifikat und einer eleganten, personalisierten Fabio Ferro i Gioielli Box mit kostenloser Geschenkverpackung begleitet.<\/p>\n<p>&nbsp;<\/p>\n","protected":false},"excerpt":{"rendered":"<p>Handgefertigter Trilogie-Ring aus Wei\u00dfgold mit Diamanten im Brillantschliff von insgesamt 0,75 Karat in Farbe F.<\/p>\n","protected":false},"featured_media":120618,"comment_status":"open","ping_status":"closed","template":"","meta":[],"product_brand":[152],"product_cat":[6288],"product_tag":[],"class_list":{"0":"post-120604","1":"product","2":"type-product","3":"status-publish","4":"has-post-thumbnail","6":"product_brand-fabio-ferro-i-gioielli","7":"product_cat-ringe-der-trilogie","9":"first","10":"instock","11":"sale","12":"taxable","13":"shipping-taxable","14":"purchasable","15":"product-type-variable","16":"has-default-attributes"},"exclude_global_add_ons":[],"addons":[],"df_price":2920,"df_sale_price":"","df_regular_price":2920,"df_image_link":"https:\/\/cdn02.fabioferro.eu\/wp-content\/uploads\/virtuemart\/product\/IMG_8084.jpg","_links":{"self":[{"href":"https:\/\/www.fabioferro.eu\/de\/wp-json\/wp\/v2\/product\/120604","targetHints":{"allow":["GET"]}}],"collection":[{"href":"https:\/\/www.fabioferro.eu\/de\/wp-json\/wp\/v2\/product"}],"about":[{"href":"https:\/\/www.fabioferro.eu\/de\/wp-json\/wp\/v2\/types\/product"}],"replies":[{"embeddable":true,"href":"https:\/\/www.fabioferro.eu\/de\/wp-json\/wp\/v2\/comments?post=120604"}],"version-history":[{"count":0,"href":"https:\/\/www.fabioferro.eu\/de\/wp-json\/wp\/v2\/product\/120604\/revisions"}],"wp:featuredmedia":[{"embeddable":true,"href":"https:\/\/www.fabioferro.eu\/de\/wp-json\/wp\/v2\/media\/120618"}],"wp:attachment":[{"href":"https:\/\/www.fabioferro.eu\/de\/wp-json\/wp\/v2\/media?parent=120604"}],"wp:term":[{"taxonomy":"product_brand","embeddable":true,"href":"https:\/\/www.fabioferro.eu\/de\/wp-json\/wp\/v2\/product_brand?post=120604"},{"taxonomy":"product_cat","embeddable":true,"href":"https:\/\/www.fabioferro.eu\/de\/wp-json\/wp\/v2\/product_cat?post=120604"},{"taxonomy":"product_tag","embeddable":true,"href":"https:\/\/www.fabioferro.eu\/de\/wp-json\/wp\/v2\/product_tag?post=120604"}],"curies":[{"name":"wp","href":"https:\/\/api.w.org\/{rel}","templated":true}]}}