{"id":120646,"date":"2022-06-01T19:39:32","date_gmt":"2022-06-01T17:39:32","guid":{"rendered":"https:\/\/www.fabioferro.eu\/giovanni-raspini-pinocchio-charme-in-925-silber.html"},"modified":"2024-09-18T16:04:24","modified_gmt":"2024-09-18T14:04:24","slug":"giovanni-raspini-pinocchio-charme-in-925-silber","status":"publish","type":"product","link":"https:\/\/www.fabioferro.eu\/de\/giovanni-raspini-pinocchio-charme-in-925-silber.html","title":{"rendered":"Giovanni Raspini Pinocchio Charme"},"content":{"rendered":"<p>Giovanni Raspini 925\/1000 Sterling Silber Anh\u00e4nger in Form von Pinocchio. Der Anh\u00e4nger misst 2,80 cm in der H\u00f6he (ohne die Gegenverkleidung). Ausgestattet mit einem offenen Ring zur Befestigung an einem Armband oder an einer Halskette. Neuer Artikel mit original Giovanni Raspini Box und Garantie  &nbsp;<\/p>\n","protected":false},"excerpt":{"rendered":"<p>Giovanni Raspini Pinocchio 925 Silber Anh\u00e4nger<\/p>\n","protected":false},"featured_media":120651,"comment_status":"open","ping_status":"closed","template":"","meta":[],"product_brand":[155],"product_cat":[7576],"product_tag":[],"class_list":{"0":"post-120646","1":"product","2":"type-product","3":"status-publish","4":"has-post-thumbnail","6":"product_brand-raspini","7":"product_cat-giovanni-raspini-reize","9":"first","10":"instock","11":"sale","12":"taxable","13":"shipping-taxable","14":"purchasable","15":"product-type-simple"},"exclude_global_add_ons":[],"addons":[],"df_price":49.5,"df_sale_price":49.5,"df_regular_price":55,"df_image_link":"https:\/\/cdn02.fabioferro.eu\/wp-content\/uploads\/virtuemart\/product\/charm-pinocchio-giovanni-raspini-061963.jpg","_links":{"self":[{"href":"https:\/\/www.fabioferro.eu\/de\/wp-json\/wp\/v2\/product\/120646","targetHints":{"allow":["GET"]}}],"collection":[{"href":"https:\/\/www.fabioferro.eu\/de\/wp-json\/wp\/v2\/product"}],"about":[{"href":"https:\/\/www.fabioferro.eu\/de\/wp-json\/wp\/v2\/types\/product"}],"replies":[{"embeddable":true,"href":"https:\/\/www.fabioferro.eu\/de\/wp-json\/wp\/v2\/comments?post=120646"}],"version-history":[{"count":0,"href":"https:\/\/www.fabioferro.eu\/de\/wp-json\/wp\/v2\/product\/120646\/revisions"}],"wp:featuredmedia":[{"embeddable":true,"href":"https:\/\/www.fabioferro.eu\/de\/wp-json\/wp\/v2\/media\/120651"}],"wp:attachment":[{"href":"https:\/\/www.fabioferro.eu\/de\/wp-json\/wp\/v2\/media?parent=120646"}],"wp:term":[{"taxonomy":"product_brand","embeddable":true,"href":"https:\/\/www.fabioferro.eu\/de\/wp-json\/wp\/v2\/product_brand?post=120646"},{"taxonomy":"product_cat","embeddable":true,"href":"https:\/\/www.fabioferro.eu\/de\/wp-json\/wp\/v2\/product_cat?post=120646"},{"taxonomy":"product_tag","embeddable":true,"href":"https:\/\/www.fabioferro.eu\/de\/wp-json\/wp\/v2\/product_tag?post=120646"}],"curies":[{"name":"wp","href":"https:\/\/api.w.org\/{rel}","templated":true}]}}