{"id":120647,"date":"2022-06-01T19:41:43","date_gmt":"2022-06-01T17:41:43","guid":{"rendered":"https:\/\/www.fabioferro.eu\/giovanni-raspini-anemonenring-mit-mabe-perle.html"},"modified":"2026-02-04T08:22:39","modified_gmt":"2026-02-04T07:22:39","slug":"giovanni-raspini-anemonenring-mit-mabe-perle","status":"publish","type":"product","link":"https:\/\/www.fabioferro.eu\/de\/giovanni-raspini-anemonenring-mit-mabe-perle.html","title":{"rendered":"Giovanni Raspini Anemonenring mit Mab\u00e8-Perle"},"content":{"rendered":"<p>Damenring der Kollektion Giovanni Raspini Anemone aus 925\/1000 Silber mit Mab\u00e8-Perle.<\/p>\n<p>Arbeiten Sie mit einer Anemone, die die Perle umschlie\u00dft und sie hervorhebt.<\/p>\n<p>Made in Italy &#8211; Handgefertigtes Produkt mit einem Gesamtgewicht von gr. 15.00.<\/p>\n<p>Der Au\u00dfendurchmesser des Rings betr\u00e4gt 18,50 mm bei einer Dicke von 11,50 mm. In der Mitte eine fantastische nat\u00fcrliche Mab\u00e9-Perle.<\/p>\n<p>Neues Schmuckst\u00fcck mit Krokodil-Etui und offizieller Giovanni Raspini-Garantie.<\/p>\n","protected":false},"excerpt":{"rendered":"<p>Giovanni Raspini Damenring 925 Sterling Silber Anemone Kollektion mit nat\u00fcrlicher Mab\u00e8 Perle<\/p>\n","protected":false},"featured_media":120654,"comment_status":"open","ping_status":"closed","template":"","meta":[],"product_brand":[],"product_cat":[7572],"product_tag":[],"class_list":{"0":"post-120647","1":"product","2":"type-product","3":"status-publish","4":"has-post-thumbnail","6":"product_cat-ringe-giovanni-raspini","8":"first","9":"instock","10":"sale","11":"taxable","12":"shipping-taxable","13":"purchasable","14":"product-type-variable","15":"has-default-attributes"},"exclude_global_add_ons":[],"addons":[],"df_price":247.5,"df_sale_price":"","df_regular_price":247.5,"df_image_link":"https:\/\/cdn02.fabioferro.eu\/wp-content\/uploads\/virtuemart\/product\/anello_giovanni_raspini_anemone_10563__1595921071_705.jpg","_links":{"self":[{"href":"https:\/\/www.fabioferro.eu\/de\/wp-json\/wp\/v2\/product\/120647","targetHints":{"allow":["GET"]}}],"collection":[{"href":"https:\/\/www.fabioferro.eu\/de\/wp-json\/wp\/v2\/product"}],"about":[{"href":"https:\/\/www.fabioferro.eu\/de\/wp-json\/wp\/v2\/types\/product"}],"replies":[{"embeddable":true,"href":"https:\/\/www.fabioferro.eu\/de\/wp-json\/wp\/v2\/comments?post=120647"}],"version-history":[{"count":0,"href":"https:\/\/www.fabioferro.eu\/de\/wp-json\/wp\/v2\/product\/120647\/revisions"}],"wp:featuredmedia":[{"embeddable":true,"href":"https:\/\/www.fabioferro.eu\/de\/wp-json\/wp\/v2\/media\/120654"}],"wp:attachment":[{"href":"https:\/\/www.fabioferro.eu\/de\/wp-json\/wp\/v2\/media?parent=120647"}],"wp:term":[{"taxonomy":"product_brand","embeddable":true,"href":"https:\/\/www.fabioferro.eu\/de\/wp-json\/wp\/v2\/product_brand?post=120647"},{"taxonomy":"product_cat","embeddable":true,"href":"https:\/\/www.fabioferro.eu\/de\/wp-json\/wp\/v2\/product_cat?post=120647"},{"taxonomy":"product_tag","embeddable":true,"href":"https:\/\/www.fabioferro.eu\/de\/wp-json\/wp\/v2\/product_tag?post=120647"}],"curies":[{"name":"wp","href":"https:\/\/api.w.org\/{rel}","templated":true}]}}