{"id":120708,"date":"2022-06-01T19:30:28","date_gmt":"2022-06-01T17:30:28","guid":{"rendered":"https:\/\/www.fabioferro.eu\/fabio-ferro-kate-medium-ring-mit-blauem-saphir-aus-weissgold-und-diamanten-im-brillantschliff.html"},"modified":"2025-06-06T15:46:13","modified_gmt":"2025-06-06T13:46:13","slug":"fabio-ferro-kate-medium-ring-mit-blauem-saphir-aus-weissgold-und-diamanten-im-brillantschliff","status":"publish","type":"product","link":"https:\/\/www.fabioferro.eu\/de\/fabio-ferro-kate-medium-ring-mit-blauem-saphir-aus-weissgold-und-diamanten-im-brillantschliff.html","title":{"rendered":"Ring Fabio Ferro Kate Medium mit blauem Saphir in Wei\u00dfgold und Diamanten im Brillantschliff"},"content":{"rendered":"<div class=\"description\">\n<div class=\"description\">\n<div class=\"description\">\n<p>In unserer Goldschmiedewerkstatt handgefertigter Ring aus 18 Karat Wei\u00dfgold. Das Gesamtgewicht betr\u00e4gt 3,26 Gramm<\/p>\n<p>Das Schmuckst\u00fcck wird vollst\u00e4ndig von Hand gefertigt und bearbeitet. Das Produkt wurde in Italien hergestellt.<\/p>\n<p>Der Ring ist mit einem atemberaubenden blauen Ceylon Royal Sapphire im Ovalschliff von 0,54 Karat besetzt.<\/p>\n<p>Umgeben sind sie von 10 Diamanten im Brillantschliff mit insgesamt 0,38 Karat. Gekennzeichnet durch die Farbe F und den Reinheitsgrad VS1.<\/p>\n<p>Alle Steine sind mit vier Drahtgeflechten mit abgerundeten Spitzen gefasst, die f\u00fcr mehr Sicherheit und Brillanz sorgen.<\/p>\n<p>In der Mitte befindet sich ein Ceylon-Royal-Saphir mit den Ma\u00dfen 5,5 x 3,8 mm. Die \u00e4u\u00dfere Rosette misst 10,8 x 8,9 mm, was einer H\u00f6he von 6,30 mm entspricht.<\/p>\n<p>Auf der Innenseite des Schafts sind die Karat der Steine und das &#8216;i&#8217; Logo eingraviert.Fabio Ferro the Jewellery&#8217; Logo.<\/p>\n<p>Bitte verlassen Sie sich auf die Beschreibung f\u00fcr die tats\u00e4chlichen Eigenschaften des Juwels, das Foto ist nur zu Demonstrationszwecken.<\/p>\n<p>Das Schmuckst\u00fcck wird von einer eleganten personalisierten Schachtel begleitet Fabio Ferro Schmuck und einem Zertifikat \u00fcber die Garantie und Echtheit der Steine.<\/p>\n<\/div>\n<p><img decoding=\"async\" class=\"alignnone size-full wp-image-68675\" src=\"https:\/\/cdn02.fabioferro.eu\/wp-content\/uploads\/IGI-4cs-chart-IT-scaled.jpg\" alt=\"\" width=\"1864\" height=\"2560\" title=\"\" srcset=\"https:\/\/cdn02.fabioferro.eu\/wp-content\/uploads\/IGI-4cs-chart-IT-scaled.jpg 1864w, https:\/\/cdn02.fabioferro.eu\/wp-content\/uploads\/IGI-4cs-chart-IT-768x1055.jpg 768w, https:\/\/cdn02.fabioferro.eu\/wp-content\/uploads\/IGI-4cs-chart-IT-1119x1536.jpg 1119w, https:\/\/cdn02.fabioferro.eu\/wp-content\/uploads\/IGI-4cs-chart-IT-1491x2048.jpg 1491w, https:\/\/cdn02.fabioferro.eu\/wp-content\/uploads\/IGI-4cs-chart-IT-990x1359.jpg 990w, https:\/\/cdn02.fabioferro.eu\/wp-content\/uploads\/IGI-4cs-chart-IT-441x606.jpg 441w, https:\/\/cdn02.fabioferro.eu\/wp-content\/uploads\/IGI-4cs-chart-IT-600x824.jpg 600w, https:\/\/cdn02.fabioferro.eu\/wp-content\/uploads\/IGI-4cs-chart-IT-150x206.jpg 150w\" sizes=\"(max-width: 1864px) 100vw, 1864px\" \/><\/p>\n<\/div>\n<\/div>\n","protected":false},"excerpt":{"rendered":"<p>Eine verkleinerte Version des ber\u00fchmten Rings von Prinzessin Kate. Das \u00e4ndert jedoch nichts an ihrer Sch\u00f6nheit.<\/p>\n","protected":false},"featured_media":120734,"comment_status":"open","ping_status":"closed","template":"","meta":[],"product_brand":[152],"product_cat":[5934],"product_tag":[],"class_list":{"0":"post-120708","1":"product","2":"type-product","3":"status-publish","4":"has-post-thumbnail","6":"product_brand-fabio-ferro-i-gioielli","7":"product_cat-ringe","9":"first","10":"instock","11":"sale","12":"taxable","13":"shipping-taxable","14":"purchasable","15":"product-type-variable","16":"has-default-attributes"},"exclude_global_add_ons":[],"addons":[],"df_price":1816,"df_sale_price":"","df_regular_price":1816,"df_image_link":"https:\/\/cdn02.fabioferro.eu\/wp-content\/uploads\/anello-fabio-ferro-kate-medio-ff1053.jpg","_links":{"self":[{"href":"https:\/\/www.fabioferro.eu\/de\/wp-json\/wp\/v2\/product\/120708","targetHints":{"allow":["GET"]}}],"collection":[{"href":"https:\/\/www.fabioferro.eu\/de\/wp-json\/wp\/v2\/product"}],"about":[{"href":"https:\/\/www.fabioferro.eu\/de\/wp-json\/wp\/v2\/types\/product"}],"replies":[{"embeddable":true,"href":"https:\/\/www.fabioferro.eu\/de\/wp-json\/wp\/v2\/comments?post=120708"}],"version-history":[{"count":0,"href":"https:\/\/www.fabioferro.eu\/de\/wp-json\/wp\/v2\/product\/120708\/revisions"}],"wp:featuredmedia":[{"embeddable":true,"href":"https:\/\/www.fabioferro.eu\/de\/wp-json\/wp\/v2\/media\/120734"}],"wp:attachment":[{"href":"https:\/\/www.fabioferro.eu\/de\/wp-json\/wp\/v2\/media?parent=120708"}],"wp:term":[{"taxonomy":"product_brand","embeddable":true,"href":"https:\/\/www.fabioferro.eu\/de\/wp-json\/wp\/v2\/product_brand?post=120708"},{"taxonomy":"product_cat","embeddable":true,"href":"https:\/\/www.fabioferro.eu\/de\/wp-json\/wp\/v2\/product_cat?post=120708"},{"taxonomy":"product_tag","embeddable":true,"href":"https:\/\/www.fabioferro.eu\/de\/wp-json\/wp\/v2\/product_tag?post=120708"}],"curies":[{"name":"wp","href":"https:\/\/api.w.org\/{rel}","templated":true}]}}