{"id":120762,"date":"2022-06-01T19:41:28","date_gmt":"2022-06-01T17:41:28","guid":{"rendered":"https:\/\/www.fabioferro.eu\/giovanni-raspini-koralle-grande-charme.html"},"modified":"2024-09-18T16:04:10","modified_gmt":"2024-09-18T14:04:10","slug":"giovanni-raspini-koralle-grande-charme","status":"publish","type":"product","link":"https:\/\/www.fabioferro.eu\/de\/giovanni-raspini-koralle-grande-charme.html","title":{"rendered":"Giovanni Raspini Koralle Grande Charme"},"content":{"rendered":"<p>Giovanni Raspini Coral Grande Charm aus Sterling Silber 925 Coral Collection &#8211; Schmuck, der aus dem Meer geboren wurde, um einer anspruchsvollen und entschlossenen Frau zu gefallen. Schmuck, bei dem das Silber materiell, fast lebendig, aus den verschlungenen Korallen\u00e4sten zu flie\u00dfen scheint.<br \/>\nGr\u00f6\u00dfe Large Gewicht 22 Gramm, L\u00e4nge 7 cm Der Charm ist mit einem Haken versehen, um ihn an einem Schl\u00fcsselring, einem Halsband oder einem Armband zu befestigen.  Neuer Artikel mit original Giovanni Raspini Box und Garantie<\/p>\n","protected":false},"excerpt":{"rendered":"<p>Giovanni Raspini Coral Grande Anh\u00e4nger in 925 Silber<\/p>\n","protected":false},"featured_media":120768,"comment_status":"open","ping_status":"closed","template":"","meta":[],"product_brand":[155],"product_cat":[7575,7576],"product_tag":[],"class_list":{"0":"post-120762","1":"product","2":"type-product","3":"status-publish","4":"has-post-thumbnail","6":"product_brand-raspini","7":"product_cat-do-it-yourself-schmuck-giovanni-raspini","8":"product_cat-giovanni-raspini-reize","10":"first","11":"instock","12":"sale","13":"taxable","14":"shipping-taxable","15":"purchasable","16":"product-type-simple"},"exclude_global_add_ons":[],"addons":[],"df_price":108,"df_sale_price":108,"df_regular_price":120,"df_image_link":"https:\/\/cdn02.fabioferro.eu\/wp-content\/uploads\/virtuemart\/product\/okkk__1569422438_1000.jpg","_links":{"self":[{"href":"https:\/\/www.fabioferro.eu\/de\/wp-json\/wp\/v2\/product\/120762","targetHints":{"allow":["GET"]}}],"collection":[{"href":"https:\/\/www.fabioferro.eu\/de\/wp-json\/wp\/v2\/product"}],"about":[{"href":"https:\/\/www.fabioferro.eu\/de\/wp-json\/wp\/v2\/types\/product"}],"replies":[{"embeddable":true,"href":"https:\/\/www.fabioferro.eu\/de\/wp-json\/wp\/v2\/comments?post=120762"}],"version-history":[{"count":0,"href":"https:\/\/www.fabioferro.eu\/de\/wp-json\/wp\/v2\/product\/120762\/revisions"}],"wp:featuredmedia":[{"embeddable":true,"href":"https:\/\/www.fabioferro.eu\/de\/wp-json\/wp\/v2\/media\/120768"}],"wp:attachment":[{"href":"https:\/\/www.fabioferro.eu\/de\/wp-json\/wp\/v2\/media?parent=120762"}],"wp:term":[{"taxonomy":"product_brand","embeddable":true,"href":"https:\/\/www.fabioferro.eu\/de\/wp-json\/wp\/v2\/product_brand?post=120762"},{"taxonomy":"product_cat","embeddable":true,"href":"https:\/\/www.fabioferro.eu\/de\/wp-json\/wp\/v2\/product_cat?post=120762"},{"taxonomy":"product_tag","embeddable":true,"href":"https:\/\/www.fabioferro.eu\/de\/wp-json\/wp\/v2\/product_tag?post=120762"}],"curies":[{"name":"wp","href":"https:\/\/api.w.org\/{rel}","templated":true}]}}