{"id":120769,"date":"2022-06-01T19:30:26","date_gmt":"2022-06-01T17:30:26","guid":{"rendered":"https:\/\/www.fabioferro.eu\/fabio-ferro-kate-medium-ring-mit-burmesischem-rubin-und-diamanten-im-brillantschliff.html"},"modified":"2024-10-30T09:53:59","modified_gmt":"2024-10-30T08:53:59","slug":"fabio-ferro-kate-medium-ring-mit-burmesischem-rubin-und-diamanten-im-brillantschliff","status":"publish","type":"product","link":"https:\/\/www.fabioferro.eu\/de\/fabio-ferro-kate-medium-ring-mit-burmesischem-rubin-und-diamanten-im-brillantschliff.html","title":{"rendered":"Fabio Ferro Kate Medium Ring mit burmesischem Rubin und Diamanten im Brillantschliff"},"content":{"rendered":"<div class=\"description\">\n<div class=\"description\">\n<p>Ring handgefertigt in unserer Goldschmiedewerkstatt aus 750\/1000 Wei\u00dfgold. Das Gesamtgewicht betr\u00e4gt etwa 3,52 g.<\/p>\n<p>Der Ring ist mit einem pr\u00e4chtigen birmanischen Rubin im Ovalschliff besetzt. Ma\u00dfe 6 x 4 mm, f\u00fcr 0,58 Karat. Er ist von 10 Diamanten im Brillantschliff mit insgesamt 0,34 Karat umgeben, die sich durch die Farbe F und die Reinheit VS1 auszeichnen.<\/p>\n<p>Alle Steine wurden mit 4 Drahtgreifern mit abgerundeten Spitzen von einem Fassungsmeister gefasst.<\/p>\n<p>Die Rosette, die den Rubin und die Diamanten enth\u00e4lt, misst 10,7 x 8,7 mm und ist 6,00 mm dick.<\/p>\n<p>Auf dem Schaft sind immer die Karat der Edelsteine und das Markenzeichen &#8220;Fabio Ferro I Gioielli&#8221; eingraviert.<\/p>\n<p>Das Schmuckst\u00fcck wird von einer eleganten, personalisierten Schatulle von Fabio Ferro i Gioielli und einem Zertifikat \u00fcber die Echtheit und Qualit\u00e4t der Steine begleitet.<\/p>\n<p>&nbsp;<\/p>\n<p><img decoding=\"async\" class=\"alignnone wp-image-68675\" src=\"https:\/\/cdn02.fabioferro.eu\/wp-content\/uploads\/IGI-4cs-chart-IT-scaled.jpg\" alt=\"\" width=\"848\" height=\"1165\" title=\"\" srcset=\"https:\/\/cdn02.fabioferro.eu\/wp-content\/uploads\/IGI-4cs-chart-IT-scaled.jpg 1864w, https:\/\/cdn02.fabioferro.eu\/wp-content\/uploads\/IGI-4cs-chart-IT-768x1055.jpg 768w, https:\/\/cdn02.fabioferro.eu\/wp-content\/uploads\/IGI-4cs-chart-IT-1119x1536.jpg 1119w, https:\/\/cdn02.fabioferro.eu\/wp-content\/uploads\/IGI-4cs-chart-IT-1491x2048.jpg 1491w, https:\/\/cdn02.fabioferro.eu\/wp-content\/uploads\/IGI-4cs-chart-IT-990x1359.jpg 990w, https:\/\/cdn02.fabioferro.eu\/wp-content\/uploads\/IGI-4cs-chart-IT-441x606.jpg 441w, https:\/\/cdn02.fabioferro.eu\/wp-content\/uploads\/IGI-4cs-chart-IT-600x824.jpg 600w, https:\/\/cdn02.fabioferro.eu\/wp-content\/uploads\/IGI-4cs-chart-IT-150x206.jpg 150w\" sizes=\"(max-width: 848px) 100vw, 848px\" \/><\/p>\n<\/div>\n<\/div>\n<div class=\"description\">\n<div class=\"description\">\n<p>&nbsp;<\/p>\n<div class=\"custom\">\n<p>&nbsp;<\/p>\n<\/div>\n<\/div>\n<\/div>\n","protected":false},"excerpt":{"rendered":"<p>Ein Ring, der seit der Antike Geheimnisse und Mysterien verbirgt.<\/p>\n","protected":false},"featured_media":127583,"comment_status":"open","ping_status":"closed","template":"","meta":[],"product_brand":[152],"product_cat":[5934],"product_tag":[],"class_list":{"0":"post-120769","1":"product","2":"type-product","3":"status-publish","4":"has-post-thumbnail","6":"product_brand-fabio-ferro-i-gioielli","7":"product_cat-ringe","9":"first","10":"instock","11":"sale","12":"taxable","13":"shipping-taxable","14":"purchasable","15":"product-type-variable","16":"has-default-attributes"},"exclude_global_add_ons":[],"addons":[],"df_price":2200,"df_sale_price":"","df_regular_price":2200,"df_image_link":"https:\/\/cdn02.fabioferro.eu\/wp-content\/uploads\/anello-fabio-ferro-kate-medio-zubino-ff1020-1.jpg","_links":{"self":[{"href":"https:\/\/www.fabioferro.eu\/de\/wp-json\/wp\/v2\/product\/120769","targetHints":{"allow":["GET"]}}],"collection":[{"href":"https:\/\/www.fabioferro.eu\/de\/wp-json\/wp\/v2\/product"}],"about":[{"href":"https:\/\/www.fabioferro.eu\/de\/wp-json\/wp\/v2\/types\/product"}],"replies":[{"embeddable":true,"href":"https:\/\/www.fabioferro.eu\/de\/wp-json\/wp\/v2\/comments?post=120769"}],"version-history":[{"count":0,"href":"https:\/\/www.fabioferro.eu\/de\/wp-json\/wp\/v2\/product\/120769\/revisions"}],"wp:featuredmedia":[{"embeddable":true,"href":"https:\/\/www.fabioferro.eu\/de\/wp-json\/wp\/v2\/media\/127583"}],"wp:attachment":[{"href":"https:\/\/www.fabioferro.eu\/de\/wp-json\/wp\/v2\/media?parent=120769"}],"wp:term":[{"taxonomy":"product_brand","embeddable":true,"href":"https:\/\/www.fabioferro.eu\/de\/wp-json\/wp\/v2\/product_brand?post=120769"},{"taxonomy":"product_cat","embeddable":true,"href":"https:\/\/www.fabioferro.eu\/de\/wp-json\/wp\/v2\/product_cat?post=120769"},{"taxonomy":"product_tag","embeddable":true,"href":"https:\/\/www.fabioferro.eu\/de\/wp-json\/wp\/v2\/product_tag?post=120769"}],"curies":[{"name":"wp","href":"https:\/\/api.w.org\/{rel}","templated":true}]}}