{"id":120785,"date":"2022-06-01T19:18:45","date_gmt":"2022-06-01T17:18:45","guid":{"rendered":"https:\/\/www.fabioferro.eu\/paar-polello-eheringe-aus-weiss-und-rosegold-der-kollektion-insieme-mit-brillantschliff-diamanten-karat-001.html"},"modified":"2024-09-18T17:24:04","modified_gmt":"2024-09-18T15:24:04","slug":"paar-polello-eheringe-aus-weiss-und-rosegold-der-kollektion-insieme-mit-brillantschliff-diamanten-karat-001","status":"publish","type":"product","link":"https:\/\/www.fabioferro.eu\/de\/paar-polello-eheringe-aus-weiss-und-rosegold-der-kollektion-insieme-mit-brillantschliff-diamanten-karat-001.html","title":{"rendered":"Paar Polello Wei\u00df- und Ros\u00e9gold Trauringe Together Kollektion mit Diamant"},"content":{"rendered":"<p>Paar Trauringe Polello zweifarbige Insieme Kollektion in Wei\u00df- und Ros\u00e9gold mit Diamant. Das Produkt wurde in Italien hergestellt. Hergestellt aus poliertem 750\/1000er Wei\u00df- und Ros\u00e9gold. Das charakteristische Merkmal der Polello-Trauringe ist ihr fester Sitz, der dank der abgerundeten Absicht ein wirklich bequemes Gleiten erm\u00f6glicht. Der Ehering der Braut ist mit einem Diamanten im Brillantschliff von insgesamt 0,01 Karat besetzt. Das Trauringpaar besteht aus einem Ehering f\u00fcr die Frau mit einem Diamanten und einem Ehering f\u00fcr den Mann ohne Diamanten. Auf Anfrage ist das Trauringpaar auch ohne Diamant erh\u00e4ltlich. Die Lasergravur (Name und Datum) auf der Innenseite ist kostenlos. Das Paar Eheringe wird von einer eleganten, personalisierten Polello-Schachtel mit einem Garantie- und Echtheitszertifikat begleitet.<\/p>\n","protected":false},"excerpt":{"rendered":"<p>Paar Trauringe der Kollektion Polello Insieme aus Wei\u00df- und Ros\u00e9gold mit Brillantschliff.<\/p>\n","protected":false},"featured_media":120797,"comment_status":"open","ping_status":"closed","template":"","meta":[],"product_brand":[198],"product_cat":[6376],"product_tag":[],"class_list":{"0":"post-120785","1":"product","2":"type-product","3":"status-publish","4":"has-post-thumbnail","6":"product_brand-polello","7":"product_cat-trauringe-und-trauringe-nach-mas","9":"first","10":"instock","11":"taxable","12":"shipping-taxable","13":"product-type-simple"},"exclude_global_add_ons":[],"addons":[],"df_price":"","df_sale_price":"","df_regular_price":"","df_image_link":"https:\/\/cdn02.fabioferro.eu\/wp-content\/uploads\/virtuemart\/product\/fedi_polello_nuziali_abbraccio_in_oroi_bianco_e_rosa_2700__1596794372_770.jpg","_links":{"self":[{"href":"https:\/\/www.fabioferro.eu\/de\/wp-json\/wp\/v2\/product\/120785","targetHints":{"allow":["GET"]}}],"collection":[{"href":"https:\/\/www.fabioferro.eu\/de\/wp-json\/wp\/v2\/product"}],"about":[{"href":"https:\/\/www.fabioferro.eu\/de\/wp-json\/wp\/v2\/types\/product"}],"replies":[{"embeddable":true,"href":"https:\/\/www.fabioferro.eu\/de\/wp-json\/wp\/v2\/comments?post=120785"}],"version-history":[{"count":0,"href":"https:\/\/www.fabioferro.eu\/de\/wp-json\/wp\/v2\/product\/120785\/revisions"}],"wp:featuredmedia":[{"embeddable":true,"href":"https:\/\/www.fabioferro.eu\/de\/wp-json\/wp\/v2\/media\/120797"}],"wp:attachment":[{"href":"https:\/\/www.fabioferro.eu\/de\/wp-json\/wp\/v2\/media?parent=120785"}],"wp:term":[{"taxonomy":"product_brand","embeddable":true,"href":"https:\/\/www.fabioferro.eu\/de\/wp-json\/wp\/v2\/product_brand?post=120785"},{"taxonomy":"product_cat","embeddable":true,"href":"https:\/\/www.fabioferro.eu\/de\/wp-json\/wp\/v2\/product_cat?post=120785"},{"taxonomy":"product_tag","embeddable":true,"href":"https:\/\/www.fabioferro.eu\/de\/wp-json\/wp\/v2\/product_tag?post=120785"}],"curies":[{"name":"wp","href":"https:\/\/api.w.org\/{rel}","templated":true}]}}