{"id":120786,"date":"2022-06-01T19:17:54","date_gmt":"2022-06-01T17:17:54","guid":{"rendered":"https:\/\/www.fabioferro.eu\/fabio-ferro-weissgold-verlobungsring-mit-diamant-070-karat.html"},"modified":"2026-02-18T18:40:06","modified_gmt":"2026-02-18T17:40:06","slug":"fabio-ferro-weissgold-verlobungsring-mit-diamant-070-karat","status":"publish","type":"product","link":"https:\/\/www.fabioferro.eu\/de\/fabio-ferro-weissgold-verlobungsring-mit-diamant-070-karat.html","title":{"rendered":"Fabio Ferro Wei\u00dfgold Verlobungsring mit Diamant 0,70 Karat"},"content":{"rendered":"<div class=\"description\">\n<div class=\"description\">\n<div class=\"description\">\n<p>Von Hand gefertigter und personalisierter Verlobungsring aus 18 Karat Wei\u00dfgold. Das Gesamtgewicht des Schmuckst\u00fccks betr\u00e4gt ca. 3,5 g. Der Solit\u00e4rdiamant mit Brillantschliff wiegt 0,70 Karat und zeichnet sich durch eine Farbe von H und einen Reinheitsgrad von SI1 aus. Wei\u00dfgoldfassung mit 4 abgerundeten Spitzen.<\/p>\n<p>Die tats\u00e4chlichen Merkmale des Schmuckst\u00fccks entnehmen Sie bitte der Beschreibung, das Foto dient nur zur Veranschaulichung. Das Schmuckst\u00fcck wird von einem Garantie- und Echtheitszertifikat sowie einem eleganten, personalisierten Etui von Fabio Ferro i Gioielli begleitet.<\/p>\n<p>&nbsp;<\/p>\n<\/div>\n<p><img decoding=\"async\" class=\"alignnone size-full wp-image-68675\" src=\"https:\/\/cdn02.fabioferro.eu\/wp-content\/uploads\/IGI-4cs-chart-IT-scaled.jpg\" alt=\"\" width=\"1864\" height=\"2560\" title=\"\" srcset=\"https:\/\/cdn02.fabioferro.eu\/wp-content\/uploads\/IGI-4cs-chart-IT-scaled.jpg 1864w, https:\/\/cdn02.fabioferro.eu\/wp-content\/uploads\/IGI-4cs-chart-IT-768x1055.jpg 768w, https:\/\/cdn02.fabioferro.eu\/wp-content\/uploads\/IGI-4cs-chart-IT-1119x1536.jpg 1119w, https:\/\/cdn02.fabioferro.eu\/wp-content\/uploads\/IGI-4cs-chart-IT-1491x2048.jpg 1491w, https:\/\/cdn02.fabioferro.eu\/wp-content\/uploads\/IGI-4cs-chart-IT-990x1359.jpg 990w, https:\/\/cdn02.fabioferro.eu\/wp-content\/uploads\/IGI-4cs-chart-IT-441x606.jpg 441w, https:\/\/cdn02.fabioferro.eu\/wp-content\/uploads\/IGI-4cs-chart-IT-600x824.jpg 600w, https:\/\/cdn02.fabioferro.eu\/wp-content\/uploads\/IGI-4cs-chart-IT-150x206.jpg 150w\" sizes=\"(max-width: 1864px) 100vw, 1864px\" \/><\/p>\n<\/div>\n<\/div>\n","protected":false},"excerpt":{"rendered":"<p>Eine Verstrickung, die durch den Wunsch nach Umarmung und den Wunsch nach Liebe entsteht.<\/p>\n","protected":false},"featured_media":117430,"comment_status":"open","ping_status":"closed","template":"","meta":[],"product_brand":[152],"product_cat":[6021],"product_tag":[],"class_list":{"0":"post-120786","1":"product","2":"type-product","3":"status-publish","4":"has-post-thumbnail","6":"product_brand-fabio-ferro-i-gioielli","7":"product_cat-verlobungsringe","9":"first","10":"instock","11":"sale","12":"taxable","13":"shipping-taxable","14":"purchasable","15":"product-type-variable","16":"has-default-attributes"},"exclude_global_add_ons":[],"addons":[],"df_price":4380,"df_sale_price":"","df_regular_price":4380,"df_image_link":"https:\/\/cdn02.fabioferro.eu\/wp-content\/uploads\/anello-solitario-fabio-ferro-da-fidanzamento-ff121021-2-1.jpg","_links":{"self":[{"href":"https:\/\/www.fabioferro.eu\/de\/wp-json\/wp\/v2\/product\/120786","targetHints":{"allow":["GET"]}}],"collection":[{"href":"https:\/\/www.fabioferro.eu\/de\/wp-json\/wp\/v2\/product"}],"about":[{"href":"https:\/\/www.fabioferro.eu\/de\/wp-json\/wp\/v2\/types\/product"}],"replies":[{"embeddable":true,"href":"https:\/\/www.fabioferro.eu\/de\/wp-json\/wp\/v2\/comments?post=120786"}],"version-history":[{"count":0,"href":"https:\/\/www.fabioferro.eu\/de\/wp-json\/wp\/v2\/product\/120786\/revisions"}],"wp:featuredmedia":[{"embeddable":true,"href":"https:\/\/www.fabioferro.eu\/de\/wp-json\/wp\/v2\/media\/117430"}],"wp:attachment":[{"href":"https:\/\/www.fabioferro.eu\/de\/wp-json\/wp\/v2\/media?parent=120786"}],"wp:term":[{"taxonomy":"product_brand","embeddable":true,"href":"https:\/\/www.fabioferro.eu\/de\/wp-json\/wp\/v2\/product_brand?post=120786"},{"taxonomy":"product_cat","embeddable":true,"href":"https:\/\/www.fabioferro.eu\/de\/wp-json\/wp\/v2\/product_cat?post=120786"},{"taxonomy":"product_tag","embeddable":true,"href":"https:\/\/www.fabioferro.eu\/de\/wp-json\/wp\/v2\/product_tag?post=120786"}],"curies":[{"name":"wp","href":"https:\/\/api.w.org\/{rel}","templated":true}]}}