{"id":120788,"date":"2022-06-01T19:18:40","date_gmt":"2022-06-01T17:18:40","guid":{"rendered":"https:\/\/www.fabioferro.eu\/paar-polello-weissgold-trauringe-cuori-kollektion-mit-diamant-pave-brillantschliff-karat-006.html"},"modified":"2024-09-18T17:24:08","modified_gmt":"2024-09-18T15:24:08","slug":"paar-polello-weissgold-trauringe-cuori-kollektion-mit-diamant-pave-brillantschliff-karat-006","status":"publish","type":"product","link":"https:\/\/www.fabioferro.eu\/de\/paar-polello-weissgold-trauringe-cuori-kollektion-mit-diamant-pave-brillantschliff-karat-006.html","title":{"rendered":"Paar Polello Wei\u00dfgold Trauringe Cuori Collection mit Diamanten"},"content":{"rendered":"<div class=\"description\">  Paar Trauringe aus der Kollektion Polello Cuori aus Wei\u00dfgold, mit Diamanten besetzt. Das Produkt wurde in Italien hergestellt. Hergestellt aus poliertem 750\/1000er Wei\u00dfgold mit einem Pav\u00e8 aus herzf\u00f6rmigen Diamanten. Das charakteristische Merkmal der Polello-Trauringe ist die bequeme Passform, die dank der inneren Rundung eine wirklich einzigartige Passform bietet. Der Ehering der Braut ist mit Diamanten von insgesamt 0,06 Karat besetzt. Farbe G und Reinheit VS1. Das Eheringpaar besteht aus einem Ehering f\u00fcr die Frau mit Diamanten und einem Ehering f\u00fcr den Mann ohne Diamanten. Auf Anfrage ist das Trauringpaar auch ohne Diamanten erh\u00e4ltlich. Die Lasergravur (Name und Datum) auf der Innenseite ist kostenlos. Das Paar Eheringe wird von einer eleganten, personalisierten Polello-Box und einem entsprechenden Echtheitszertifikat begleitet.  <\/div>\n","protected":false},"excerpt":{"rendered":"<p>Paar Trauringe aus der Cuori-Kollektion von Polello aus Wei\u00dfgold, herzf\u00f6rmig und mit Brillanten von insgesamt 0,06 Karat besetzt.<\/p>\n","protected":false},"featured_media":120794,"comment_status":"open","ping_status":"closed","template":"","meta":[],"product_brand":[198],"product_cat":[6376],"product_tag":[],"class_list":{"0":"post-120788","1":"product","2":"type-product","3":"status-publish","4":"has-post-thumbnail","6":"product_brand-polello","7":"product_cat-trauringe-und-trauringe-nach-mas","9":"first","10":"instock","11":"taxable","12":"shipping-taxable","13":"product-type-simple"},"exclude_global_add_ons":[],"addons":[],"df_price":"","df_sale_price":"","df_regular_price":"","df_image_link":"https:\/\/cdn02.fabioferro.eu\/wp-content\/uploads\/virtuemart\/product\/coppia_fedi_polello_in_oro_bianco_con_cuori_e_diamanti_2889__1596875971_343.jpg","_links":{"self":[{"href":"https:\/\/www.fabioferro.eu\/de\/wp-json\/wp\/v2\/product\/120788","targetHints":{"allow":["GET"]}}],"collection":[{"href":"https:\/\/www.fabioferro.eu\/de\/wp-json\/wp\/v2\/product"}],"about":[{"href":"https:\/\/www.fabioferro.eu\/de\/wp-json\/wp\/v2\/types\/product"}],"replies":[{"embeddable":true,"href":"https:\/\/www.fabioferro.eu\/de\/wp-json\/wp\/v2\/comments?post=120788"}],"version-history":[{"count":0,"href":"https:\/\/www.fabioferro.eu\/de\/wp-json\/wp\/v2\/product\/120788\/revisions"}],"wp:featuredmedia":[{"embeddable":true,"href":"https:\/\/www.fabioferro.eu\/de\/wp-json\/wp\/v2\/media\/120794"}],"wp:attachment":[{"href":"https:\/\/www.fabioferro.eu\/de\/wp-json\/wp\/v2\/media?parent=120788"}],"wp:term":[{"taxonomy":"product_brand","embeddable":true,"href":"https:\/\/www.fabioferro.eu\/de\/wp-json\/wp\/v2\/product_brand?post=120788"},{"taxonomy":"product_cat","embeddable":true,"href":"https:\/\/www.fabioferro.eu\/de\/wp-json\/wp\/v2\/product_cat?post=120788"},{"taxonomy":"product_tag","embeddable":true,"href":"https:\/\/www.fabioferro.eu\/de\/wp-json\/wp\/v2\/product_tag?post=120788"}],"curies":[{"name":"wp","href":"https:\/\/api.w.org\/{rel}","templated":true}]}}