{"id":120789,"date":"2022-06-01T19:14:51","date_gmt":"2022-06-01T17:14:51","guid":{"rendered":"https:\/\/www.fabioferro.eu\/paar-polello-fiocco-eheringe-aus-weiss-und-rosegold-mit-diamant-im-brillantschliff-004-karat.html"},"modified":"2024-09-18T17:24:15","modified_gmt":"2024-09-18T15:24:15","slug":"paar-polello-fiocco-eheringe-aus-weiss-und-rosegold-mit-diamant-im-brillantschliff-004-karat","status":"publish","type":"product","link":"https:\/\/www.fabioferro.eu\/de\/paar-polello-fiocco-eheringe-aus-weiss-und-rosegold-mit-diamant-im-brillantschliff-004-karat.html","title":{"rendered":"Paar Polello Fiocco Eheringe aus Wei\u00df- und Ros\u00e9gold mit Diamant"},"content":{"rendered":"<div class=\"description\">\n<div class=\"description\">\n<div class=\"description\">\n<div class=\"description\">\n<div class=\"description\">\n<div class=\"description\">\n<div class=\"description\">  Paar Polello Trauringe neue Kollektion in 750\/1000 Wei\u00df- und Ros\u00e9gold. Originalprodukt Made in Italy. Das Trauringpaar ist aus poliertem Wei\u00df- und Ros\u00e9gold gefertigt. Das charakteristische Merkmal der Polello-Trauringe ist die Passform, die einen einzigartigen Tragekomfort bietet. Die Rundung des Innenraums sorgt f\u00fcr eine unvergleichliche Geschmeidigkeit und Passform. Der Ehering der Braut ist mit einem Brillanten von 0,04 Karat geschm\u00fcckt. Farbe G und Reinheit VS1. Das Paar Eheringe kann so bestellt werden, wie es vorgeschlagen wird, d.h. der Ring des Br\u00e4utigams ohne Diamanten und der Ring der Braut mit Diamanten, oder beide Ringe ohne Diamanten oder als letzte Option beide Ringe mit Diamanten. Interne Lasergravuren sind kostenlos. Das Paar Eheringe wird mit einer eleganten, personalisierten Polello-Box und einem entsprechenden Echtheitszertifikat geliefert.  <\/div>\n<\/div>\n<\/div>\n<\/div>\n<\/div>\n<\/div>\n<\/div>\n","protected":false},"excerpt":{"rendered":"<p>Die Trauringe, die Sie f\u00fcr den Rest Ihres Lebens als Paar begleiten werden, werden von Hand f\u00fcr Sie angefertigt.<\/p>\n","protected":false},"featured_media":120808,"comment_status":"open","ping_status":"closed","template":"","meta":[],"product_brand":[198],"product_cat":[6376],"product_tag":[],"class_list":{"0":"post-120789","1":"product","2":"type-product","3":"status-publish","4":"has-post-thumbnail","6":"product_brand-polello","7":"product_cat-trauringe-und-trauringe-nach-mas","9":"first","10":"instock","11":"taxable","12":"shipping-taxable","13":"product-type-simple"},"exclude_global_add_ons":[],"addons":[],"df_price":"","df_sale_price":"","df_regular_price":"","df_image_link":"https:\/\/cdn02.fabioferro.eu\/wp-content\/uploads\/virtuemart\/product\/anelli_polello_in_oro_bianco_e_rosa_con_diamanti_3070__1596897932_854.jpg","_links":{"self":[{"href":"https:\/\/www.fabioferro.eu\/de\/wp-json\/wp\/v2\/product\/120789","targetHints":{"allow":["GET"]}}],"collection":[{"href":"https:\/\/www.fabioferro.eu\/de\/wp-json\/wp\/v2\/product"}],"about":[{"href":"https:\/\/www.fabioferro.eu\/de\/wp-json\/wp\/v2\/types\/product"}],"replies":[{"embeddable":true,"href":"https:\/\/www.fabioferro.eu\/de\/wp-json\/wp\/v2\/comments?post=120789"}],"version-history":[{"count":0,"href":"https:\/\/www.fabioferro.eu\/de\/wp-json\/wp\/v2\/product\/120789\/revisions"}],"wp:featuredmedia":[{"embeddable":true,"href":"https:\/\/www.fabioferro.eu\/de\/wp-json\/wp\/v2\/media\/120808"}],"wp:attachment":[{"href":"https:\/\/www.fabioferro.eu\/de\/wp-json\/wp\/v2\/media?parent=120789"}],"wp:term":[{"taxonomy":"product_brand","embeddable":true,"href":"https:\/\/www.fabioferro.eu\/de\/wp-json\/wp\/v2\/product_brand?post=120789"},{"taxonomy":"product_cat","embeddable":true,"href":"https:\/\/www.fabioferro.eu\/de\/wp-json\/wp\/v2\/product_cat?post=120789"},{"taxonomy":"product_tag","embeddable":true,"href":"https:\/\/www.fabioferro.eu\/de\/wp-json\/wp\/v2\/product_tag?post=120789"}],"curies":[{"name":"wp","href":"https:\/\/api.w.org\/{rel}","templated":true}]}}