{"id":120814,"date":"2022-06-01T19:15:38","date_gmt":"2022-06-01T17:15:38","guid":{"rendered":"https:\/\/www.fabioferro.eu\/tamashii-original-tibetisches-armband-mit-amarena-roter-und-gruener-jade.html"},"modified":"2024-09-18T16:42:12","modified_gmt":"2024-09-18T14:42:12","slug":"tamashii-original-tibetisches-armband-mit-amarena-roter-und-gruener-jade","status":"publish","type":"product","link":"https:\/\/www.fabioferro.eu\/de\/tamashii-original-tibetisches-armband-mit-amarena-roter-und-gruener-jade.html","title":{"rendered":"Tamashii Original tibetisches Armband mit Amarena roter und gr\u00fcner Jade"},"content":{"rendered":"<div class=\"description\">\n<div class=\"description\">\n<div class=\"description\">\n<div class=\"description\">  Tamashii-Produkte, die mit <b>nat\u00fcrlichen Steinen\/Perlen<\/b> handgefertigt werden, k\u00f6nnen Farbt\u00f6ne aufweisen, die leicht von den Fotos abweichen. Original tibetisches Tamashii Unisex-Armband mit roter und gr\u00fcner Amarena-Jade. Schwarzer Kirschachat ist ein seltener und sch\u00f6ner Stein mit mehr oder weniger dunkelroten\/violetten Farbt\u00f6nen. Die Steine sind oft von mehr oder weniger intensiven gr\u00fcnen Adern begleitet. Aufgrund seiner polychromen Eigenschaften kann dieses sch\u00f6ne Armband mit Violett oder Gr\u00fcn gleichgesetzt werden, je nachdem, welche Farbe \u00fcberwiegt. In diesem speziellen Fall ist die vorherrschende Farbe Gr\u00fcn.  &nbsp;<\/p>\n<div class=\"description\">  Das Armband ist mit 12 schwarzen Kirschen und gr\u00fcnen Jadekugeln mit einem Durchmesser von 8,00 mm best\u00fcckt und handgekn\u00fcpft. Die Gesamtl\u00e4nge des Armbands betr\u00e4gt 24,00 cm, aber es kann auch bis zu 18,00 cm getragen werden. Was dieses Juwel einzigartig macht, ist die Tatsache, dass es von tibetischen M\u00f6nchen hergestellt und gesegnet wird. Neues Produkt in Originalverpackung mit Tamashii-Echtheitsgarantie. Ich stelle eine Quittung und\/oder Rechnung aus. <\/div>\n<\/div>\n<\/div>\n<\/div>\n<\/div>\n","protected":false},"excerpt":{"rendered":"<p>Original tibetisches Tamashii-Armband mit schwarzer, kirschroter und gr\u00fcner Jade<\/p>\n","protected":false},"featured_media":120822,"comment_status":"open","ping_status":"closed","template":"","meta":[],"product_brand":[199],"product_cat":[6318],"product_tag":[],"class_list":{"0":"post-120814","1":"product","2":"type-product","3":"status-publish","4":"has-post-thumbnail","6":"product_brand-tamashii","7":"product_cat-tamashii","9":"first","10":"instock","11":"taxable","12":"shipping-taxable","13":"purchasable","14":"product-type-simple"},"exclude_global_add_ons":[],"addons":[],"df_price":42,"df_sale_price":"","df_regular_price":42,"df_image_link":"https:\/\/cdn02.fabioferro.eu\/wp-content\/uploads\/virtuemart\/product\/tamashii-bracciale-giada-amarena-verde-BHS900-157.jpg","_links":{"self":[{"href":"https:\/\/www.fabioferro.eu\/de\/wp-json\/wp\/v2\/product\/120814","targetHints":{"allow":["GET"]}}],"collection":[{"href":"https:\/\/www.fabioferro.eu\/de\/wp-json\/wp\/v2\/product"}],"about":[{"href":"https:\/\/www.fabioferro.eu\/de\/wp-json\/wp\/v2\/types\/product"}],"replies":[{"embeddable":true,"href":"https:\/\/www.fabioferro.eu\/de\/wp-json\/wp\/v2\/comments?post=120814"}],"version-history":[{"count":0,"href":"https:\/\/www.fabioferro.eu\/de\/wp-json\/wp\/v2\/product\/120814\/revisions"}],"wp:featuredmedia":[{"embeddable":true,"href":"https:\/\/www.fabioferro.eu\/de\/wp-json\/wp\/v2\/media\/120822"}],"wp:attachment":[{"href":"https:\/\/www.fabioferro.eu\/de\/wp-json\/wp\/v2\/media?parent=120814"}],"wp:term":[{"taxonomy":"product_brand","embeddable":true,"href":"https:\/\/www.fabioferro.eu\/de\/wp-json\/wp\/v2\/product_brand?post=120814"},{"taxonomy":"product_cat","embeddable":true,"href":"https:\/\/www.fabioferro.eu\/de\/wp-json\/wp\/v2\/product_cat?post=120814"},{"taxonomy":"product_tag","embeddable":true,"href":"https:\/\/www.fabioferro.eu\/de\/wp-json\/wp\/v2\/product_tag?post=120814"}],"curies":[{"name":"wp","href":"https:\/\/api.w.org\/{rel}","templated":true}]}}