{"id":120816,"date":"2022-06-01T19:14:48","date_gmt":"2022-06-01T17:14:48","guid":{"rendered":"https:\/\/www.fabioferro.eu\/paar-polello-weiss-und-rosegold-trauringe-mit-brillantschliff-diamant-karat-003-found-love-kollektion.html"},"modified":"2024-09-18T17:24:17","modified_gmt":"2024-09-18T15:24:17","slug":"paar-polello-weiss-und-rosegold-trauringe-mit-brillantschliff-diamant-karat-003-found-love-kollektion","status":"publish","type":"product","link":"https:\/\/www.fabioferro.eu\/de\/paar-polello-weiss-und-rosegold-trauringe-mit-brillantschliff-diamant-karat-003-found-love-kollektion.html","title":{"rendered":"Paar Polello Intreccio Diamant-Trauringe aus Wei\u00df- und Ros\u00e9gold"},"content":{"rendered":"<div class=\"description\">\n<div class=\"description\">\n<div class=\"description\">\n<div class=\"description\">  Paar neue Trauringe Polello Collezione l&#8217;Amore Trovato zweifarbig wei\u00df und rosa Kollektion mit Diamant. Ausschlie\u00dflich in Italien hergestelltes Produkt. Eine Verbindung zweier Farben aus poliertem 750\/1000er Wei\u00df- und Ros\u00e9gold mit einem als Solit\u00e4r gefassten Diamanten. Polello-Trauringe werden auch wegen ihrer charakteristischen Passform gesch\u00e4tzt, die durch die Abrundung der Innen- und Au\u00dfenseite des Rings erreicht wird, was das Tragen angenehm und bequem macht. Der Ehering der Braut ist mit einem Diamanten im Brillantschliff von insgesamt 0,03 Karat besetzt. Farbe G und Reinheit VS1. Das Paar Eheringe kann wie vorgeschlagen, oder beide Ringe ohne Diamant oder beide mit einem Diamanten haben. Lasergravuren im Inneren der Eheringe sind kostenlos. Das Paar Eheringe wird immer von einer eleganten Polello-Box mit Echtheitszertifikat begleitet.  <\/div>\n<\/div>\n<\/div>\n<\/div>\n","protected":false},"excerpt":{"rendered":"<p>Paar Trauringe Polello neue intreccio Kollektion in Wei\u00df- und Ros\u00e9gold mit Brillant.<\/p>\n","protected":false},"featured_media":120828,"comment_status":"open","ping_status":"closed","template":"","meta":[],"product_brand":[198],"product_cat":[6376],"product_tag":[],"class_list":{"0":"post-120816","1":"product","2":"type-product","3":"status-publish","4":"has-post-thumbnail","6":"product_brand-polello","7":"product_cat-trauringe-und-trauringe-nach-mas","9":"first","10":"instock","11":"taxable","12":"shipping-taxable","13":"product-type-simple"},"exclude_global_add_ons":[],"addons":[],"df_price":"","df_sale_price":"","df_regular_price":"","df_image_link":"https:\/\/cdn02.fabioferro.eu\/wp-content\/uploads\/virtuemart\/product\/coppia_fedi_polello_filo_intrecciato_in_oro_rosa_e_bianco_3071__1596898247_200.jpg","_links":{"self":[{"href":"https:\/\/www.fabioferro.eu\/de\/wp-json\/wp\/v2\/product\/120816","targetHints":{"allow":["GET"]}}],"collection":[{"href":"https:\/\/www.fabioferro.eu\/de\/wp-json\/wp\/v2\/product"}],"about":[{"href":"https:\/\/www.fabioferro.eu\/de\/wp-json\/wp\/v2\/types\/product"}],"replies":[{"embeddable":true,"href":"https:\/\/www.fabioferro.eu\/de\/wp-json\/wp\/v2\/comments?post=120816"}],"version-history":[{"count":0,"href":"https:\/\/www.fabioferro.eu\/de\/wp-json\/wp\/v2\/product\/120816\/revisions"}],"wp:featuredmedia":[{"embeddable":true,"href":"https:\/\/www.fabioferro.eu\/de\/wp-json\/wp\/v2\/media\/120828"}],"wp:attachment":[{"href":"https:\/\/www.fabioferro.eu\/de\/wp-json\/wp\/v2\/media?parent=120816"}],"wp:term":[{"taxonomy":"product_brand","embeddable":true,"href":"https:\/\/www.fabioferro.eu\/de\/wp-json\/wp\/v2\/product_brand?post=120816"},{"taxonomy":"product_cat","embeddable":true,"href":"https:\/\/www.fabioferro.eu\/de\/wp-json\/wp\/v2\/product_cat?post=120816"},{"taxonomy":"product_tag","embeddable":true,"href":"https:\/\/www.fabioferro.eu\/de\/wp-json\/wp\/v2\/product_tag?post=120816"}],"curies":[{"name":"wp","href":"https:\/\/api.w.org\/{rel}","templated":true}]}}