{"id":120831,"date":"2022-06-01T19:18:39","date_gmt":"2022-06-01T17:18:39","guid":{"rendered":"https:\/\/www.fabioferro.eu\/paar-trauringe-aus-weissgold-polello-cuori-collection-mit-brillantschliff-diamant-karat-002-und-rose-gold-herz.html"},"modified":"2024-09-18T17:24:10","modified_gmt":"2024-09-18T15:24:10","slug":"paar-trauringe-aus-weissgold-polello-cuori-collection-mit-brillantschliff-diamant-karat-002-und-rose-gold-herz","status":"publish","type":"product","link":"https:\/\/www.fabioferro.eu\/de\/paar-trauringe-aus-weissgold-polello-cuori-collection-mit-brillantschliff-diamant-karat-002-und-rose-gold-herz.html","title":{"rendered":"Paar Polello Wei\u00dfgold Trauringe Cuori Kollektion mit Diamant und Rose Gold Herz"},"content":{"rendered":"<p>Paar Trauringe aus der Kollektion Polello Cuori aus Wei\u00dfgold mit Brillantschliff. Das Produkt wurde in Italien hergestellt. Aus poliertem 750\/1000er Wei\u00dfgold mit einem Herz aus Ros\u00e9gold. Das charakteristische Merkmal der Polello-Trauringe ist der bequeme Sitz, der dank der abgerundeten Absicht eine wirklich einzigartige Geschmeidigkeit bietet. Der Ehering der Braut ist mit einem Diamanten im Brillantschliff von insgesamt 0,02 Karat besetzt. Farbe F und Reinheit VS1. Das Trauringpaar besteht aus einem Ehering f\u00fcr die Frau mit einem Diamanten und einem Ehering f\u00fcr den Mann ohne Diamanten. Auf Anfrage ist das Trauringpaar auch ohne Diamant erh\u00e4ltlich. Die Lasergravur (Name und Datum) auf der Innenseite ist kostenlos. Das Paar Eheringe wird von einer eleganten, personalisierten Polello-Box mit Echtheitszertifikat begleitet.<\/p>\n","protected":false},"excerpt":{"rendered":"<p>Paar Polello Trauringe aus Wei\u00dfgold Cuori Kollektion mit Herz aus Ros\u00e9gold und Diamant<\/p>\n","protected":false},"featured_media":120844,"comment_status":"open","ping_status":"closed","template":"","meta":[],"product_brand":[198],"product_cat":[6376],"product_tag":[],"class_list":{"0":"post-120831","1":"product","2":"type-product","3":"status-publish","4":"has-post-thumbnail","6":"product_brand-polello","7":"product_cat-trauringe-und-trauringe-nach-mas","9":"first","10":"instock","11":"taxable","12":"shipping-taxable","13":"product-type-simple"},"exclude_global_add_ons":[],"addons":[],"df_price":"","df_sale_price":"","df_regular_price":"","df_image_link":"https:\/\/cdn02.fabioferro.eu\/wp-content\/uploads\/virtuemart\/product\/fedi_nuziali_polello_collezione_cuori_oro_bianco__jpg2835_bis__1___1596811568_787.jpg","_links":{"self":[{"href":"https:\/\/www.fabioferro.eu\/de\/wp-json\/wp\/v2\/product\/120831","targetHints":{"allow":["GET"]}}],"collection":[{"href":"https:\/\/www.fabioferro.eu\/de\/wp-json\/wp\/v2\/product"}],"about":[{"href":"https:\/\/www.fabioferro.eu\/de\/wp-json\/wp\/v2\/types\/product"}],"replies":[{"embeddable":true,"href":"https:\/\/www.fabioferro.eu\/de\/wp-json\/wp\/v2\/comments?post=120831"}],"version-history":[{"count":0,"href":"https:\/\/www.fabioferro.eu\/de\/wp-json\/wp\/v2\/product\/120831\/revisions"}],"wp:featuredmedia":[{"embeddable":true,"href":"https:\/\/www.fabioferro.eu\/de\/wp-json\/wp\/v2\/media\/120844"}],"wp:attachment":[{"href":"https:\/\/www.fabioferro.eu\/de\/wp-json\/wp\/v2\/media?parent=120831"}],"wp:term":[{"taxonomy":"product_brand","embeddable":true,"href":"https:\/\/www.fabioferro.eu\/de\/wp-json\/wp\/v2\/product_brand?post=120831"},{"taxonomy":"product_cat","embeddable":true,"href":"https:\/\/www.fabioferro.eu\/de\/wp-json\/wp\/v2\/product_cat?post=120831"},{"taxonomy":"product_tag","embeddable":true,"href":"https:\/\/www.fabioferro.eu\/de\/wp-json\/wp\/v2\/product_tag?post=120831"}],"curies":[{"name":"wp","href":"https:\/\/api.w.org\/{rel}","templated":true}]}}