{"id":120846,"date":"2022-06-01T19:18:41","date_gmt":"2022-06-01T17:18:41","guid":{"rendered":"https:\/\/www.fabioferro.eu\/paar-polello-weiss-und-rosegold-trauringe-mit-brillantschliff-diamant-karat-001-und-unendlichkeitssymbol.html"},"modified":"2025-06-06T16:22:59","modified_gmt":"2025-06-06T14:22:59","slug":"paar-polello-weiss-und-rosegold-trauringe-mit-brillantschliff-diamant-karat-001-und-unendlichkeitssymbol","status":"publish","type":"product","link":"https:\/\/www.fabioferro.eu\/de\/paar-polello-weiss-und-rosegold-trauringe-mit-brillantschliff-diamant-karat-001-und-unendlichkeitssymbol.html","title":{"rendered":"Paar Polello Trauringe aus Wei\u00df- und Ros\u00e9gold mit Diamant und Unendlichkeitssymbol"},"content":{"rendered":"<p>Paar Polello-Kohabitationsringe aus zweifarbigem Wei\u00df- und Rotgold 750\/1000 mit Brillant. Das Produkt wurde in Italien hergestellt. Eine Verbindung von zwei Farben, au\u00dfen wei\u00df und innen rosa, mit einem Diamanten besetzt. Beide Ringe tragen das Unendlichkeitssymbol in Ros\u00e9gold, gepr\u00e4gt f\u00fcr ihn und hohl f\u00fcr sie. Der Ehering der Frau ist mit einem Diamanten im Brillantschliff von insgesamt 0,01 Karat besetzt. Das Eheringspaar besteht aus einem Ehering der Frau mit Diamanten und einem Ehering des Mannes ohne Diamanten. Auf Anfrage ist das Trauringpaar auch ohne Diamanten erh\u00e4ltlich. Auch in diesem Fall sind alle internen Lasergravuren (Namen und Datum) kostenlos. Das Paar Eheringe wird mit einer eleganten, personalisierten Polello-Box und einem entsprechenden Echtheitszertifikat geliefert.<\/p>\n","protected":false},"excerpt":{"rendered":"<p>Paar Trauringe aus Wei\u00df- und Ros\u00e9gold von Polello mit Brillant und Unendlichkeitssymbol.<\/p>\n","protected":false},"featured_media":120861,"comment_status":"open","ping_status":"closed","template":"","meta":[],"product_brand":[198],"product_cat":[6376],"product_tag":[],"class_list":{"0":"post-120846","1":"product","2":"type-product","3":"status-publish","4":"has-post-thumbnail","6":"product_brand-polello","7":"product_cat-trauringe-und-trauringe-nach-mas","9":"first","10":"instock","11":"taxable","12":"shipping-taxable","13":"product-type-simple"},"exclude_global_add_ons":[],"addons":[],"df_price":"","df_sale_price":"","df_regular_price":"","df_image_link":"https:\/\/cdn02.fabioferro.eu\/wp-content\/uploads\/virtuemart\/product\/coppia_fedi_polello_in_oro_convivenza_2710__1596794662_19.jpg","_links":{"self":[{"href":"https:\/\/www.fabioferro.eu\/de\/wp-json\/wp\/v2\/product\/120846","targetHints":{"allow":["GET"]}}],"collection":[{"href":"https:\/\/www.fabioferro.eu\/de\/wp-json\/wp\/v2\/product"}],"about":[{"href":"https:\/\/www.fabioferro.eu\/de\/wp-json\/wp\/v2\/types\/product"}],"replies":[{"embeddable":true,"href":"https:\/\/www.fabioferro.eu\/de\/wp-json\/wp\/v2\/comments?post=120846"}],"version-history":[{"count":0,"href":"https:\/\/www.fabioferro.eu\/de\/wp-json\/wp\/v2\/product\/120846\/revisions"}],"wp:featuredmedia":[{"embeddable":true,"href":"https:\/\/www.fabioferro.eu\/de\/wp-json\/wp\/v2\/media\/120861"}],"wp:attachment":[{"href":"https:\/\/www.fabioferro.eu\/de\/wp-json\/wp\/v2\/media?parent=120846"}],"wp:term":[{"taxonomy":"product_brand","embeddable":true,"href":"https:\/\/www.fabioferro.eu\/de\/wp-json\/wp\/v2\/product_brand?post=120846"},{"taxonomy":"product_cat","embeddable":true,"href":"https:\/\/www.fabioferro.eu\/de\/wp-json\/wp\/v2\/product_cat?post=120846"},{"taxonomy":"product_tag","embeddable":true,"href":"https:\/\/www.fabioferro.eu\/de\/wp-json\/wp\/v2\/product_tag?post=120846"}],"curies":[{"name":"wp","href":"https:\/\/api.w.org\/{rel}","templated":true}]}}