{"id":120850,"date":"2022-06-01T19:18:37","date_gmt":"2022-06-01T17:18:37","guid":{"rendered":"https:\/\/www.fabioferro.eu\/paar-polello-weissgold-trauringe-cuori-collection-mit-diamant-brillantschliff-karat-002.html"},"modified":"2024-09-18T17:24:11","modified_gmt":"2024-09-18T15:24:11","slug":"paar-polello-weissgold-trauringe-cuori-collection-mit-diamant-brillantschliff-karat-002","status":"publish","type":"product","link":"https:\/\/www.fabioferro.eu\/de\/paar-polello-weissgold-trauringe-cuori-collection-mit-diamant-brillantschliff-karat-002.html","title":{"rendered":"Paar Polello Wei\u00dfgold Trauringe Cuori Kollektion mit Diamant"},"content":{"rendered":"<p>Paar Polello Trauringe neue Cuori Kollektion in Wei\u00dfgold mit Brillant. Das Produkt wurde in Italien hergestellt. Aus poliertem 750\/1000er Wei\u00dfgold, mit einem Solit\u00e4r-Diamanten besetzt. Das charakteristische Merkmal der Polello-Trauringe ist die bequeme Passform, die dank der abgerundeten Absicht ein wirklich einzigartiges Tragegef\u00fchl vermittelt. Das Innere der Ringe stellt ein Herz aus Ros\u00e9gold mit eingraviertem Rand dar. Der Ehering der Braut ist mit einem Diamanten im Brillantschliff von insgesamt 0,02 Karat in einer herzf\u00f6rmigen L\u00fcnette besetzt. Farbe und Reinheit der Diamanten: G, VS1. Das Trauringpaar besteht aus einem Ehering f\u00fcr die Frau mit einem Diamanten und einem Ehering f\u00fcr den Mann ohne Diamanten. Auf Anfrage ist das Trauringpaar auch ohne Diamant erh\u00e4ltlich. Die Lasergravur (Name und Datum) auf der Innenseite ist kostenlos. Das Paar Eheringe wird von einer eleganten, personalisierten Polello-Box und einem entsprechenden Echtheitszertifikat begleitet.<\/p>\n","protected":false},"excerpt":{"rendered":"<p>Paar Trauringe aus der Kollektion Polello Cuori aus Wei\u00dfgold mit Brillantschliff.<\/p>\n","protected":false},"featured_media":120865,"comment_status":"open","ping_status":"closed","template":"","meta":[],"product_brand":[198],"product_cat":[6376],"product_tag":[],"class_list":{"0":"post-120850","1":"product","2":"type-product","3":"status-publish","4":"has-post-thumbnail","6":"product_brand-polello","7":"product_cat-trauringe-und-trauringe-nach-mas","9":"first","10":"instock","11":"taxable","12":"shipping-taxable","13":"product-type-simple"},"exclude_global_add_ons":[],"addons":[],"df_price":"","df_sale_price":"","df_regular_price":"","df_image_link":"https:\/\/cdn02.fabioferro.eu\/wp-content\/uploads\/virtuemart\/product\/fedi_nuziali_polello_oro_bianco_2834_con_diamante16__1___1596795186_499.jpg","_links":{"self":[{"href":"https:\/\/www.fabioferro.eu\/de\/wp-json\/wp\/v2\/product\/120850","targetHints":{"allow":["GET"]}}],"collection":[{"href":"https:\/\/www.fabioferro.eu\/de\/wp-json\/wp\/v2\/product"}],"about":[{"href":"https:\/\/www.fabioferro.eu\/de\/wp-json\/wp\/v2\/types\/product"}],"replies":[{"embeddable":true,"href":"https:\/\/www.fabioferro.eu\/de\/wp-json\/wp\/v2\/comments?post=120850"}],"version-history":[{"count":0,"href":"https:\/\/www.fabioferro.eu\/de\/wp-json\/wp\/v2\/product\/120850\/revisions"}],"wp:featuredmedia":[{"embeddable":true,"href":"https:\/\/www.fabioferro.eu\/de\/wp-json\/wp\/v2\/media\/120865"}],"wp:attachment":[{"href":"https:\/\/www.fabioferro.eu\/de\/wp-json\/wp\/v2\/media?parent=120850"}],"wp:term":[{"taxonomy":"product_brand","embeddable":true,"href":"https:\/\/www.fabioferro.eu\/de\/wp-json\/wp\/v2\/product_brand?post=120850"},{"taxonomy":"product_cat","embeddable":true,"href":"https:\/\/www.fabioferro.eu\/de\/wp-json\/wp\/v2\/product_cat?post=120850"},{"taxonomy":"product_tag","embeddable":true,"href":"https:\/\/www.fabioferro.eu\/de\/wp-json\/wp\/v2\/product_tag?post=120850"}],"curies":[{"name":"wp","href":"https:\/\/api.w.org\/{rel}","templated":true}]}}