{"id":120860,"date":"2022-06-01T19:15:45","date_gmt":"2022-06-01T17:15:45","guid":{"rendered":"https:\/\/www.fabioferro.eu\/tamashii-original-tibetischen-armband-mit-stein-kragen-blau.html"},"modified":"2026-01-25T17:17:20","modified_gmt":"2026-01-25T16:17:20","slug":"tamashii-original-tibetischen-armband-mit-stein-kragen-blau","status":"publish","type":"product","link":"https:\/\/www.fabioferro.eu\/de\/tamashii-original-tibetischen-armband-mit-stein-kragen-blau.html","title":{"rendered":"Tamashii Original tibetischen Armband mit Stein Kragen blau"},"content":{"rendered":"<p>Tamashii Produkte, die mit <b>nat\u00fcrlichen Steinen\/Perlen<\/b> handgefertigt werden, k\u00f6nnen Farbt\u00f6ne aufweisen, die leicht von den Fotos abweichen. Original tibetisches Tamashii-Armband mit Blausteinkragen.  &nbsp;  Der &#8216;Stone Collar&#8217; Stein ist eine echte Rarit\u00e4t. Aufgrund seiner besonderen Zusammensetzung ist es schwer zu finden. Im Altertum waren diese Steine wegen ihrer seltenen Sch\u00f6nheit sehr begehrt. Sie sind in einem beruhigenden Blauton gekleidet, einem Symbol f\u00fcr Gleichgewicht und Harmonie. Wenn Sie den Himmel suchen, werden Sie ihn in diesem Stein finden.  &nbsp;  Das Armband ist mit 12 Kugeln aus Blu Collar Stone mit einem Durchmesser von 8,00 mm besetzt und handgekn\u00fcpft. Die Gesamtl\u00e4nge des Armbands betr\u00e4gt 24,00 cm, aber es kann auch bis zu 18,00 cm getragen werden. Was dieses Schmuckst\u00fcck einzigartig macht, ist die Tatsache, dass es in Tibet handgefertigt und von tibetischen M\u00f6nchen gesegnet wurde. Jedes Tamashii-Armband enth\u00e4lt die Kalebasse, ein kleines Holzelement in Form eines mit Samen gef\u00fcllten K\u00fcrbisses, genannt Kamawatchi Calabash, das auf besondere Weise die Kontinuit\u00e4t des Lebens symbolisiert. Neues Produkt in Originalverpackung mit Tamashii-Echtheitsgarantie. Ich stelle eine Quittung und\/oder Rechnung aus. &nbsp;<\/p>\n","protected":false},"excerpt":{"rendered":"<p>Tamashii-Armband mit Blausteinkragen.<\/p>\n","protected":false},"featured_media":120868,"comment_status":"open","ping_status":"closed","template":"","meta":[],"product_brand":[199],"product_cat":[6318],"product_tag":[7442],"class_list":{"0":"post-120860","1":"product","2":"type-product","3":"status-publish","4":"has-post-thumbnail","6":"product_brand-tamashii","7":"product_cat-tamashii","8":"product_tag-verfugbar","10":"first","11":"outofstock","12":"taxable","13":"shipping-taxable","14":"purchasable","15":"product-type-simple"},"exclude_global_add_ons":[],"addons":[],"df_price":49,"df_sale_price":"","df_regular_price":49,"df_image_link":"https:\/\/cdn02.fabioferro.eu\/wp-content\/uploads\/virtuemart\/product\/tamashii-bracciale-con-pietra-stone-collar-blu-rara-BHS900-204.jpg","_links":{"self":[{"href":"https:\/\/www.fabioferro.eu\/de\/wp-json\/wp\/v2\/product\/120860","targetHints":{"allow":["GET"]}}],"collection":[{"href":"https:\/\/www.fabioferro.eu\/de\/wp-json\/wp\/v2\/product"}],"about":[{"href":"https:\/\/www.fabioferro.eu\/de\/wp-json\/wp\/v2\/types\/product"}],"replies":[{"embeddable":true,"href":"https:\/\/www.fabioferro.eu\/de\/wp-json\/wp\/v2\/comments?post=120860"}],"version-history":[{"count":0,"href":"https:\/\/www.fabioferro.eu\/de\/wp-json\/wp\/v2\/product\/120860\/revisions"}],"wp:featuredmedia":[{"embeddable":true,"href":"https:\/\/www.fabioferro.eu\/de\/wp-json\/wp\/v2\/media\/120868"}],"wp:attachment":[{"href":"https:\/\/www.fabioferro.eu\/de\/wp-json\/wp\/v2\/media?parent=120860"}],"wp:term":[{"taxonomy":"product_brand","embeddable":true,"href":"https:\/\/www.fabioferro.eu\/de\/wp-json\/wp\/v2\/product_brand?post=120860"},{"taxonomy":"product_cat","embeddable":true,"href":"https:\/\/www.fabioferro.eu\/de\/wp-json\/wp\/v2\/product_cat?post=120860"},{"taxonomy":"product_tag","embeddable":true,"href":"https:\/\/www.fabioferro.eu\/de\/wp-json\/wp\/v2\/product_tag?post=120860"}],"curies":[{"name":"wp","href":"https:\/\/api.w.org\/{rel}","templated":true}]}}