{"id":120864,"date":"2022-06-01T19:15:35","date_gmt":"2022-06-01T17:15:35","guid":{"rendered":"https:\/\/www.fabioferro.eu\/tamashii-original-tibetisches-doppeldraht-armband-mit-weissem-achat.html"},"modified":"2024-09-18T16:42:10","modified_gmt":"2024-09-18T14:42:10","slug":"tamashii-original-tibetisches-doppeldraht-armband-mit-weissem-achat","status":"publish","type":"product","link":"https:\/\/www.fabioferro.eu\/de\/tamashii-original-tibetisches-doppeldraht-armband-mit-weissem-achat.html","title":{"rendered":"Tamashii Original Tibetisches Doppeldraht-Armband mit wei\u00dfem Achat"},"content":{"rendered":"<div class=\"description\">\n<div class=\"description\">\n<div class=\"description\">\n<div class=\"description\">  Tamashii-Produkte, die mit <b>nat\u00fcrlichen Steinen\/Perlen<\/b> handgefertigt werden, k\u00f6nnen Farbt\u00f6ne aufweisen, die leicht von den Fotos abweichen. Original tibetisches Tamashii-Doppelarmband mit wei\u00dfen Achatsteinen. Der schwarze Jadestein ist einer der Steine mit den st\u00e4rksten und m\u00e4chtigsten Eigenschaften. Er gilt als der st\u00e4rkste Stein. In der Vergangenheit wurde es verwendet, um negative Energien abzuwehren und die spirituelle Integrit\u00e4t zu bewahren.  <\/p>\n<div class=\"description\">  Das Armband ist mit Zacken versehen und handgekn\u00fcpft und besteht aus nat\u00fcrlichen wei\u00dfen Achatkugeln mit einem Durchmesser von 6,00 mm. Die Gesamtl\u00e4nge des Armbands betr\u00e4gt 40,00 cm. Sie passt perfekt an alle Handgelenke, da sie sich um das Handgelenk wickelt. Jedes Tamashii-Armband enth\u00e4lt die Kalebasse, ein kleines Holzelement in Form eines mit Samen gef\u00fcllten K\u00fcrbisses, genannt Kamawatchi Calabash, das die Kontinuit\u00e4t des Lebens auf besondere Weise darstellt. Das Schmuckst\u00fcck wird mit der Originalverpackung und der Tamashii-Echtheitsgarantie geliefert. Ich stelle eine Quittung und\/oder Rechnung aus. <\/div>\n<\/div>\n<\/div>\n<\/div>\n<\/div>\n","protected":false},"excerpt":{"rendered":"<p>Tamashii-Produkte, die mit nat\u00fcrlichen Steinen\/Perlen handgefertigt werden, k\u00f6nnen Farbt\u00f6ne aufweisen, die leicht von den Fotos abweichen. Original tibetisches Tamashii-Doppelarmband mit wei\u00dfen Achatsteinen. Der schwarze Jadestein ist einer der Steine mit den st\u00e4rksten und m\u00e4chtigsten Eigenschaften. Er gilt als der st\u00e4rkste Stein. In der Vergangenheit wurde es verwendet, um negative Energien abzuwehren und die spirituelle Integrit\u00e4t [&hellip;]<\/p>\n","protected":false},"featured_media":120874,"comment_status":"open","ping_status":"closed","template":"","meta":[],"product_brand":[199],"product_cat":[6318],"product_tag":[],"class_list":{"0":"post-120864","1":"product","2":"type-product","3":"status-publish","4":"has-post-thumbnail","6":"product_brand-tamashii","7":"product_cat-tamashii","9":"first","10":"instock","11":"taxable","12":"shipping-taxable","13":"purchasable","14":"product-type-simple"},"exclude_global_add_ons":[],"addons":[],"df_price":55,"df_sale_price":"","df_regular_price":55,"df_image_link":"https:\/\/cdn02.fabioferro.eu\/wp-content\/uploads\/virtuemart\/product\/tamashii-bracciale-original-doppio-agata-bianaca-BHS600-14.jpg","_links":{"self":[{"href":"https:\/\/www.fabioferro.eu\/de\/wp-json\/wp\/v2\/product\/120864","targetHints":{"allow":["GET"]}}],"collection":[{"href":"https:\/\/www.fabioferro.eu\/de\/wp-json\/wp\/v2\/product"}],"about":[{"href":"https:\/\/www.fabioferro.eu\/de\/wp-json\/wp\/v2\/types\/product"}],"replies":[{"embeddable":true,"href":"https:\/\/www.fabioferro.eu\/de\/wp-json\/wp\/v2\/comments?post=120864"}],"version-history":[{"count":0,"href":"https:\/\/www.fabioferro.eu\/de\/wp-json\/wp\/v2\/product\/120864\/revisions"}],"wp:featuredmedia":[{"embeddable":true,"href":"https:\/\/www.fabioferro.eu\/de\/wp-json\/wp\/v2\/media\/120874"}],"wp:attachment":[{"href":"https:\/\/www.fabioferro.eu\/de\/wp-json\/wp\/v2\/media?parent=120864"}],"wp:term":[{"taxonomy":"product_brand","embeddable":true,"href":"https:\/\/www.fabioferro.eu\/de\/wp-json\/wp\/v2\/product_brand?post=120864"},{"taxonomy":"product_cat","embeddable":true,"href":"https:\/\/www.fabioferro.eu\/de\/wp-json\/wp\/v2\/product_cat?post=120864"},{"taxonomy":"product_tag","embeddable":true,"href":"https:\/\/www.fabioferro.eu\/de\/wp-json\/wp\/v2\/product_tag?post=120864"}],"curies":[{"name":"wp","href":"https:\/\/api.w.org\/{rel}","templated":true}]}}