{"id":120872,"date":"2022-06-01T19:18:36","date_gmt":"2022-06-01T17:18:36","guid":{"rendered":"https:\/\/www.fabioferro.eu\/paar-eheringe-aus-weiss-und-rosegold-polello-cuori-collection-mit-brillantschliff-diamant-karat-002.html"},"modified":"2024-09-18T17:24:16","modified_gmt":"2024-09-18T15:24:16","slug":"paar-eheringe-aus-weiss-und-rosegold-polello-cuori-collection-mit-brillantschliff-diamant-karat-002","status":"publish","type":"product","link":"https:\/\/www.fabioferro.eu\/de\/paar-eheringe-aus-weiss-und-rosegold-polello-cuori-collection-mit-brillantschliff-diamant-karat-002.html","title":{"rendered":"Paar Polello Wei\u00df- und Ros\u00e9gold Trauringe Cuori Collection mit Diamant"},"content":{"rendered":"<p>Paar Trauringe Polello Cuori Kollektion zweifarbiges Wei\u00df- und Ros\u00e9gold mit Diamant. Das Produkt wurde in Italien hergestellt. Gefertigt aus poliertem 750\/1000er Wei\u00df- und Ros\u00e9gold und mit einem Solit\u00e4rdiamanten besetzt. Das charakteristische Merkmal der Polello-Trauringe ist der bequeme Sitz, der dank der abgerundeten Absicht eine wirklich einzigartige Geschmeidigkeit bietet. Im Inneren tragen die Ringe ein Herz, das auf lustige Weise zwischen Wei\u00dfgold und Ros\u00e9gold kreiert wurde. Der Ehering der Braut ist mit einem Diamanten im Brillantschliff von insgesamt 0,02 Ct. besetzt. Das Trauringpaar besteht aus einem Ehering f\u00fcr die Frau mit einem Diamanten und einem Ehering f\u00fcr den Mann ohne Diamanten. Auf Anfrage ist das Trauringpaar auch ohne Diamant erh\u00e4ltlich. Die Lasergravur (Name und Datum) auf der Innenseite ist kostenlos. Das Paar Eheringe wird von einer eleganten, personalisierten Polello-Box mit Echtheitszertifikat begleitet.<\/p>\n","protected":false},"excerpt":{"rendered":"<p>Paar Trauringe aus der Kollektion Polello Cuoro aus Wei\u00df- und Ros\u00e9gold 750\/1000 mit Brillantschliff.<\/p>\n","protected":false},"featured_media":120877,"comment_status":"open","ping_status":"closed","template":"","meta":[],"product_brand":[198],"product_cat":[6376],"product_tag":[],"class_list":{"0":"post-120872","1":"product","2":"type-product","3":"status-publish","4":"has-post-thumbnail","6":"product_brand-polello","7":"product_cat-trauringe-und-trauringe-nach-mas","9":"first","10":"instock","11":"taxable","12":"shipping-taxable","13":"product-type-simple"},"exclude_global_add_ons":[],"addons":[],"df_price":"","df_sale_price":"","df_regular_price":"","df_image_link":"https:\/\/cdn02.fabioferro.eu\/wp-content\/uploads\/virtuemart\/product\/coppia_fedi_polello_collezione_cuori_in_oro_bianco_e_giallo_2695__1596790943_688.jpg","_links":{"self":[{"href":"https:\/\/www.fabioferro.eu\/de\/wp-json\/wp\/v2\/product\/120872","targetHints":{"allow":["GET"]}}],"collection":[{"href":"https:\/\/www.fabioferro.eu\/de\/wp-json\/wp\/v2\/product"}],"about":[{"href":"https:\/\/www.fabioferro.eu\/de\/wp-json\/wp\/v2\/types\/product"}],"replies":[{"embeddable":true,"href":"https:\/\/www.fabioferro.eu\/de\/wp-json\/wp\/v2\/comments?post=120872"}],"version-history":[{"count":0,"href":"https:\/\/www.fabioferro.eu\/de\/wp-json\/wp\/v2\/product\/120872\/revisions"}],"wp:featuredmedia":[{"embeddable":true,"href":"https:\/\/www.fabioferro.eu\/de\/wp-json\/wp\/v2\/media\/120877"}],"wp:attachment":[{"href":"https:\/\/www.fabioferro.eu\/de\/wp-json\/wp\/v2\/media?parent=120872"}],"wp:term":[{"taxonomy":"product_brand","embeddable":true,"href":"https:\/\/www.fabioferro.eu\/de\/wp-json\/wp\/v2\/product_brand?post=120872"},{"taxonomy":"product_cat","embeddable":true,"href":"https:\/\/www.fabioferro.eu\/de\/wp-json\/wp\/v2\/product_cat?post=120872"},{"taxonomy":"product_tag","embeddable":true,"href":"https:\/\/www.fabioferro.eu\/de\/wp-json\/wp\/v2\/product_tag?post=120872"}],"curies":[{"name":"wp","href":"https:\/\/api.w.org\/{rel}","templated":true}]}}