{"id":120886,"date":"2022-06-01T19:12:47","date_gmt":"2022-06-01T17:12:47","guid":{"rendered":"https:\/\/www.fabioferro.eu\/hamilton-khaki-x-wind-chrono-automatik-45mm-uhr.html"},"modified":"2025-04-02T21:24:40","modified_gmt":"2025-04-02T19:24:40","slug":"hamilton-khaki-x-wind-chrono-automatik-45mm-uhr","status":"publish","type":"product","link":"https:\/\/www.fabioferro.eu\/de\/hamilton-khaki-x-wind-chrono-automatik-45mm-uhr.html","title":{"rendered":"Hamilton Khaki X-Wind Chrono 45mm H77616533"},"content":{"rendered":"<p>Hamilton Khaki X-Wind H77616533 Chrono Automatik in Stahl.<\/p>\n<p>Mechanisches Automatikwerk vom Kaliber Swiss Made H-21 mit 60 Stunden Gangreserve.<\/p>\n<p>Geh\u00e4use aus Edelstahl, Durchmesser 44,00 mm, Dicke 15,55 mm. Ger\u00e4ndelte, wasserdichte, verschraubte Stahlkrone mit Hamilton-Logo.<\/p>\n<p>Schwarzes Zifferblatt mit Stunden- und Minutenzeiger aus wei\u00dfem Metall mit Leuchtmasse in der Mitte. Angewandte arabische Ziffern in Wei\u00df. Datumsfeld bei 9 Uhr.<\/p>\n<p>Kratzfestes Saphirkristallglas mit Antireflexionsbehandlung.<\/p>\n<p>Goldfarbenes Lederarmband mit 22,00 mm Bandanst\u00f6\u00dfen und satinierter Stahlschlie\u00dfe mit Hamilton-Logo.<\/p>\n<p>Wasserdichtigkeit 10 ATM mit verschraubtem Stahlboden.<\/p>\n<p>Die Uhr wird mit Box, Anleitung und der offiziellen Hamilton 2-Jahres-Garantie geliefert.<\/p>\n","protected":false},"excerpt":{"rendered":"<p>Hamilton Khaki X-Wind H77616533 Chrono Automatik aus Edelstahl mit 45 mm Geh\u00e4use und Lederband.<\/p>\n","protected":false},"featured_media":120908,"comment_status":"open","ping_status":"closed","template":"","meta":[],"product_brand":[161],"product_cat":[5974],"product_tag":[],"class_list":{"0":"post-120886","1":"product","2":"type-product","3":"status-publish","4":"has-post-thumbnail","6":"product_brand-hamilton","7":"product_cat-hamilton-herrenuhren","8":"pa_collezione-hamilton-khaki-luftfahrt","10":"first","11":"instock","12":"sale","13":"taxable","14":"shipping-taxable","15":"purchasable","16":"product-type-simple"},"exclude_global_add_ons":[],"addons":[],"df_price":1556,"df_sale_price":1556,"df_regular_price":1945,"df_image_link":"https:\/\/cdn02.fabioferro.eu\/wp-content\/uploads\/virtuemart\/product\/orologio-uomo-hamilton-khaki-x-wind-chrono-nero-cinturino-pelle-H77616533.jpg","_links":{"self":[{"href":"https:\/\/www.fabioferro.eu\/de\/wp-json\/wp\/v2\/product\/120886","targetHints":{"allow":["GET"]}}],"collection":[{"href":"https:\/\/www.fabioferro.eu\/de\/wp-json\/wp\/v2\/product"}],"about":[{"href":"https:\/\/www.fabioferro.eu\/de\/wp-json\/wp\/v2\/types\/product"}],"replies":[{"embeddable":true,"href":"https:\/\/www.fabioferro.eu\/de\/wp-json\/wp\/v2\/comments?post=120886"}],"version-history":[{"count":0,"href":"https:\/\/www.fabioferro.eu\/de\/wp-json\/wp\/v2\/product\/120886\/revisions"}],"wp:featuredmedia":[{"embeddable":true,"href":"https:\/\/www.fabioferro.eu\/de\/wp-json\/wp\/v2\/media\/120908"}],"wp:attachment":[{"href":"https:\/\/www.fabioferro.eu\/de\/wp-json\/wp\/v2\/media?parent=120886"}],"wp:term":[{"taxonomy":"product_brand","embeddable":true,"href":"https:\/\/www.fabioferro.eu\/de\/wp-json\/wp\/v2\/product_brand?post=120886"},{"taxonomy":"product_cat","embeddable":true,"href":"https:\/\/www.fabioferro.eu\/de\/wp-json\/wp\/v2\/product_cat?post=120886"},{"taxonomy":"product_tag","embeddable":true,"href":"https:\/\/www.fabioferro.eu\/de\/wp-json\/wp\/v2\/product_tag?post=120886"}],"curies":[{"name":"wp","href":"https:\/\/api.w.org\/{rel}","templated":true}]}}