{"id":120967,"date":"2022-06-01T19:12:21","date_gmt":"2022-06-01T17:12:21","guid":{"rendered":"https:\/\/www.fabioferro.eu\/ti-sento-milano-925-sterling-silber-damenarmband-mit-cubic-zirkonia-doubleface-herz-neue-kollektion.html"},"modified":"2022-06-01T19:12:21","modified_gmt":"2022-06-01T17:12:21","slug":"ti-sento-milano-925-sterling-silber-damenarmband-mit-cubic-zirkonia-doubleface-herz-neue-kollektion","status":"publish","type":"product","link":"https:\/\/www.fabioferro.eu\/de\/ti-sento-milano-925-sterling-silber-damenarmband-mit-cubic-zirkonia-doubleface-herz-neue-kollektion.html","title":{"rendered":"Ti Sento Milano 925 Sterling Silber Damenarmband mit Cubic Zirkonia Doubleface Herz Neue Kollektion"},"content":{"rendered":"<div class=\"description\">\n<div class=\"description\">\n<div class=\"description\">\n<p>Damenarmband der neuen Kollektion Ti Sento Milano aus rhodiniertem, nicht allergenem 925\/1000er Silber mit Zirkonia.<\/p>\n<p>Das Mini-Rollband hat eine Gesamtl\u00e4nge von 20 cm, kann aber dank der 2 Zwischenringe auch auf 18 cm und 16 cm getragen werden.<\/p>\n<p>In der Mitte des Armbands ist ein 7&#215;8 mm gro\u00dfes, doppelseitiges Herz mit einer Dicke von 3,8 mm angekettet. Pav\u00e8 aus strahlend wei\u00dfen Zirkonen in Riffelungen gefasst.<\/p>\n<p>Das Armband hat einen Karabinerverschluss mit TSM-Logo.<\/p>\n<p>Das neue Schmuckst\u00fcck wird von einer eleganten Verpackung und der entsprechenden Original Ti Sento Milano Garantie begleitet.<\/p>\n<\/div>\n<\/div>\n<\/div>\n","protected":false},"excerpt":{"rendered":"<p>Ti Sento Milano Damenarmband aus Sterlingsilber mit Herz aus Zirkoniumdioxid.<\/p>\n","protected":false},"featured_media":120989,"comment_status":"open","ping_status":"closed","template":"","meta":[],"product_brand":[158],"product_cat":[6074],"product_tag":[7442],"class_list":{"0":"post-120967","1":"product","2":"type-product","3":"status-publish","4":"has-post-thumbnail","6":"product_brand-ti-sento-milano","7":"product_cat-ti-sento-milano-armbander","8":"product_tag-verfugbar","10":"first","11":"instock","12":"taxable","13":"shipping-taxable","14":"purchasable","15":"product-type-simple"},"exclude_global_add_ons":[],"addons":[],"df_price":75,"df_sale_price":"","df_regular_price":75,"df_image_link":"https:\/\/cdn02.fabioferro.eu\/wp-content\/uploads\/virtuemart\/product\/bracciale_donna_ti_sento_milano_argento_2885zi_con_cuore__1521045256_157.jpg","_links":{"self":[{"href":"https:\/\/www.fabioferro.eu\/de\/wp-json\/wp\/v2\/product\/120967","targetHints":{"allow":["GET"]}}],"collection":[{"href":"https:\/\/www.fabioferro.eu\/de\/wp-json\/wp\/v2\/product"}],"about":[{"href":"https:\/\/www.fabioferro.eu\/de\/wp-json\/wp\/v2\/types\/product"}],"replies":[{"embeddable":true,"href":"https:\/\/www.fabioferro.eu\/de\/wp-json\/wp\/v2\/comments?post=120967"}],"version-history":[{"count":0,"href":"https:\/\/www.fabioferro.eu\/de\/wp-json\/wp\/v2\/product\/120967\/revisions"}],"wp:featuredmedia":[{"embeddable":true,"href":"https:\/\/www.fabioferro.eu\/de\/wp-json\/wp\/v2\/media\/120989"}],"wp:attachment":[{"href":"https:\/\/www.fabioferro.eu\/de\/wp-json\/wp\/v2\/media?parent=120967"}],"wp:term":[{"taxonomy":"product_brand","embeddable":true,"href":"https:\/\/www.fabioferro.eu\/de\/wp-json\/wp\/v2\/product_brand?post=120967"},{"taxonomy":"product_cat","embeddable":true,"href":"https:\/\/www.fabioferro.eu\/de\/wp-json\/wp\/v2\/product_cat?post=120967"},{"taxonomy":"product_tag","embeddable":true,"href":"https:\/\/www.fabioferro.eu\/de\/wp-json\/wp\/v2\/product_tag?post=120967"}],"curies":[{"name":"wp","href":"https:\/\/api.w.org\/{rel}","templated":true}]}}