{"id":121014,"date":"2022-06-01T19:10:53","date_gmt":"2022-06-01T17:10:53","guid":{"rendered":"https:\/\/www.fabioferro.eu\/giovanni-raspini-cuori-perlage-armband.html"},"modified":"2024-09-18T16:42:19","modified_gmt":"2024-09-18T14:42:19","slug":"giovanni-raspini-cuori-perlage-armband","status":"publish","type":"product","link":"https:\/\/www.fabioferro.eu\/de\/giovanni-raspini-cuori-perlage-armband.html","title":{"rendered":"Giovanni Raspini Cuori Perlage Armband"},"content":{"rendered":"<div class=\"description\">  Giovanni Raspini Damenarmband aus 925\/1000 Silber, neue Perlage Kollektion. Handgefertigt &#8211; Hergestellt in Italien. Das Armband besteht aus 4 ineinander greifenden Segmenten in Form von unterschiedlich gro\u00dfen Herzen. Die vier Segmente sind durch Ringe miteinander verbunden, die es ihnen erm\u00f6glichen, sich zu bewegen. Insgesamt gibt es sechs Herzen. Die maximale Breite der Herzen in der Mitte des Armbands betr\u00e4gt 3,50 cm. Die Gesamtl\u00e4nge des Armbands betr\u00e4gt 20,00 cm bei einem Gewicht von 39 Gramm. Ein Karabinerverschluss, am gegen\u00fcberliegenden Ende befindet sich ein Anh\u00e4nger in Form einer Chilischote, dem unverwechselbaren Symbol und Gl\u00fccksbringer von Giovanni Raspini. Neues Schmuckst\u00fcck mit Box und Original-Garantie von Giovanni Raspini.  <\/div>\n","protected":false},"excerpt":{"rendered":"<p>Giovanni Raspini Damenarmband aus 925\/1000 Silber neue Perlage Kollektion mit gegliederten Herzen.<\/p>\n","protected":false},"featured_media":121018,"comment_status":"open","ping_status":"closed","template":"","meta":[],"product_brand":[155],"product_cat":[7569],"product_tag":[],"class_list":{"0":"post-121014","1":"product","2":"type-product","3":"status-publish","4":"has-post-thumbnail","6":"product_brand-raspini","7":"product_cat-armbander-giovanni-raspini","9":"first","10":"instock","11":"sale","12":"taxable","13":"shipping-taxable","14":"purchasable","15":"product-type-simple"},"exclude_global_add_ons":[],"addons":[],"df_price":432,"df_sale_price":432,"df_regular_price":480,"df_image_link":"https:\/\/cdn02.fabioferro.eu\/wp-content\/uploads\/virtuemart\/product\/bracciale-giovanni-raspini-donna-cuori-mini-bubble-10147.jpg","_links":{"self":[{"href":"https:\/\/www.fabioferro.eu\/de\/wp-json\/wp\/v2\/product\/121014","targetHints":{"allow":["GET"]}}],"collection":[{"href":"https:\/\/www.fabioferro.eu\/de\/wp-json\/wp\/v2\/product"}],"about":[{"href":"https:\/\/www.fabioferro.eu\/de\/wp-json\/wp\/v2\/types\/product"}],"replies":[{"embeddable":true,"href":"https:\/\/www.fabioferro.eu\/de\/wp-json\/wp\/v2\/comments?post=121014"}],"version-history":[{"count":0,"href":"https:\/\/www.fabioferro.eu\/de\/wp-json\/wp\/v2\/product\/121014\/revisions"}],"wp:featuredmedia":[{"embeddable":true,"href":"https:\/\/www.fabioferro.eu\/de\/wp-json\/wp\/v2\/media\/121018"}],"wp:attachment":[{"href":"https:\/\/www.fabioferro.eu\/de\/wp-json\/wp\/v2\/media?parent=121014"}],"wp:term":[{"taxonomy":"product_brand","embeddable":true,"href":"https:\/\/www.fabioferro.eu\/de\/wp-json\/wp\/v2\/product_brand?post=121014"},{"taxonomy":"product_cat","embeddable":true,"href":"https:\/\/www.fabioferro.eu\/de\/wp-json\/wp\/v2\/product_cat?post=121014"},{"taxonomy":"product_tag","embeddable":true,"href":"https:\/\/www.fabioferro.eu\/de\/wp-json\/wp\/v2\/product_tag?post=121014"}],"curies":[{"name":"wp","href":"https:\/\/api.w.org\/{rel}","templated":true}]}}