{"id":121027,"date":"2022-06-01T19:09:49","date_gmt":"2022-06-01T17:09:49","guid":{"rendered":"https:\/\/www.fabioferro.eu\/original-tibetisches-tamashii-armband-mit-rosa-turmalin.html"},"modified":"2025-12-18T12:36:10","modified_gmt":"2025-12-18T11:36:10","slug":"original-tibetisches-tamashii-armband-mit-rosa-turmalin","status":"publish","type":"product","link":"https:\/\/www.fabioferro.eu\/de\/original-tibetisches-tamashii-armband-mit-rosa-turmalin.html","title":{"rendered":"Original tibetisches Tamashii-Armband mit rosa Turmalin"},"content":{"rendered":"<div class=\"description\">\n<div class=\"description\">\n<div class=\"description\">\n<p> Tamashii-Produkte, die mit nat\u00fcrlichen Steinen\/Perlen handgefertigt werden, k\u00f6nnen Farbt\u00f6ne aufweisen, die leicht von den Fotos abweichen.<\/p>\n<p>Original tibetisches Tamashii Unisex-Armband mit gestreiftem rosa Turmalin.<\/p>\n<p>Der Name &#8220;Turmalin&#8221; stammt von dem singhalesischen Wort turamali, was &#8220;Farbmischung&#8221; bedeutet, und wurde f\u00fcr all jene Edelsteine verwendet, an deren Identit\u00e4t die Steinh\u00e4ndler zweifelten, eben wegen der enormen Vielfalt, die in der Natur vorkommt, und der \u00c4hnlichkeit mit anderen Arten von Mineralsteinen.<br \/>\nDer Turmalin gilt als einer der wichtigsten Steine zur Reinigung der eigenen Energien und zum Schutz vor negativen Umwelteinfl\u00fcssen.<\/p>\n<p>&nbsp;<\/p>\n<div class=\"description\">\n<p>Das Armband ist mit 12 Kugeln aus gestreiftem rosa Turmalin mit einem Durchmesser von 8,00 mm besetzt und handgekn\u00fcpft.<\/p>\n<p>Die Gesamtl\u00e4nge des Armbands betr\u00e4gt 24,00 cm, es kann aber auch bis zu 18,00 cm getragen werden. Praktischer Metallknopf-Verschluss.<\/p>\n<p>Was dieses Schmuckst\u00fcck einzigartig macht, ist die Tatsache, dass es in Tibet hergestellt und von buddhistischen M\u00f6nchen gesegnet wurde.<\/p>\n<p>Neues Produkt in Originalverpackung mit Tamashii-Echtheitsgarantie.<\/p>\n<\/div>\n<\/div>\n<\/div>\n<\/div>\n","protected":false},"excerpt":{"rendered":"<p>Original tibetisches Tamashii-Armband mit rosa Turmalin.<\/p>\n","protected":false},"featured_media":121037,"comment_status":"open","ping_status":"closed","template":"","meta":[],"product_brand":[199],"product_cat":[6318],"product_tag":[7442],"class_list":{"0":"post-121027","1":"product","2":"type-product","3":"status-publish","4":"has-post-thumbnail","6":"product_brand-tamashii","7":"product_cat-tamashii","8":"product_tag-verfugbar","10":"first","11":"instock","12":"taxable","13":"shipping-taxable","14":"purchasable","15":"product-type-simple"},"exclude_global_add_ons":[],"addons":[],"df_price":42,"df_sale_price":"","df_regular_price":42,"df_image_link":"https:\/\/cdn02.fabioferro.eu\/wp-content\/uploads\/virtuemart\/product\/BHS900-181TormalinaRosa.jpg","_links":{"self":[{"href":"https:\/\/www.fabioferro.eu\/de\/wp-json\/wp\/v2\/product\/121027","targetHints":{"allow":["GET"]}}],"collection":[{"href":"https:\/\/www.fabioferro.eu\/de\/wp-json\/wp\/v2\/product"}],"about":[{"href":"https:\/\/www.fabioferro.eu\/de\/wp-json\/wp\/v2\/types\/product"}],"replies":[{"embeddable":true,"href":"https:\/\/www.fabioferro.eu\/de\/wp-json\/wp\/v2\/comments?post=121027"}],"version-history":[{"count":0,"href":"https:\/\/www.fabioferro.eu\/de\/wp-json\/wp\/v2\/product\/121027\/revisions"}],"wp:featuredmedia":[{"embeddable":true,"href":"https:\/\/www.fabioferro.eu\/de\/wp-json\/wp\/v2\/media\/121037"}],"wp:attachment":[{"href":"https:\/\/www.fabioferro.eu\/de\/wp-json\/wp\/v2\/media?parent=121027"}],"wp:term":[{"taxonomy":"product_brand","embeddable":true,"href":"https:\/\/www.fabioferro.eu\/de\/wp-json\/wp\/v2\/product_brand?post=121027"},{"taxonomy":"product_cat","embeddable":true,"href":"https:\/\/www.fabioferro.eu\/de\/wp-json\/wp\/v2\/product_cat?post=121027"},{"taxonomy":"product_tag","embeddable":true,"href":"https:\/\/www.fabioferro.eu\/de\/wp-json\/wp\/v2\/product_tag?post=121027"}],"curies":[{"name":"wp","href":"https:\/\/api.w.org\/{rel}","templated":true}]}}