{"id":121031,"date":"2022-06-01T19:10:02","date_gmt":"2022-06-01T17:10:02","guid":{"rendered":"https:\/\/www.fabioferro.eu\/original-tamashii-tibetisches-tigerauge-armband.html"},"modified":"2024-07-25T10:00:25","modified_gmt":"2024-07-25T08:00:25","slug":"original-tamashii-tibetisches-tigerauge-armband","status":"publish","type":"product","link":"https:\/\/www.fabioferro.eu\/de\/original-tamashii-tibetisches-tigerauge-armband.html","title":{"rendered":"Original Tamashii Tibetisches Tigerauge-Armband"},"content":{"rendered":"<div class=\"description\">\n<div class=\"description\">\n<div class=\"description\">\n<div class=\"description\">\n<div class=\"description\">  Tamashii-Produkte, die mit <b>nat\u00fcrlichen Steinen\/Perlen<\/b> handgefertigt werden, k\u00f6nnen Farbt\u00f6ne aufweisen, die leicht von den Fotos abweichen. Original tibetisches Tamashii Unisex-Armband mit Tigerauge. Das Tigerauge geh\u00f6rt zu den am meisten verwendeten und gesch\u00e4tzten Natursteinen. Nach der \u00e4ltesten \u00dcberlieferung ist er der Stein der Selbstbest\u00e4tigung, d.h. er hat die Kraft, uns mit unserer eigenen pers\u00f6nlichen Kraft in Verbindung zu bringen und uns gleichzeitig ausgeglichen und auf unsere Ziele ausgerichtet zu halten. Durch eine verst\u00e4rkte Zentrierung hilft es, Selbstvertrauen, Festigkeit, Entscheidungsst\u00e4rke und Kampfkraft zu finden.  <\/div>\n<div class=\"description\">\n<p>&nbsp;<\/p>\n<div class=\"description\">  Das Armband ist mit 12 Kugeln aus Tigerauge mit einem Durchmesser von 8,00 mm besetzt und handgekn\u00fcpft. Die Gesamtl\u00e4nge des Armbands betr\u00e4gt 24,00 cm, aber es kann auch bis zu 18,00 cm getragen werden. Praktischer Knopfverschluss aus Metall. Was dieses Schmuckst\u00fcck einzigartig macht, ist die Tatsache, dass es in Tibet hergestellt und von buddhistischen M\u00f6nchen gesegnet wurde. Neues Produkt in Originalverpackung mit Tamashii-Echtheitsgarantie.  &nbsp;<\/p>\n<\/div>\n<\/div>\n<\/div>\n<\/div>\n<\/div>\n<\/div>\n","protected":false},"excerpt":{"rendered":"<p>Original tibetisches Tamashii-Armband mit Tigerauge<\/p>\n","protected":false},"featured_media":121047,"comment_status":"open","ping_status":"closed","template":"","meta":[],"product_brand":[],"product_cat":[6318],"product_tag":[7442],"class_list":{"0":"post-121031","1":"product","2":"type-product","3":"status-publish","4":"has-post-thumbnail","6":"product_cat-tamashii","7":"product_tag-verfugbar","9":"first","10":"instock","11":"taxable","12":"shipping-taxable","13":"purchasable","14":"product-type-simple"},"exclude_global_add_ons":[],"addons":[],"df_price":42,"df_sale_price":"","df_regular_price":42,"df_image_link":"https:\/\/cdn02.fabioferro.eu\/wp-content\/uploads\/virtuemart\/product\/BHS900-80OcchiodiTigre.jpg","_links":{"self":[{"href":"https:\/\/www.fabioferro.eu\/de\/wp-json\/wp\/v2\/product\/121031","targetHints":{"allow":["GET"]}}],"collection":[{"href":"https:\/\/www.fabioferro.eu\/de\/wp-json\/wp\/v2\/product"}],"about":[{"href":"https:\/\/www.fabioferro.eu\/de\/wp-json\/wp\/v2\/types\/product"}],"replies":[{"embeddable":true,"href":"https:\/\/www.fabioferro.eu\/de\/wp-json\/wp\/v2\/comments?post=121031"}],"version-history":[{"count":0,"href":"https:\/\/www.fabioferro.eu\/de\/wp-json\/wp\/v2\/product\/121031\/revisions"}],"wp:featuredmedia":[{"embeddable":true,"href":"https:\/\/www.fabioferro.eu\/de\/wp-json\/wp\/v2\/media\/121047"}],"wp:attachment":[{"href":"https:\/\/www.fabioferro.eu\/de\/wp-json\/wp\/v2\/media?parent=121031"}],"wp:term":[{"taxonomy":"product_brand","embeddable":true,"href":"https:\/\/www.fabioferro.eu\/de\/wp-json\/wp\/v2\/product_brand?post=121031"},{"taxonomy":"product_cat","embeddable":true,"href":"https:\/\/www.fabioferro.eu\/de\/wp-json\/wp\/v2\/product_cat?post=121031"},{"taxonomy":"product_tag","embeddable":true,"href":"https:\/\/www.fabioferro.eu\/de\/wp-json\/wp\/v2\/product_tag?post=121031"}],"curies":[{"name":"wp","href":"https:\/\/api.w.org\/{rel}","templated":true}]}}