{"id":121033,"date":"2022-06-01T19:10:20","date_gmt":"2022-06-01T17:10:20","guid":{"rendered":"https:\/\/www.fabioferro.eu\/original-tibetisches-tamashii-armband-mit-charoit.html"},"modified":"2024-09-18T16:42:20","modified_gmt":"2024-09-18T14:42:20","slug":"original-tibetisches-tamashii-armband-mit-charoit","status":"publish","type":"product","link":"https:\/\/www.fabioferro.eu\/de\/original-tibetisches-tamashii-armband-mit-charoit.html","title":{"rendered":"Original tibetisches Tamashii-Armband mit Charoit"},"content":{"rendered":"<div class=\"description\">\n<div class=\"description\">\n<div class=\"description\">\n<div class=\"description\">  Tamashii-Produkte, die mit <b>nat\u00fcrlichen Steinen\/Perlen<\/b> handgefertigt werden, k\u00f6nnen Farbt\u00f6ne aufweisen, die leicht von den Fotos abweichen. Original tibetisches Tamashii Unisex-Armband mit Charoite. Der Name Charoite leitet sich von dem Fluss Charo ab, der durch das Murun-Gebirge in Jakutien, Sibirien, flie\u00dft. Der Charoit wird als Stein der Verwandlung und als Edelstein der Macht definiert. Sie hilft, Weisheit, Weitsicht und Scharfsinn zu entwickeln. Es wird auch mit der Verbesserung der intuitiven F\u00e4higkeiten des Einzelnen in Verbindung gebracht.  <\/div>\n<div class=\"description\">\n<p>&nbsp;<\/p>\n<div class=\"description\">  Das Armband ist mit 12 Charoite-Kugeln von 8,00 mm Durchmesser besetzt und handgekn\u00fcpft. Die Gesamtl\u00e4nge des Armbands betr\u00e4gt 24,00 cm, aber es kann auch bis zu 18,00 cm getragen werden. Praktischer Knopfverschluss aus Metall. Das Besondere an diesem Schmuckst\u00fcck ist, dass es in Tibet hergestellt und von buddhistischen M\u00f6nchen gesegnet wurde. Neues Produkt in Originalverpackung mit Tamashii-Echtheitsgarantie. Ich stelle eine Quittung und\/oder Rechnung aus. <\/div>\n<\/div>\n<\/div>\n<\/div>\n<\/div>\n","protected":false},"excerpt":{"rendered":"<p>Unisex tibetisches Tamashii-Armband mit Charoite.<\/p>\n","protected":false},"featured_media":121050,"comment_status":"open","ping_status":"closed","template":"","meta":[],"product_brand":[199],"product_cat":[6318],"product_tag":[],"class_list":{"0":"post-121033","1":"product","2":"type-product","3":"status-publish","4":"has-post-thumbnail","6":"product_brand-tamashii","7":"product_cat-tamashii","9":"first","10":"instock","11":"taxable","12":"shipping-taxable","13":"purchasable","14":"product-type-simple"},"exclude_global_add_ons":[],"addons":[],"df_price":42,"df_sale_price":"","df_regular_price":42,"df_image_link":"https:\/\/cdn02.fabioferro.eu\/wp-content\/uploads\/virtuemart\/product\/BHS900-188Charoite.jpg","_links":{"self":[{"href":"https:\/\/www.fabioferro.eu\/de\/wp-json\/wp\/v2\/product\/121033","targetHints":{"allow":["GET"]}}],"collection":[{"href":"https:\/\/www.fabioferro.eu\/de\/wp-json\/wp\/v2\/product"}],"about":[{"href":"https:\/\/www.fabioferro.eu\/de\/wp-json\/wp\/v2\/types\/product"}],"replies":[{"embeddable":true,"href":"https:\/\/www.fabioferro.eu\/de\/wp-json\/wp\/v2\/comments?post=121033"}],"version-history":[{"count":0,"href":"https:\/\/www.fabioferro.eu\/de\/wp-json\/wp\/v2\/product\/121033\/revisions"}],"wp:featuredmedia":[{"embeddable":true,"href":"https:\/\/www.fabioferro.eu\/de\/wp-json\/wp\/v2\/media\/121050"}],"wp:attachment":[{"href":"https:\/\/www.fabioferro.eu\/de\/wp-json\/wp\/v2\/media?parent=121033"}],"wp:term":[{"taxonomy":"product_brand","embeddable":true,"href":"https:\/\/www.fabioferro.eu\/de\/wp-json\/wp\/v2\/product_brand?post=121033"},{"taxonomy":"product_cat","embeddable":true,"href":"https:\/\/www.fabioferro.eu\/de\/wp-json\/wp\/v2\/product_cat?post=121033"},{"taxonomy":"product_tag","embeddable":true,"href":"https:\/\/www.fabioferro.eu\/de\/wp-json\/wp\/v2\/product_tag?post=121033"}],"curies":[{"name":"wp","href":"https:\/\/api.w.org\/{rel}","templated":true}]}}