{"id":121049,"date":"2022-06-01T19:10:36","date_gmt":"2022-06-01T17:10:36","guid":{"rendered":"https:\/\/www.fabioferro.eu\/fope-eka-flex-it-collection-armband-mit-diamant-boule.html"},"modified":"2026-01-09T16:26:48","modified_gmt":"2026-01-09T15:26:48","slug":"fope-eka-flex-it-collection-armband-mit-diamant-boule","status":"publish","type":"product","link":"https:\/\/www.fabioferro.eu\/de\/fope-eka-flex-it-collection-armband-mit-diamant-boule.html","title":{"rendered":"Fope Eka Flex It Collection Armband mit Diamant-Boule"},"content":{"rendered":"<p>Fope Eka Collection Armband aus 750\/1000 Wei\u00dfgold mit patentiertem, elastischem flex&#8217;it Netz.<\/p>\n<p>Das elastische Armband erm\u00f6glicht ein unabh\u00e4ngiges und bequemes Tragen dank der Flex&#8217;it-Technologie.<\/p>\n<p>Die Dicke des Glieds betr\u00e4gt 3,60 mm. In der Mitte beherbergt es eine bewegliche Scheibe aus poliertem Wei\u00dfgold mit einem Durchmesser von 6,30 mm, die mit einem Brillantpav\u00e9 von insgesamt 0,19 Karat besetzt ist. Die Steine zeichnen sich durch eine Farbe von G und einen Reinheitsgrad von VS1 aus.<\/p>\n<p>Juwel begleitet von Box und offizieller Fope-Garantie.<\/p>\n<p><img decoding=\"async\" class=\"alignnone size-full wp-image-205465\" src=\"http:\/\/cdn02.fabioferro.eu\/wp-content\/uploads\/tabelle-misure-bracciali.jpg\" alt=\"\" width=\"1900\" height=\"153\" title=\"\" srcset=\"https:\/\/cdn02.fabioferro.eu\/wp-content\/uploads\/tabelle-misure-bracciali.jpg 1900w, https:\/\/cdn02.fabioferro.eu\/wp-content\/uploads\/tabelle-misure-bracciali-768x62.jpg 768w, https:\/\/cdn02.fabioferro.eu\/wp-content\/uploads\/tabelle-misure-bracciali-1536x124.jpg 1536w, https:\/\/cdn02.fabioferro.eu\/wp-content\/uploads\/tabelle-misure-bracciali-990x80.jpg 990w, https:\/\/cdn02.fabioferro.eu\/wp-content\/uploads\/tabelle-misure-bracciali-441x36.jpg 441w, https:\/\/cdn02.fabioferro.eu\/wp-content\/uploads\/tabelle-misure-bracciali-600x48.jpg 600w, https:\/\/cdn02.fabioferro.eu\/wp-content\/uploads\/tabelle-misure-bracciali-150x12.jpg 150w\" sizes=\"(max-width: 1900px) 100vw, 1900px\" \/><\/p>\n","protected":false},"excerpt":{"rendered":"<p>Ein elegantes und bequemes Armband, das sich perfekt an Ihr Handgelenk anpasst.<\/p>\n","protected":false},"featured_media":121061,"comment_status":"open","ping_status":"closed","template":"","meta":[],"product_brand":[154],"product_cat":[6161],"product_tag":[],"class_list":{"0":"post-121049","1":"product","2":"type-product","3":"status-publish","4":"has-post-thumbnail","6":"product_brand-fope","7":"product_cat-fope-armbander","9":"first","10":"instock","11":"taxable","12":"shipping-taxable","13":"purchasable","14":"product-type-variable","15":"has-default-attributes"},"exclude_global_add_ons":[],"addons":[],"df_price":3550,"df_sale_price":"","df_regular_price":3550,"df_image_link":"https:\/\/cdn02.fabioferro.eu\/wp-content\/uploads\/virtuemart\/product\/bracciale_fope_in_oro_bianco_collezione_eka_733B_PAVE_B__1594366755_953.jpg","_links":{"self":[{"href":"https:\/\/www.fabioferro.eu\/de\/wp-json\/wp\/v2\/product\/121049","targetHints":{"allow":["GET"]}}],"collection":[{"href":"https:\/\/www.fabioferro.eu\/de\/wp-json\/wp\/v2\/product"}],"about":[{"href":"https:\/\/www.fabioferro.eu\/de\/wp-json\/wp\/v2\/types\/product"}],"replies":[{"embeddable":true,"href":"https:\/\/www.fabioferro.eu\/de\/wp-json\/wp\/v2\/comments?post=121049"}],"version-history":[{"count":1,"href":"https:\/\/www.fabioferro.eu\/de\/wp-json\/wp\/v2\/product\/121049\/revisions"}],"predecessor-version":[{"id":206585,"href":"https:\/\/www.fabioferro.eu\/de\/wp-json\/wp\/v2\/product\/121049\/revisions\/206585"}],"wp:featuredmedia":[{"embeddable":true,"href":"https:\/\/www.fabioferro.eu\/de\/wp-json\/wp\/v2\/media\/121061"}],"wp:attachment":[{"href":"https:\/\/www.fabioferro.eu\/de\/wp-json\/wp\/v2\/media?parent=121049"}],"wp:term":[{"taxonomy":"product_brand","embeddable":true,"href":"https:\/\/www.fabioferro.eu\/de\/wp-json\/wp\/v2\/product_brand?post=121049"},{"taxonomy":"product_cat","embeddable":true,"href":"https:\/\/www.fabioferro.eu\/de\/wp-json\/wp\/v2\/product_cat?post=121049"},{"taxonomy":"product_tag","embeddable":true,"href":"https:\/\/www.fabioferro.eu\/de\/wp-json\/wp\/v2\/product_tag?post=121049"}],"curies":[{"name":"wp","href":"https:\/\/api.w.org\/{rel}","templated":true}]}}