{"id":121103,"date":"2022-06-01T19:09:57","date_gmt":"2022-06-01T17:09:57","guid":{"rendered":"https:\/\/www.fabioferro.eu\/original-tibetisches-tamashii-armband-mit-rotem-karneol.html"},"modified":"2026-01-25T17:17:20","modified_gmt":"2026-01-25T16:17:20","slug":"original-tibetisches-tamashii-armband-mit-rotem-karneol","status":"publish","type":"product","link":"https:\/\/www.fabioferro.eu\/de\/original-tibetisches-tamashii-armband-mit-rotem-karneol.html","title":{"rendered":"Original tibetisches Tamashii-Armband mit rotem Karneol"},"content":{"rendered":"<div class=\"description\">\n<div class=\"description\">\n<div class=\"description\">\n<div class=\"description\">  Tamashii-Produkte, die mit <b>nat\u00fcrlichen Steinen\/Perlen<\/b> handgefertigt werden, k\u00f6nnen Farbt\u00f6ne aufweisen, die leicht von den Fotos abweichen. Original tibetisches Tamashii Unisex-Armband mit Karneol. Karneol ist ein Stein in Schattierungen von gelb bis leuchtend rot, der gleiche wie der Gautama Buddha. In der tibetischen Kultur entwickelte er sich als Synonym f\u00fcr die Erhaltung der Lebenskraft, die sich aus N\u00fctzlichkeit (Konkretheit) und W\u00e4rme (Sentimentalit\u00e4t) zusammensetzt, und ist in vielerlei Hinsicht dem westlichen Gl\u00fccksbegriff nahe. Der Tamashii-Karneol steht f\u00fcr Vitalit\u00e4t und Gl\u00fcck.  <\/div>\n<div class=\"description\">\n<p>&nbsp;<\/p>\n<div class=\"description\">  Das Armband ist mit 12 roten Karneolkugeln mit einem Durchmesser von 8,00 mm besetzt und handgekn\u00fcpft. Die Gesamtl\u00e4nge des Armbands betr\u00e4gt 24,00 cm, aber es kann auch bis zu 18,00 cm getragen werden. Praktischer Knopfverschluss aus Metall. Ein einzigartiges Schmuckst\u00fcck, das mit dem Segen tibetischer M\u00f6nche vollst\u00e4ndig von Hand gefertigt wird. Neues Produkt in Originalverpackung mit Tamashii-Echtheitsgarantie.  <\/div>\n<\/div>\n<\/div>\n<\/div>\n<\/div>\n","protected":false},"excerpt":{"rendered":"<p>Original unisex tibetisches Tamashii-Armband mit Karneol<\/p>\n","protected":false},"featured_media":121119,"comment_status":"open","ping_status":"closed","template":"","meta":[],"product_brand":[199],"product_cat":[6318],"product_tag":[7442],"class_list":{"0":"post-121103","1":"product","2":"type-product","3":"status-publish","4":"has-post-thumbnail","6":"product_brand-tamashii","7":"product_cat-tamashii","8":"product_tag-verfugbar","10":"first","11":"outofstock","12":"taxable","13":"shipping-taxable","14":"purchasable","15":"product-type-simple"},"exclude_global_add_ons":[],"addons":[],"df_price":42,"df_sale_price":"","df_regular_price":42,"df_image_link":"https:\/\/cdn02.fabioferro.eu\/wp-content\/uploads\/virtuemart\/product\/BHS900-19Corniola.jpg","_links":{"self":[{"href":"https:\/\/www.fabioferro.eu\/de\/wp-json\/wp\/v2\/product\/121103","targetHints":{"allow":["GET"]}}],"collection":[{"href":"https:\/\/www.fabioferro.eu\/de\/wp-json\/wp\/v2\/product"}],"about":[{"href":"https:\/\/www.fabioferro.eu\/de\/wp-json\/wp\/v2\/types\/product"}],"replies":[{"embeddable":true,"href":"https:\/\/www.fabioferro.eu\/de\/wp-json\/wp\/v2\/comments?post=121103"}],"version-history":[{"count":0,"href":"https:\/\/www.fabioferro.eu\/de\/wp-json\/wp\/v2\/product\/121103\/revisions"}],"wp:featuredmedia":[{"embeddable":true,"href":"https:\/\/www.fabioferro.eu\/de\/wp-json\/wp\/v2\/media\/121119"}],"wp:attachment":[{"href":"https:\/\/www.fabioferro.eu\/de\/wp-json\/wp\/v2\/media?parent=121103"}],"wp:term":[{"taxonomy":"product_brand","embeddable":true,"href":"https:\/\/www.fabioferro.eu\/de\/wp-json\/wp\/v2\/product_brand?post=121103"},{"taxonomy":"product_cat","embeddable":true,"href":"https:\/\/www.fabioferro.eu\/de\/wp-json\/wp\/v2\/product_cat?post=121103"},{"taxonomy":"product_tag","embeddable":true,"href":"https:\/\/www.fabioferro.eu\/de\/wp-json\/wp\/v2\/product_tag?post=121103"}],"curies":[{"name":"wp","href":"https:\/\/api.w.org\/{rel}","templated":true}]}}