{"id":121117,"date":"2022-06-01T19:09:40","date_gmt":"2022-06-01T17:09:40","guid":{"rendered":"https:\/\/www.fabioferro.eu\/original-tibetisches-tamashii-armband-mit-schwarzem-mattiertem-onyx.html"},"modified":"2026-02-25T12:20:08","modified_gmt":"2026-02-25T11:20:08","slug":"original-tibetisches-tamashii-armband-mit-schwarzem-mattiertem-onyx","status":"publish","type":"product","link":"https:\/\/www.fabioferro.eu\/de\/original-tibetisches-tamashii-armband-mit-schwarzem-mattiertem-onyx.html","title":{"rendered":"Original tibetisches Tamashii-Armband mit schwarzem mattiertem Onyx"},"content":{"rendered":"<div class=\"description\">\n<div class=\"description\">\n<p> Tamashii-Produkte, die mit nat\u00fcrlichen Steinen\/Perlen handgefertigt werden, k\u00f6nnen Farbt\u00f6ne aufweisen, die leicht von den Fotos abweichen.<\/p>\n<p>Unisex Original tibetisches Tamashii-Armband mit schwarzer Onyxmatte.<\/p>\n<p>Der schwarze Stein schlechthin ist der Onyx, der von Kampfm\u00f6nchen verwendet wird, um Mut und Selbstvertrauen zu verbreiten. Die Farbe Schwarz steht im Buddhismus auch f\u00fcr die urspr\u00fcngliche Dunkelheit des Menschen, f\u00fcr Hass und Gewalt.<br \/>\nDer Tamashii aus schwarzem Onyx verwandelt diese negativen Kr\u00e4fte in positive, das B\u00f6se in das Gute und den Hass in Mitgef\u00fchl.<\/p>\n<p>&nbsp;<\/p>\n<p>Das Armband ist mit 12 Kugeln aus satiniertem schwarzem Onyx mit einem Durchmesser von 8,00 mm versehen und handgekn\u00fcpft.<\/p>\n<p>Die Gesamtl\u00e4nge des Armbands betr\u00e4gt 24,00 cm, es kann aber auch bis zu 18,00 cm getragen werden. Praktischer Metallknopf-Verschluss.<\/p>\n<p>Was dieses Schmuckst\u00fcck einzigartig macht, ist die Tatsache, dass es in Tibet hergestellt und von buddhistischen M\u00f6nchen gesegnet wurde.<\/p>\n<p>Neues Produkt in Originalverpackung mit authentischer Tamashii-Garantie.<\/p>\n<p>Ich stelle eine Quittung und\/oder Rechnung aus.<\/p>\n<\/div>\n<\/div>\n","protected":false},"excerpt":{"rendered":"<p>Original tibetisches Tamashii-Armband mit schwarzer Onyx-Mattierung.<\/p>\n","protected":false},"featured_media":121123,"comment_status":"open","ping_status":"closed","template":"","meta":[],"product_brand":[199],"product_cat":[6318],"product_tag":[],"class_list":{"0":"post-121117","1":"product","2":"type-product","3":"status-publish","4":"has-post-thumbnail","6":"product_brand-tamashii","7":"product_cat-tamashii","9":"first","10":"instock","11":"taxable","12":"shipping-taxable","13":"purchasable","14":"product-type-simple"},"exclude_global_add_ons":[],"addons":[],"df_price":42,"df_sale_price":"","df_regular_price":42,"df_image_link":"https:\/\/cdn02.fabioferro.eu\/wp-content\/uploads\/virtuemart\/product\/BHS900-64OniceMatting.jpg","_links":{"self":[{"href":"https:\/\/www.fabioferro.eu\/de\/wp-json\/wp\/v2\/product\/121117","targetHints":{"allow":["GET"]}}],"collection":[{"href":"https:\/\/www.fabioferro.eu\/de\/wp-json\/wp\/v2\/product"}],"about":[{"href":"https:\/\/www.fabioferro.eu\/de\/wp-json\/wp\/v2\/types\/product"}],"replies":[{"embeddable":true,"href":"https:\/\/www.fabioferro.eu\/de\/wp-json\/wp\/v2\/comments?post=121117"}],"version-history":[{"count":0,"href":"https:\/\/www.fabioferro.eu\/de\/wp-json\/wp\/v2\/product\/121117\/revisions"}],"wp:featuredmedia":[{"embeddable":true,"href":"https:\/\/www.fabioferro.eu\/de\/wp-json\/wp\/v2\/media\/121123"}],"wp:attachment":[{"href":"https:\/\/www.fabioferro.eu\/de\/wp-json\/wp\/v2\/media?parent=121117"}],"wp:term":[{"taxonomy":"product_brand","embeddable":true,"href":"https:\/\/www.fabioferro.eu\/de\/wp-json\/wp\/v2\/product_brand?post=121117"},{"taxonomy":"product_cat","embeddable":true,"href":"https:\/\/www.fabioferro.eu\/de\/wp-json\/wp\/v2\/product_cat?post=121117"},{"taxonomy":"product_tag","embeddable":true,"href":"https:\/\/www.fabioferro.eu\/de\/wp-json\/wp\/v2\/product_tag?post=121117"}],"curies":[{"name":"wp","href":"https:\/\/api.w.org\/{rel}","templated":true}]}}