{"id":121130,"date":"2022-06-01T19:08:41","date_gmt":"2022-06-01T17:08:41","guid":{"rendered":"https:\/\/www.fabioferro.eu\/charme-giovanni-raspini-forbice.html"},"modified":"2022-06-01T19:08:41","modified_gmt":"2022-06-01T17:08:41","slug":"charme-giovanni-raspini-forbice","status":"publish","type":"product","link":"https:\/\/www.fabioferro.eu\/de\/charme-giovanni-raspini-forbice.html","title":{"rendered":"Charme Giovanni Raspini Forbice"},"content":{"rendered":"<div class=\"description\">\n<div class=\"description\">\n<p>Giovanni Raspini Charm aus 925\/1000 Sterling Silber in Form einer Schere.<\/p>\n<p>Die Abmessungen der Schere sind mm. 19&#215;8. Der Anh\u00e4nger misst insgesamt 28 mm einschlie\u00dflich der Gegenklinke.<\/p>\n<p>Der Anh\u00e4nger ist mit einer offenen runden Perle von 9 mm Durchmesser versehen, so dass er als Anh\u00e4nger an einem Rollarmband angebracht werden kann. Ideal auch als Halskette oder als Schl\u00fcsselanh\u00e4nger an einem Spiralbrustst\u00fcck.<\/p>\n<p>Neuer Anh\u00e4nger mit original Giovanni Raspini Etui und Garantie.<\/p>\n<\/div>\n<\/div>\n","protected":false},"excerpt":{"rendered":"<p>Giovanni Raspini Charm aus 925\/1000 Sterling Silber in Form einer Schere.<\/p>\n","protected":false},"featured_media":121138,"comment_status":"open","ping_status":"closed","template":"","meta":[],"product_brand":[],"product_cat":[7575,7576,7578],"product_tag":[],"class_list":{"0":"post-121130","1":"product","2":"type-product","3":"status-publish","4":"has-post-thumbnail","6":"product_cat-do-it-yourself-schmuck-giovanni-raspini","7":"product_cat-giovanni-raspini-reize","8":"product_cat-raspini-charms-fur-veranstaltung-de","10":"first","11":"instock","12":"sale","13":"taxable","14":"shipping-taxable","15":"purchasable","16":"product-type-simple"},"exclude_global_add_ons":[],"addons":[],"df_price":36,"df_sale_price":36,"df_regular_price":40,"df_image_link":"https:\/\/cdn02.fabioferro.eu\/wp-content\/uploads\/virtuemart\/product\/charm-giovanni-raspini-argento-forbice-parucchiera-8726.jpg","_links":{"self":[{"href":"https:\/\/www.fabioferro.eu\/de\/wp-json\/wp\/v2\/product\/121130","targetHints":{"allow":["GET"]}}],"collection":[{"href":"https:\/\/www.fabioferro.eu\/de\/wp-json\/wp\/v2\/product"}],"about":[{"href":"https:\/\/www.fabioferro.eu\/de\/wp-json\/wp\/v2\/types\/product"}],"replies":[{"embeddable":true,"href":"https:\/\/www.fabioferro.eu\/de\/wp-json\/wp\/v2\/comments?post=121130"}],"version-history":[{"count":0,"href":"https:\/\/www.fabioferro.eu\/de\/wp-json\/wp\/v2\/product\/121130\/revisions"}],"wp:featuredmedia":[{"embeddable":true,"href":"https:\/\/www.fabioferro.eu\/de\/wp-json\/wp\/v2\/media\/121138"}],"wp:attachment":[{"href":"https:\/\/www.fabioferro.eu\/de\/wp-json\/wp\/v2\/media?parent=121130"}],"wp:term":[{"taxonomy":"product_brand","embeddable":true,"href":"https:\/\/www.fabioferro.eu\/de\/wp-json\/wp\/v2\/product_brand?post=121130"},{"taxonomy":"product_cat","embeddable":true,"href":"https:\/\/www.fabioferro.eu\/de\/wp-json\/wp\/v2\/product_cat?post=121130"},{"taxonomy":"product_tag","embeddable":true,"href":"https:\/\/www.fabioferro.eu\/de\/wp-json\/wp\/v2\/product_tag?post=121130"}],"curies":[{"name":"wp","href":"https:\/\/api.w.org\/{rel}","templated":true}]}}