{"id":121131,"date":"2022-06-01T19:07:20","date_gmt":"2022-06-01T17:07:20","guid":{"rendered":"https:\/\/www.fabioferro.eu\/ti-sento-milano-925-sterling-silber-damenarmband-mit-gekreuzten-zirkonia-kreis.html"},"modified":"2022-06-01T19:07:20","modified_gmt":"2022-06-01T17:07:20","slug":"ti-sento-milano-925-sterling-silber-damenarmband-mit-gekreuzten-zirkonia-kreis","status":"publish","type":"product","link":"https:\/\/www.fabioferro.eu\/de\/ti-sento-milano-925-sterling-silber-damenarmband-mit-gekreuzten-zirkonia-kreis.html","title":{"rendered":"Ti Sento Milano 925 Sterling Silber Damenarmband mit gekreuzten Zirkonia Kreis"},"content":{"rendered":"<div class=\"description\">\n<div class=\"description\">\n<p>Ti Sento Milano Damenarmband aus 925\/1000 rhodiniertem und hypoallergenem Silber mit Zirkoniumdioxid.<\/p>\n<p>Das Armband hat eine Gesamtl\u00e4nge von 20 cm, kann aber dank der Ringe, die in die L\u00e4nge des Armbands eingef\u00fcgt sind, auch bei 18 cm und 16 cm getragen werden.<\/p>\n<p>Mini-Rolli mit personalisiertem und mit dem Logo von Ti Sento Milano versehenem Karabiner-Verschluss.<\/p>\n<p>Zentrales Element mit geflochtenem Doppelkreis Durchmesser 13,00 mm, Dicke 2 mm. Wei\u00dfe Zirkone im Brillantschliff, eingefasst in eine Kette.<\/p>\n<p>Neues Schmuckst\u00fcck, begleitet von einer eleganten Schachtel und der entsprechenden Ti Sento Milano Garantie.<\/p>\n<p>&nbsp;<\/p>\n<\/div>\n<\/div>\n","protected":false},"excerpt":{"rendered":"<p>Ti Sento Milano Damenarmband aus 925er Silber mit wei\u00dfem Zirkoniakreuz.<\/p>\n","protected":false},"featured_media":121141,"comment_status":"open","ping_status":"closed","template":"","meta":[],"product_brand":[158],"product_cat":[6074],"product_tag":[7551],"class_list":{"0":"post-121131","1":"product","2":"type-product","3":"status-publish","4":"has-post-thumbnail","6":"product_brand-ti-sento-milano","7":"product_cat-ti-sento-milano-armbander","8":"product_tag-ausschlusse","10":"first","11":"outofstock","12":"taxable","13":"shipping-taxable","14":"purchasable","15":"product-type-simple"},"exclude_global_add_ons":[],"addons":[],"df_price":65,"df_sale_price":"","df_regular_price":65,"df_image_link":"https:\/\/cdn02.fabioferro.eu\/wp-content\/uploads\/virtuemart\/product\/bracciale-donna-ti-sento-milano-2790zi.jpg","_links":{"self":[{"href":"https:\/\/www.fabioferro.eu\/de\/wp-json\/wp\/v2\/product\/121131","targetHints":{"allow":["GET"]}}],"collection":[{"href":"https:\/\/www.fabioferro.eu\/de\/wp-json\/wp\/v2\/product"}],"about":[{"href":"https:\/\/www.fabioferro.eu\/de\/wp-json\/wp\/v2\/types\/product"}],"replies":[{"embeddable":true,"href":"https:\/\/www.fabioferro.eu\/de\/wp-json\/wp\/v2\/comments?post=121131"}],"version-history":[{"count":0,"href":"https:\/\/www.fabioferro.eu\/de\/wp-json\/wp\/v2\/product\/121131\/revisions"}],"wp:featuredmedia":[{"embeddable":true,"href":"https:\/\/www.fabioferro.eu\/de\/wp-json\/wp\/v2\/media\/121141"}],"wp:attachment":[{"href":"https:\/\/www.fabioferro.eu\/de\/wp-json\/wp\/v2\/media?parent=121131"}],"wp:term":[{"taxonomy":"product_brand","embeddable":true,"href":"https:\/\/www.fabioferro.eu\/de\/wp-json\/wp\/v2\/product_brand?post=121131"},{"taxonomy":"product_cat","embeddable":true,"href":"https:\/\/www.fabioferro.eu\/de\/wp-json\/wp\/v2\/product_cat?post=121131"},{"taxonomy":"product_tag","embeddable":true,"href":"https:\/\/www.fabioferro.eu\/de\/wp-json\/wp\/v2\/product_tag?post=121131"}],"curies":[{"name":"wp","href":"https:\/\/api.w.org\/{rel}","templated":true}]}}