{"id":121134,"date":"2022-06-01T19:06:44","date_gmt":"2022-06-01T17:06:44","guid":{"rendered":"https:\/\/www.fabioferro.eu\/giovanni-raspini-quadratischer-brise-schluesselanhaenger-aus-925-silber-o-mm-33.html"},"modified":"2025-05-02T17:50:30","modified_gmt":"2025-05-02T15:50:30","slug":"giovanni-raspini-quadratischer-brise-schluesselanhaenger-aus-925-silber-o-mm-33","status":"publish","type":"product","link":"https:\/\/www.fabioferro.eu\/de\/giovanni-raspini-quadratischer-brise-schluesselanhaenger-aus-925-silber-o-mm-33.html","title":{"rendered":"Giovanni Raspini Quadratischer Bris\u00e8 Schl\u00fcsselanh\u00e4nger aus 925 Silber \u00d8 MM. 33"},"content":{"rendered":"<div class=\"description\">\n<div class=\"description\">\n<div class=\"description\">\n<p>Giovanni Raspini 925\/1000 Sterling Silber Schl\u00fcsselanh\u00e4nger &#8211; Made in Italy &#8211; Handgefertigt.<\/p>\n<p>Bris\u00e8-Spiralenmodell mit einer quadratischen Form von 33 mm und einer Dicke von 2 mm. Giovanni Raspini-Logo auf beiden Seiten eingepr\u00e4gt.<\/p>\n<p>Dieser Schl\u00fcsselanh\u00e4nger kann mit den unendlich vielen Anh\u00e4ngern von Giovanni Raspini individuell gestaltet werden.<\/p>\n<p>Der Schl\u00fcsselanh\u00e4nger wird mit einer personalisierten Schachtel und der offiziellen Giovanni Raspini Garantie geliefert.<\/p>\n<p>Ich stelle eine Quittung und\/oder Rechnung aus.<\/p>\n<\/div>\n<\/div>\n<\/div>\n","protected":false},"excerpt":{"rendered":"<p>Giovanni Raspini Schl\u00fcsselanh\u00e4nger aus Silber in quadratischer Form<\/p>\n","protected":false},"featured_media":121145,"comment_status":"open","ping_status":"closed","template":"","meta":[],"product_brand":[155],"product_cat":[7575],"product_tag":[7442],"class_list":{"0":"post-121134","1":"product","2":"type-product","3":"status-publish","4":"has-post-thumbnail","6":"product_brand-raspini","7":"product_cat-do-it-yourself-schmuck-giovanni-raspini","8":"product_tag-verfugbar","10":"first","11":"instock","12":"sale","13":"taxable","14":"shipping-taxable","15":"purchasable","16":"product-type-simple"},"exclude_global_add_ons":[],"addons":[],"df_price":76.5,"df_sale_price":76.5,"df_regular_price":85,"df_image_link":"https:\/\/cdn02.fabioferro.eu\/wp-content\/uploads\/virtuemart\/product\/portachiavi-giovanni-raspini-quadrato08121.jpg","_links":{"self":[{"href":"https:\/\/www.fabioferro.eu\/de\/wp-json\/wp\/v2\/product\/121134","targetHints":{"allow":["GET"]}}],"collection":[{"href":"https:\/\/www.fabioferro.eu\/de\/wp-json\/wp\/v2\/product"}],"about":[{"href":"https:\/\/www.fabioferro.eu\/de\/wp-json\/wp\/v2\/types\/product"}],"replies":[{"embeddable":true,"href":"https:\/\/www.fabioferro.eu\/de\/wp-json\/wp\/v2\/comments?post=121134"}],"version-history":[{"count":0,"href":"https:\/\/www.fabioferro.eu\/de\/wp-json\/wp\/v2\/product\/121134\/revisions"}],"wp:featuredmedia":[{"embeddable":true,"href":"https:\/\/www.fabioferro.eu\/de\/wp-json\/wp\/v2\/media\/121145"}],"wp:attachment":[{"href":"https:\/\/www.fabioferro.eu\/de\/wp-json\/wp\/v2\/media?parent=121134"}],"wp:term":[{"taxonomy":"product_brand","embeddable":true,"href":"https:\/\/www.fabioferro.eu\/de\/wp-json\/wp\/v2\/product_brand?post=121134"},{"taxonomy":"product_cat","embeddable":true,"href":"https:\/\/www.fabioferro.eu\/de\/wp-json\/wp\/v2\/product_cat?post=121134"},{"taxonomy":"product_tag","embeddable":true,"href":"https:\/\/www.fabioferro.eu\/de\/wp-json\/wp\/v2\/product_tag?post=121134"}],"curies":[{"name":"wp","href":"https:\/\/api.w.org\/{rel}","templated":true}]}}