{"id":121158,"date":"2022-06-01T19:08:27","date_gmt":"2022-06-01T17:08:27","guid":{"rendered":"https:\/\/www.fabioferro.eu\/charme-giovanni-raspini-digitalkamera.html"},"modified":"2022-06-01T19:08:27","modified_gmt":"2022-06-01T17:08:27","slug":"charme-giovanni-raspini-digitalkamera","status":"publish","type":"product","link":"https:\/\/www.fabioferro.eu\/de\/charme-giovanni-raspini-digitalkamera.html","title":{"rendered":"Charme Giovanni Raspini Digitalkamera"},"content":{"rendered":"<div class=\"description\">\n<div class=\"description\">\n<div class=\"description\">\n<p>Giovanni Raspini 925\/1000 Silberanh\u00e4nger &#8211; handgefertigt Made in Italy.<\/p>\n<p>Anh\u00e4nger in Form einer Digitalkamera.<\/p>\n<p>Der Anh\u00e4nger misst 13 mm in der L\u00e4nge und 10 mm in der H\u00f6he. Die Dicke betr\u00e4gt 9,5 mm.<\/p>\n<p>Der Anh\u00e4nger ist mit einer offenen runden Perle mit einem Durchmesser von 9 mm versehen, damit er an einem Rollband-Armband befestigt werden kann. Er kann einfach auf eine Silber- oder Gummikette aufgef\u00e4delt oder als Schl\u00fcsselanh\u00e4nger auf ein Spiralbr\u00fcstchen gesteckt werden.<\/p>\n<p>Die Gesamtl\u00e4nge ist 20 mm und das Gewicht betr\u00e4gt 6,5 g.<\/p>\n<p>Der Anh\u00e4nger wird mit einem Etui und einem Echtheitszertifikat von Giovanni Raspini geliefert.<\/p>\n<\/div>\n<\/div>\n<\/div>\n","protected":false},"excerpt":{"rendered":"<p>Giovanni Raspini 925 Silberanh\u00e4nger in Form einer Digitalkamera mit Objektiv.<\/p>\n","protected":false},"featured_media":121170,"comment_status":"open","ping_status":"closed","template":"","meta":[],"product_brand":[155],"product_cat":[7575,7576],"product_tag":[7442],"class_list":{"0":"post-121158","1":"product","2":"type-product","3":"status-publish","4":"has-post-thumbnail","6":"product_brand-raspini","7":"product_cat-do-it-yourself-schmuck-giovanni-raspini","8":"product_cat-giovanni-raspini-reize","9":"product_tag-verfugbar","11":"first","12":"instock","13":"sale","14":"taxable","15":"shipping-taxable","16":"purchasable","17":"product-type-simple"},"exclude_global_add_ons":[],"addons":[],"df_price":54,"df_sale_price":54,"df_regular_price":60,"df_image_link":"https:\/\/cdn02.fabioferro.eu\/wp-content\/uploads\/virtuemart\/product\/charm-giovanni-raspini-macchina-fotografica-8659.jpg","_links":{"self":[{"href":"https:\/\/www.fabioferro.eu\/de\/wp-json\/wp\/v2\/product\/121158","targetHints":{"allow":["GET"]}}],"collection":[{"href":"https:\/\/www.fabioferro.eu\/de\/wp-json\/wp\/v2\/product"}],"about":[{"href":"https:\/\/www.fabioferro.eu\/de\/wp-json\/wp\/v2\/types\/product"}],"replies":[{"embeddable":true,"href":"https:\/\/www.fabioferro.eu\/de\/wp-json\/wp\/v2\/comments?post=121158"}],"version-history":[{"count":0,"href":"https:\/\/www.fabioferro.eu\/de\/wp-json\/wp\/v2\/product\/121158\/revisions"}],"wp:featuredmedia":[{"embeddable":true,"href":"https:\/\/www.fabioferro.eu\/de\/wp-json\/wp\/v2\/media\/121170"}],"wp:attachment":[{"href":"https:\/\/www.fabioferro.eu\/de\/wp-json\/wp\/v2\/media?parent=121158"}],"wp:term":[{"taxonomy":"product_brand","embeddable":true,"href":"https:\/\/www.fabioferro.eu\/de\/wp-json\/wp\/v2\/product_brand?post=121158"},{"taxonomy":"product_cat","embeddable":true,"href":"https:\/\/www.fabioferro.eu\/de\/wp-json\/wp\/v2\/product_cat?post=121158"},{"taxonomy":"product_tag","embeddable":true,"href":"https:\/\/www.fabioferro.eu\/de\/wp-json\/wp\/v2\/product_tag?post=121158"}],"curies":[{"name":"wp","href":"https:\/\/api.w.org\/{rel}","templated":true}]}}