{"id":121164,"date":"2022-06-01T19:08:40","date_gmt":"2022-06-01T17:08:40","guid":{"rendered":"https:\/\/www.fabioferro.eu\/925-giovanni-raspini-silber-anhaenger-in-form-einer-vespa.html"},"modified":"2024-09-18T15:33:03","modified_gmt":"2024-09-18T13:33:03","slug":"925-giovanni-raspini-silber-anhaenger-in-form-einer-vespa","status":"publish","type":"product","link":"https:\/\/www.fabioferro.eu\/de\/925-giovanni-raspini-silber-anhaenger-in-form-einer-vespa.html","title":{"rendered":"925 Giovanni Raspini Silber Anh\u00e4nger in Form einer Vespa"},"content":{"rendered":"<div class=\"description\">\n<div class=\"description\">  Giovanni Raspini Charm aus 925\/1000 Silber in Form einer Vespa. Die Abmessungen der Wespe sind 20&#215;10 mm breit und 11 mm hoch. Der Anh\u00e4nger hat ein offenes, rundes Trikot, damit er als Charm an einem Rollband-Armband angebracht werden kann. Ideal auch als Halskette oder als Schl\u00fcsselanh\u00e4nger an einem Spiralbrustst\u00fcck. Neuer Artikel mit original Giovanni Raspini Box und Garantie. Ich stelle eine Quittung und\/oder Rechnung aus. <\/div>\n<\/div>\n","protected":false},"excerpt":{"rendered":"<p>Giovanni Raspini 925 Sterling Silber Anh\u00e4nger in Form einer Vespa 50<\/p>\n","protected":false},"featured_media":121173,"comment_status":"open","ping_status":"closed","template":"","meta":[],"product_brand":[155],"product_cat":[7575,7576,7578],"product_tag":[7442],"class_list":{"0":"post-121164","1":"product","2":"type-product","3":"status-publish","4":"has-post-thumbnail","6":"product_brand-raspini","7":"product_cat-do-it-yourself-schmuck-giovanni-raspini","8":"product_cat-giovanni-raspini-reize","9":"product_cat-raspini-charms-fur-veranstaltung-de","10":"product_tag-verfugbar","12":"first","13":"instock","14":"sale","15":"taxable","16":"shipping-taxable","17":"purchasable","18":"product-type-simple"},"exclude_global_add_ons":[],"addons":[],"df_price":36,"df_sale_price":36,"df_regular_price":40,"df_image_link":"https:\/\/cdn02.fabioferro.eu\/wp-content\/uploads\/virtuemart\/product\/charm-giovanni-raspini-vespa-argento-9512.jpg","_links":{"self":[{"href":"https:\/\/www.fabioferro.eu\/de\/wp-json\/wp\/v2\/product\/121164","targetHints":{"allow":["GET"]}}],"collection":[{"href":"https:\/\/www.fabioferro.eu\/de\/wp-json\/wp\/v2\/product"}],"about":[{"href":"https:\/\/www.fabioferro.eu\/de\/wp-json\/wp\/v2\/types\/product"}],"replies":[{"embeddable":true,"href":"https:\/\/www.fabioferro.eu\/de\/wp-json\/wp\/v2\/comments?post=121164"}],"version-history":[{"count":0,"href":"https:\/\/www.fabioferro.eu\/de\/wp-json\/wp\/v2\/product\/121164\/revisions"}],"wp:featuredmedia":[{"embeddable":true,"href":"https:\/\/www.fabioferro.eu\/de\/wp-json\/wp\/v2\/media\/121173"}],"wp:attachment":[{"href":"https:\/\/www.fabioferro.eu\/de\/wp-json\/wp\/v2\/media?parent=121164"}],"wp:term":[{"taxonomy":"product_brand","embeddable":true,"href":"https:\/\/www.fabioferro.eu\/de\/wp-json\/wp\/v2\/product_brand?post=121164"},{"taxonomy":"product_cat","embeddable":true,"href":"https:\/\/www.fabioferro.eu\/de\/wp-json\/wp\/v2\/product_cat?post=121164"},{"taxonomy":"product_tag","embeddable":true,"href":"https:\/\/www.fabioferro.eu\/de\/wp-json\/wp\/v2\/product_tag?post=121164"}],"curies":[{"name":"wp","href":"https:\/\/api.w.org\/{rel}","templated":true}]}}