{"id":121166,"date":"2022-06-01T19:07:40","date_gmt":"2022-06-01T17:07:40","guid":{"rendered":"https:\/\/www.fabioferro.eu\/giovanni-raspini-925-sterling-silber-windrose-charme.html"},"modified":"2025-06-06T15:58:36","modified_gmt":"2025-06-06T13:58:36","slug":"giovanni-raspini-925-sterling-silber-windrose-charme","status":"publish","type":"product","link":"https:\/\/www.fabioferro.eu\/de\/giovanni-raspini-925-sterling-silber-windrose-charme.html","title":{"rendered":"Giovanni Raspini 925 Sterling Silber Windrose Charme"},"content":{"rendered":"<div class=\"description\">\n<div class=\"description\">  Giovanni Raspini 925\/1000 Sterling Silber Charm &#8211; Made in Italy &#8211; Der Charm in Form einer Windrose wird mit einem offenen Verschluss geliefert, so dass Sie ihn leicht an einem Armband befestigen oder einfach an einer Halskette oder Gummikordel auff\u00e4deln k\u00f6nnen. Der Anh\u00e4nger misst 12 mm im Durchmesser und 2 mm in der Dicke. Neues Schmuckst\u00fcck mit Krokodil-Etui und Original-Garantie von Giovanni Raspini. Ich stelle eine Quittung und\/oder Rechnung aus. <\/div>\n<\/div>\n","protected":false},"excerpt":{"rendered":"<p>925 Sterling Silber Giovanni Raspini Anh\u00e4nger in Form einer Kompassrose.<\/p>\n","protected":false},"featured_media":121172,"comment_status":"open","ping_status":"closed","template":"","meta":[],"product_brand":[155],"product_cat":[7575,7576,7578],"product_tag":[],"class_list":{"0":"post-121166","1":"product","2":"type-product","3":"status-publish","4":"has-post-thumbnail","6":"product_brand-raspini","7":"product_cat-do-it-yourself-schmuck-giovanni-raspini","8":"product_cat-giovanni-raspini-reize","9":"product_cat-raspini-charms-fur-veranstaltung-de","11":"first","12":"instock","13":"sale","14":"taxable","15":"shipping-taxable","16":"purchasable","17":"product-type-simple"},"exclude_global_add_ons":[],"addons":[],"df_price":36,"df_sale_price":36,"df_regular_price":40,"df_image_link":"https:\/\/cdn02.fabioferro.eu\/wp-content\/uploads\/virtuemart\/product\/8070-charm-giovanni-raspini-rosa-dei-venti-argento.jpg","_links":{"self":[{"href":"https:\/\/www.fabioferro.eu\/de\/wp-json\/wp\/v2\/product\/121166","targetHints":{"allow":["GET"]}}],"collection":[{"href":"https:\/\/www.fabioferro.eu\/de\/wp-json\/wp\/v2\/product"}],"about":[{"href":"https:\/\/www.fabioferro.eu\/de\/wp-json\/wp\/v2\/types\/product"}],"replies":[{"embeddable":true,"href":"https:\/\/www.fabioferro.eu\/de\/wp-json\/wp\/v2\/comments?post=121166"}],"version-history":[{"count":0,"href":"https:\/\/www.fabioferro.eu\/de\/wp-json\/wp\/v2\/product\/121166\/revisions"}],"wp:featuredmedia":[{"embeddable":true,"href":"https:\/\/www.fabioferro.eu\/de\/wp-json\/wp\/v2\/media\/121172"}],"wp:attachment":[{"href":"https:\/\/www.fabioferro.eu\/de\/wp-json\/wp\/v2\/media?parent=121166"}],"wp:term":[{"taxonomy":"product_brand","embeddable":true,"href":"https:\/\/www.fabioferro.eu\/de\/wp-json\/wp\/v2\/product_brand?post=121166"},{"taxonomy":"product_cat","embeddable":true,"href":"https:\/\/www.fabioferro.eu\/de\/wp-json\/wp\/v2\/product_cat?post=121166"},{"taxonomy":"product_tag","embeddable":true,"href":"https:\/\/www.fabioferro.eu\/de\/wp-json\/wp\/v2\/product_tag?post=121166"}],"curies":[{"name":"wp","href":"https:\/\/api.w.org\/{rel}","templated":true}]}}