{"id":121167,"date":"2022-06-01T19:07:18","date_gmt":"2022-06-01T17:07:18","guid":{"rendered":"https:\/\/www.fabioferro.eu\/ti-sento-milano-925-sterling-silber-damenhalskette-mit-gekreuztem-zirkonia-anhaenger.html"},"modified":"2022-06-01T19:07:18","modified_gmt":"2022-06-01T17:07:18","slug":"ti-sento-milano-925-sterling-silber-damenhalskette-mit-gekreuztem-zirkonia-anhaenger","status":"publish","type":"product","link":"https:\/\/www.fabioferro.eu\/de\/ti-sento-milano-925-sterling-silber-damenhalskette-mit-gekreuztem-zirkonia-anhaenger.html","title":{"rendered":"Ti Sento Milano 925 Sterling Silber Damenhalskette mit gekreuztem Zirkonia-Anh\u00e4nger"},"content":{"rendered":"<div class=\"description\">\n<p>Ti Sento Milano Damenhalskette aus rhodiniertem 925\/1000 Sterlingsilber mit Kreuzanh\u00e4nger mit Zirkonia.<\/p>\n<p>Rolo-Kette Gesamtl\u00e4nge 48,00 cm. Die Kette kann auch bei cm. 38 &#8211; 40 &#8211; 42 &#8211; 45 getragen werden, dank der Einf\u00fcgung von vier Gliedern am Ende der Kette. Siehe Foto.<\/p>\n<p>Doppelter gekreuzter zentraler Anh\u00e4nger aus poliertem Silber. Pav\u00e8 aus wei\u00dfen Zirkonen in einer Schiene gefasst. Der Anh\u00e4nger misst 18 mm bei einer Dicke von 2 mm.<\/p>\n<p>Neues Schmuckst\u00fcck mit elegantem Etui und original Ti Sento Milano Garantie.<\/p>\n<p>Ich stelle eine Quittung und\/oder Rechnung aus.<\/p>\n<\/div>\n","protected":false},"excerpt":{"rendered":"<p>Ti Sento Milano Damenhalskette aus 925er Silber mit Zirkoniumdioxid.<\/p>\n","protected":false},"featured_media":121174,"comment_status":"open","ping_status":"closed","template":"","meta":[],"product_brand":[158],"product_cat":[6090],"product_tag":[7551,7442],"class_list":{"0":"post-121167","1":"product","2":"type-product","3":"status-publish","4":"has-post-thumbnail","6":"product_brand-ti-sento-milano","7":"product_cat-ti-sento-milano-halsketten","8":"product_tag-ausschlusse","9":"product_tag-verfugbar","11":"first","12":"outofstock","13":"taxable","14":"shipping-taxable","15":"purchasable","16":"product-type-simple"},"exclude_global_add_ons":[],"addons":[],"df_price":89,"df_sale_price":"","df_regular_price":89,"df_image_link":"https:\/\/cdn02.fabioferro.eu\/wp-content\/uploads\/virtuemart\/product\/collana-donna-in-argento-ti-sento-milano-3822ZI.jpg","_links":{"self":[{"href":"https:\/\/www.fabioferro.eu\/de\/wp-json\/wp\/v2\/product\/121167","targetHints":{"allow":["GET"]}}],"collection":[{"href":"https:\/\/www.fabioferro.eu\/de\/wp-json\/wp\/v2\/product"}],"about":[{"href":"https:\/\/www.fabioferro.eu\/de\/wp-json\/wp\/v2\/types\/product"}],"replies":[{"embeddable":true,"href":"https:\/\/www.fabioferro.eu\/de\/wp-json\/wp\/v2\/comments?post=121167"}],"version-history":[{"count":0,"href":"https:\/\/www.fabioferro.eu\/de\/wp-json\/wp\/v2\/product\/121167\/revisions"}],"wp:featuredmedia":[{"embeddable":true,"href":"https:\/\/www.fabioferro.eu\/de\/wp-json\/wp\/v2\/media\/121174"}],"wp:attachment":[{"href":"https:\/\/www.fabioferro.eu\/de\/wp-json\/wp\/v2\/media?parent=121167"}],"wp:term":[{"taxonomy":"product_brand","embeddable":true,"href":"https:\/\/www.fabioferro.eu\/de\/wp-json\/wp\/v2\/product_brand?post=121167"},{"taxonomy":"product_cat","embeddable":true,"href":"https:\/\/www.fabioferro.eu\/de\/wp-json\/wp\/v2\/product_cat?post=121167"},{"taxonomy":"product_tag","embeddable":true,"href":"https:\/\/www.fabioferro.eu\/de\/wp-json\/wp\/v2\/product_tag?post=121167"}],"curies":[{"name":"wp","href":"https:\/\/api.w.org\/{rel}","templated":true}]}}