{"id":121169,"date":"2022-06-01T19:06:59","date_gmt":"2022-06-01T17:06:59","guid":{"rendered":"https:\/\/www.fabioferro.eu\/herrenhalsband-comete-schmuck-aus-stahl-und-rose-pvd-kollektion-tiefsee.html"},"modified":"2025-06-06T16:21:45","modified_gmt":"2025-06-06T14:21:45","slug":"herrenhalsband-comete-schmuck-aus-stahl-und-rose-pvd-kollektion-tiefsee","status":"publish","type":"product","link":"https:\/\/www.fabioferro.eu\/de\/herrenhalsband-comete-schmuck-aus-stahl-und-rose-pvd-kollektion-tiefsee.html","title":{"rendered":"Herrenhalsband Comete Schmuck aus Stahl und Rose Pvd Kollektion Tiefsee"},"content":{"rendered":"<div class=\"description\">\n<p>Comete Herrenhalsband der Deep Sea Kollektion aus hypoallergenem Edelstahl mit rosa PVD. Eine Kollektion, die allen Liebhabern des Meeres Tribut zollt.<\/p>\n<p>Marineknotenkette, Dicke 4,00 mm, L\u00e4nge 50,00 cm. Verschluss mit Karabinerhaken.<\/p>\n<p>In der Mitte der Kette befindet sich ein stilisierter Haken mit den Ma\u00dfen 22 mm und 8 mm Breite. Der Haken wird seitlich von einem polierten rosa PVD-Stahlglied \u00fcberbr\u00fcckt.<\/p>\n<p>Neues Schmuckst\u00fcck komplett mit Etui und original Comete Gioielli Garantie.<\/p>\n<\/div>\n","protected":false},"excerpt":{"rendered":"<p>Herrenhalsband Comete Gioielli aus Edelstahl und rosa PVD Deep Sea Kollektion.<\/p>\n","protected":false},"featured_media":121184,"comment_status":"open","ping_status":"closed","template":"","meta":[],"product_brand":[157],"product_cat":[6338,6380],"product_tag":[7442],"class_list":{"0":"post-121169","1":"product","2":"type-product","3":"status-publish","4":"has-post-thumbnail","6":"product_brand-comete","7":"product_cat-comete-herren-halsketten","8":"product_cat-mannerschmuck","9":"product_tag-verfugbar","11":"first","12":"outofstock","13":"sale","14":"taxable","15":"shipping-taxable","16":"purchasable","17":"product-type-simple"},"exclude_global_add_ons":[],"addons":[],"df_price":88.2,"df_sale_price":88.2,"df_regular_price":98,"df_image_link":"https:\/\/cdn02.fabioferro.eu\/wp-content\/uploads\/virtuemart\/product\/UGL619-collana-comete-uomo-deep-sea-acciaio.jpg","_links":{"self":[{"href":"https:\/\/www.fabioferro.eu\/de\/wp-json\/wp\/v2\/product\/121169","targetHints":{"allow":["GET"]}}],"collection":[{"href":"https:\/\/www.fabioferro.eu\/de\/wp-json\/wp\/v2\/product"}],"about":[{"href":"https:\/\/www.fabioferro.eu\/de\/wp-json\/wp\/v2\/types\/product"}],"replies":[{"embeddable":true,"href":"https:\/\/www.fabioferro.eu\/de\/wp-json\/wp\/v2\/comments?post=121169"}],"version-history":[{"count":0,"href":"https:\/\/www.fabioferro.eu\/de\/wp-json\/wp\/v2\/product\/121169\/revisions"}],"wp:featuredmedia":[{"embeddable":true,"href":"https:\/\/www.fabioferro.eu\/de\/wp-json\/wp\/v2\/media\/121184"}],"wp:attachment":[{"href":"https:\/\/www.fabioferro.eu\/de\/wp-json\/wp\/v2\/media?parent=121169"}],"wp:term":[{"taxonomy":"product_brand","embeddable":true,"href":"https:\/\/www.fabioferro.eu\/de\/wp-json\/wp\/v2\/product_brand?post=121169"},{"taxonomy":"product_cat","embeddable":true,"href":"https:\/\/www.fabioferro.eu\/de\/wp-json\/wp\/v2\/product_cat?post=121169"},{"taxonomy":"product_tag","embeddable":true,"href":"https:\/\/www.fabioferro.eu\/de\/wp-json\/wp\/v2\/product_tag?post=121169"}],"curies":[{"name":"wp","href":"https:\/\/api.w.org\/{rel}","templated":true}]}}