{"id":121180,"date":"2022-06-01T19:08:31","date_gmt":"2022-06-01T17:08:31","guid":{"rendered":"https:\/\/www.fabioferro.eu\/charme-giovanni-raspini-naehmaschine.html"},"modified":"2022-06-01T19:08:31","modified_gmt":"2022-06-01T17:08:31","slug":"charme-giovanni-raspini-naehmaschine","status":"publish","type":"product","link":"https:\/\/www.fabioferro.eu\/de\/charme-giovanni-raspini-naehmaschine.html","title":{"rendered":"Charme Giovanni Raspini N\u00e4hmaschine"},"content":{"rendered":"<div class=\"description\">\n<div class=\"description\">\n<div class=\"description\">\n<div class=\"description\">\n<div class=\"description\">\n<p>Giovanni Raspini 925\/1000 Silberanh\u00e4nger &#8211; handgefertigt Made in Italy.<\/p>\n<p>Anh\u00e4nger in Form eines N\u00e4hmaschinen-Kurbelmodells.<\/p>\n<p>Der Anh\u00e4nger misst 15 mm in der L\u00e4nge (ohne Trikot) und 7 mm in der Dicke. H\u00f6he mm. 12.<\/p>\n<p>Der Anh\u00e4nger ist mit einer offenen runden Perle mit einem Durchmesser von 9 mm versehen, damit er an einem Rollband-Armband befestigt werden kann. Er kann einfach auf eine Silber- oder Gummikette aufgef\u00e4delt oder als Schl\u00fcsselanh\u00e4nger auf ein Spiralbr\u00fcstchen gesteckt werden.<\/p>\n<p>Die Gesamtl\u00e4nge betr\u00e4gt 28 mm und das Gewicht ist 4,0 g.<\/p>\n<p>Der Anh\u00e4nger wird mit einem Etui und einem Echtheitszertifikat von Giovanni Raspini geliefert.<\/p>\n<\/div>\n<\/div>\n<\/div>\n<\/div>\n<\/div>\n","protected":false},"excerpt":{"rendered":"<p>Giovanni Raspini 925 Sterling Silber Charm in Form einer handgekurbelten N\u00e4hmaschine.<\/p>\n","protected":false},"featured_media":121190,"comment_status":"open","ping_status":"closed","template":"","meta":[],"product_brand":[155],"product_cat":[7575,7576,7578],"product_tag":[7442],"class_list":{"0":"post-121180","1":"product","2":"type-product","3":"status-publish","4":"has-post-thumbnail","6":"product_brand-raspini","7":"product_cat-do-it-yourself-schmuck-giovanni-raspini","8":"product_cat-giovanni-raspini-reize","9":"product_cat-raspini-charms-fur-veranstaltung-de","10":"product_tag-verfugbar","12":"first","13":"instock","14":"sale","15":"taxable","16":"shipping-taxable","17":"purchasable","18":"product-type-simple"},"exclude_global_add_ons":[],"addons":[],"df_price":40.5,"df_sale_price":40.5,"df_regular_price":45,"df_image_link":"https:\/\/cdn02.fabioferro.eu\/wp-content\/uploads\/virtuemart\/product\/charm-giovanni-raspini-macchina-per-cucire-8660.jpg","_links":{"self":[{"href":"https:\/\/www.fabioferro.eu\/de\/wp-json\/wp\/v2\/product\/121180","targetHints":{"allow":["GET"]}}],"collection":[{"href":"https:\/\/www.fabioferro.eu\/de\/wp-json\/wp\/v2\/product"}],"about":[{"href":"https:\/\/www.fabioferro.eu\/de\/wp-json\/wp\/v2\/types\/product"}],"replies":[{"embeddable":true,"href":"https:\/\/www.fabioferro.eu\/de\/wp-json\/wp\/v2\/comments?post=121180"}],"version-history":[{"count":0,"href":"https:\/\/www.fabioferro.eu\/de\/wp-json\/wp\/v2\/product\/121180\/revisions"}],"wp:featuredmedia":[{"embeddable":true,"href":"https:\/\/www.fabioferro.eu\/de\/wp-json\/wp\/v2\/media\/121190"}],"wp:attachment":[{"href":"https:\/\/www.fabioferro.eu\/de\/wp-json\/wp\/v2\/media?parent=121180"}],"wp:term":[{"taxonomy":"product_brand","embeddable":true,"href":"https:\/\/www.fabioferro.eu\/de\/wp-json\/wp\/v2\/product_brand?post=121180"},{"taxonomy":"product_cat","embeddable":true,"href":"https:\/\/www.fabioferro.eu\/de\/wp-json\/wp\/v2\/product_cat?post=121180"},{"taxonomy":"product_tag","embeddable":true,"href":"https:\/\/www.fabioferro.eu\/de\/wp-json\/wp\/v2\/product_tag?post=121180"}],"curies":[{"name":"wp","href":"https:\/\/api.w.org\/{rel}","templated":true}]}}