{"id":121183,"date":"2022-06-01T19:07:14","date_gmt":"2022-06-01T17:07:14","guid":{"rendered":"https:\/\/www.fabioferro.eu\/damen-925-sterling-silber-halskette-mit-gelbgold-plattiert-herz-anhaenger-ti-sento-milano.html"},"modified":"2024-09-26T18:17:30","modified_gmt":"2024-09-26T16:17:30","slug":"damen-925-sterling-silber-halskette-mit-gelbgold-plattiert-herz-anhaenger-ti-sento-milano","status":"publish","type":"product","link":"https:\/\/www.fabioferro.eu\/de\/damen-925-sterling-silber-halskette-mit-gelbgold-plattiert-herz-anhaenger-ti-sento-milano.html","title":{"rendered":"Damen 925 Sterling Silber Halskette mit Gelbgold plattiert Herz Anh\u00e4nger Ti Sento Milano"},"content":{"rendered":"<div class=\"description\">\n<div class=\"description\">  Ti Sento Milano Damenhalskette aus 925\/1000 rhodiniertem und hypoallergenem Silber mit gelbvergoldetem Anh\u00e4nger. Rolo-Mini-Gliederkette L\u00e4nge 45,00 cm mit Karabinerverschluss und TSM-Logo. Herzf\u00f6rmiger Anh\u00e4nger aus poliertem, gelbvergoldetem Silber mit den Ma\u00dfen mm 15,00&#215;15,00 und einer Dicke von mm 6,00. Mit der Gegenperle misst der Anh\u00e4nger 22 mm in der L\u00e4nge. Der Anh\u00e4nger wird durch die in die Gegenperle eingelassenen Zirkonias aufgewertet. Das charakteristische Merkmal dieses Anh\u00e4ngers ist die Gegenperle mit Karabinerhaken, mit der das Herz leicht abgenommen werden kann, um es an einem Armband zu befestigen oder als Schmuck f\u00fcr die Handtasche zu verwenden. Der neue Artikel wird von einer eleganten Verpackung und der Ti Sento Milano Garantie begleitet.  <\/div>\n<\/div>\n","protected":false},"excerpt":{"rendered":"<p>Ti Sento Milano Damenhalskette aus 925er Silber mit gelbvergoldetem herzf\u00f6rmigem Anh\u00e4nger.<\/p>\n","protected":false},"featured_media":121192,"comment_status":"open","ping_status":"closed","template":"","meta":[],"product_brand":[158],"product_cat":[6090],"product_tag":[7442],"class_list":{"0":"post-121183","1":"product","2":"type-product","3":"status-publish","4":"has-post-thumbnail","6":"product_brand-ti-sento-milano","7":"product_cat-ti-sento-milano-halsketten","8":"product_tag-verfugbar","10":"first","11":"instock","12":"taxable","13":"shipping-taxable","14":"purchasable","15":"product-type-simple"},"exclude_global_add_ons":[],"addons":[],"df_price":109,"df_sale_price":"","df_regular_price":109,"df_image_link":"https:\/\/cdn02.fabioferro.eu\/wp-content\/uploads\/virtuemart\/product\/collana-donna-ti-sento-milano-cuore-placcato-oro-giallo-6745SY.jpg","_links":{"self":[{"href":"https:\/\/www.fabioferro.eu\/de\/wp-json\/wp\/v2\/product\/121183","targetHints":{"allow":["GET"]}}],"collection":[{"href":"https:\/\/www.fabioferro.eu\/de\/wp-json\/wp\/v2\/product"}],"about":[{"href":"https:\/\/www.fabioferro.eu\/de\/wp-json\/wp\/v2\/types\/product"}],"replies":[{"embeddable":true,"href":"https:\/\/www.fabioferro.eu\/de\/wp-json\/wp\/v2\/comments?post=121183"}],"version-history":[{"count":0,"href":"https:\/\/www.fabioferro.eu\/de\/wp-json\/wp\/v2\/product\/121183\/revisions"}],"wp:featuredmedia":[{"embeddable":true,"href":"https:\/\/www.fabioferro.eu\/de\/wp-json\/wp\/v2\/media\/121192"}],"wp:attachment":[{"href":"https:\/\/www.fabioferro.eu\/de\/wp-json\/wp\/v2\/media?parent=121183"}],"wp:term":[{"taxonomy":"product_brand","embeddable":true,"href":"https:\/\/www.fabioferro.eu\/de\/wp-json\/wp\/v2\/product_brand?post=121183"},{"taxonomy":"product_cat","embeddable":true,"href":"https:\/\/www.fabioferro.eu\/de\/wp-json\/wp\/v2\/product_cat?post=121183"},{"taxonomy":"product_tag","embeddable":true,"href":"https:\/\/www.fabioferro.eu\/de\/wp-json\/wp\/v2\/product_tag?post=121183"}],"curies":[{"name":"wp","href":"https:\/\/api.w.org\/{rel}","templated":true}]}}