{"id":121185,"date":"2022-06-01T19:06:40","date_gmt":"2022-06-01T17:06:40","guid":{"rendered":"https:\/\/www.fabioferro.eu\/giovanni-raspini-brise-schluesselanhaenger-durchmesser-33-mm.html"},"modified":"2025-05-02T17:50:19","modified_gmt":"2025-05-02T15:50:19","slug":"giovanni-raspini-brise-schluesselanhaenger-durchmesser-33-mm","status":"publish","type":"product","link":"https:\/\/www.fabioferro.eu\/de\/giovanni-raspini-brise-schluesselanhaenger-durchmesser-33-mm.html","title":{"rendered":"Giovanni Raspini Bris\u00e8 Schl\u00fcsselanh\u00e4nger Durchmesser 33 mm"},"content":{"rendered":"<div class=\"description\">\n<p>Giovanni Raspini Schl\u00fcsselanh\u00e4nger aus 925\/1000 Silber.<\/p>\n<p>Made in Italy, handgefertigt.<\/p>\n<p>Bris\u00e8-Spiralmodell mit einem Au\u00dfendurchmesser von 33 mm, Dicke 2 mm. Giovanni Raspini-Logo auf beiden Seiten eingepr\u00e4gt.<\/p>\n<p>Der Schl\u00fcsselanh\u00e4nger wird mit einem personalisierten Etui und der offiziellen Giovanni Raspini-Garantie geliefert.<\/p>\n<\/div>\n","protected":false},"excerpt":{"rendered":"<p>Bris\u00e8 Schl\u00fcsselanh\u00e4nger Giovanni Raspini aus 925er Silber Durchmesser 33 mm.<\/p>\n","protected":false},"featured_media":121191,"comment_status":"open","ping_status":"closed","template":"","meta":[],"product_brand":[155],"product_cat":[7575],"product_tag":[7442],"class_list":{"0":"post-121185","1":"product","2":"type-product","3":"status-publish","4":"has-post-thumbnail","6":"product_brand-raspini","7":"product_cat-do-it-yourself-schmuck-giovanni-raspini","8":"product_tag-verfugbar","10":"first","11":"instock","12":"sale","13":"taxable","14":"shipping-taxable","15":"purchasable","16":"product-type-simple"},"exclude_global_add_ons":[],"addons":[],"df_price":67.5,"df_sale_price":67.5,"df_regular_price":75,"df_image_link":"https:\/\/cdn02.fabioferro.eu\/wp-content\/uploads\/virtuemart\/product\/brise-giovanni-raspini-6914.jpg","_links":{"self":[{"href":"https:\/\/www.fabioferro.eu\/de\/wp-json\/wp\/v2\/product\/121185","targetHints":{"allow":["GET"]}}],"collection":[{"href":"https:\/\/www.fabioferro.eu\/de\/wp-json\/wp\/v2\/product"}],"about":[{"href":"https:\/\/www.fabioferro.eu\/de\/wp-json\/wp\/v2\/types\/product"}],"replies":[{"embeddable":true,"href":"https:\/\/www.fabioferro.eu\/de\/wp-json\/wp\/v2\/comments?post=121185"}],"version-history":[{"count":0,"href":"https:\/\/www.fabioferro.eu\/de\/wp-json\/wp\/v2\/product\/121185\/revisions"}],"wp:featuredmedia":[{"embeddable":true,"href":"https:\/\/www.fabioferro.eu\/de\/wp-json\/wp\/v2\/media\/121191"}],"wp:attachment":[{"href":"https:\/\/www.fabioferro.eu\/de\/wp-json\/wp\/v2\/media?parent=121185"}],"wp:term":[{"taxonomy":"product_brand","embeddable":true,"href":"https:\/\/www.fabioferro.eu\/de\/wp-json\/wp\/v2\/product_brand?post=121185"},{"taxonomy":"product_cat","embeddable":true,"href":"https:\/\/www.fabioferro.eu\/de\/wp-json\/wp\/v2\/product_cat?post=121185"},{"taxonomy":"product_tag","embeddable":true,"href":"https:\/\/www.fabioferro.eu\/de\/wp-json\/wp\/v2\/product_tag?post=121185"}],"curies":[{"name":"wp","href":"https:\/\/api.w.org\/{rel}","templated":true}]}}