{"id":121197,"date":"2022-06-01T19:08:23","date_gmt":"2022-06-01T17:08:23","guid":{"rendered":"https:\/\/www.fabioferro.eu\/silber-925-giovanni-raspini-converse-charme.html"},"modified":"2025-05-02T17:50:23","modified_gmt":"2025-05-02T15:50:23","slug":"silber-925-giovanni-raspini-converse-charme","status":"publish","type":"product","link":"https:\/\/www.fabioferro.eu\/de\/silber-925-giovanni-raspini-converse-charme.html","title":{"rendered":"Silber 925 Giovanni Raspini Converse Charme"},"content":{"rendered":"<div class=\"description\">\n<div class=\"description\">\n<p>Giovanni Raspini 925\/1000 Sterling Silber Charme &#8211; Hergestellt in Italien<\/p>\n<p>Converse-Sneaker-Anh\u00e4nger.<\/p>\n<p>Der Anh\u00e4nger misst 17 mm in der L\u00e4nge (ohne Trikot) und 7 mm in der Breite. Die Dicke betr\u00e4gt 6 mm.<\/p>\n<p>Der Anh\u00e4nger ist mit einer offenen runden Perle mit einem Durchmesser von 9 mm versehen, damit er an einem Rollband-Armband befestigt werden kann. Er kann einfach auf eine Silber- oder Gummikette aufgef\u00e4delt oder als Schl\u00fcsselanh\u00e4nger auf ein Spiralbr\u00fcstchen gesteckt werden.<\/p>\n<p>Die Gesamtl\u00e4nge ist 34 mm und das Gewicht betr\u00e4gt 6,2 g.<\/p>\n<p>Der Anh\u00e4nger wird mit einem Etui und einem Echtheitszertifikat von Giovanni Raspini geliefert.<\/p>\n<p>&nbsp;<\/p>\n<\/div>\n<\/div>\n","protected":false},"excerpt":{"rendered":"<p>Giovanni Raspini 925 Sterling Silber Anh\u00e4nger in Form eines Converse Schuhs<\/p>\n","protected":false},"featured_media":121205,"comment_status":"open","ping_status":"closed","template":"","meta":[],"product_brand":[155],"product_cat":[7575,7576],"product_tag":[7442],"class_list":{"0":"post-121197","1":"product","2":"type-product","3":"status-publish","4":"has-post-thumbnail","6":"product_brand-raspini","7":"product_cat-do-it-yourself-schmuck-giovanni-raspini","8":"product_cat-giovanni-raspini-reize","9":"product_tag-verfugbar","11":"first","12":"instock","13":"sale","14":"taxable","15":"shipping-taxable","16":"purchasable","17":"product-type-simple"},"exclude_global_add_ons":[],"addons":[],"df_price":49.5,"df_sale_price":49.5,"df_regular_price":55,"df_image_link":"https:\/\/cdn02.fabioferro.eu\/wp-content\/uploads\/virtuemart\/product\/charm-in-argento-giovanni-raspini-scarpa-ginnastica-converse-8662.jpg","_links":{"self":[{"href":"https:\/\/www.fabioferro.eu\/de\/wp-json\/wp\/v2\/product\/121197","targetHints":{"allow":["GET"]}}],"collection":[{"href":"https:\/\/www.fabioferro.eu\/de\/wp-json\/wp\/v2\/product"}],"about":[{"href":"https:\/\/www.fabioferro.eu\/de\/wp-json\/wp\/v2\/types\/product"}],"replies":[{"embeddable":true,"href":"https:\/\/www.fabioferro.eu\/de\/wp-json\/wp\/v2\/comments?post=121197"}],"version-history":[{"count":0,"href":"https:\/\/www.fabioferro.eu\/de\/wp-json\/wp\/v2\/product\/121197\/revisions"}],"wp:featuredmedia":[{"embeddable":true,"href":"https:\/\/www.fabioferro.eu\/de\/wp-json\/wp\/v2\/media\/121205"}],"wp:attachment":[{"href":"https:\/\/www.fabioferro.eu\/de\/wp-json\/wp\/v2\/media?parent=121197"}],"wp:term":[{"taxonomy":"product_brand","embeddable":true,"href":"https:\/\/www.fabioferro.eu\/de\/wp-json\/wp\/v2\/product_brand?post=121197"},{"taxonomy":"product_cat","embeddable":true,"href":"https:\/\/www.fabioferro.eu\/de\/wp-json\/wp\/v2\/product_cat?post=121197"},{"taxonomy":"product_tag","embeddable":true,"href":"https:\/\/www.fabioferro.eu\/de\/wp-json\/wp\/v2\/product_tag?post=121197"}],"curies":[{"name":"wp","href":"https:\/\/api.w.org\/{rel}","templated":true}]}}