{"id":121200,"date":"2022-06-01T19:06:39","date_gmt":"2022-06-01T17:06:39","guid":{"rendered":"https:\/\/www.fabioferro.eu\/giovanni-raspini-brise-schluesselanhaenger-aus-925-silber-o-26-mm.html"},"modified":"2025-05-02T17:50:13","modified_gmt":"2025-05-02T15:50:13","slug":"giovanni-raspini-brise-schluesselanhaenger-aus-925-silber-o-26-mm","status":"publish","type":"product","link":"https:\/\/www.fabioferro.eu\/de\/giovanni-raspini-brise-schluesselanhaenger-aus-925-silber-o-26-mm.html","title":{"rendered":"Giovanni Raspini Brise Schl\u00fcsselanh\u00e4nger 27 mm"},"content":{"rendered":"<p>Giovanni Raspini 925\/1000 Sterling Silber Schl\u00fcsselanh\u00e4nger &#8211; Made in Italy &#8211; Handgefertigt.<\/p>\n<p>Bris\u00e8-Spiralenmodell mit einem Au\u00dfendurchmesser von 27 mm und einer Dicke von 2 mm. Giovanni Raspini-Logo auf beiden Seiten eingepr\u00e4gt.<\/p>\n<p>Dieser Schl\u00fcsselanh\u00e4nger kann mit den unendlich vielen Anh\u00e4ngern von Giovanni Raspini individuell gestaltet werden.<\/p>\n<p>Der Schl\u00fcsselanh\u00e4nger wird mit einer personalisierten Schachtel und der offiziellen Giovanni Raspini Garantie geliefert.<\/p>\n","protected":false},"excerpt":{"rendered":"<p>Giovanni Raspini Spirale Brise\u00e8 in Silber 27 mm Durchmesser<\/p>\n","protected":false},"featured_media":121207,"comment_status":"open","ping_status":"closed","template":"","meta":[],"product_brand":[],"product_cat":[7575],"product_tag":[7442],"class_list":{"0":"post-121200","1":"product","2":"type-product","3":"status-publish","4":"has-post-thumbnail","6":"product_cat-do-it-yourself-schmuck-giovanni-raspini","7":"product_tag-verfugbar","9":"first","10":"instock","11":"sale","12":"taxable","13":"shipping-taxable","14":"purchasable","15":"product-type-simple"},"exclude_global_add_ons":[],"addons":[],"df_price":54,"df_sale_price":54,"df_regular_price":60,"df_image_link":"https:\/\/cdn02.fabioferro.eu\/wp-content\/uploads\/virtuemart\/product\/brise-portachiavi-raspini-06913.jpg","_links":{"self":[{"href":"https:\/\/www.fabioferro.eu\/de\/wp-json\/wp\/v2\/product\/121200","targetHints":{"allow":["GET"]}}],"collection":[{"href":"https:\/\/www.fabioferro.eu\/de\/wp-json\/wp\/v2\/product"}],"about":[{"href":"https:\/\/www.fabioferro.eu\/de\/wp-json\/wp\/v2\/types\/product"}],"replies":[{"embeddable":true,"href":"https:\/\/www.fabioferro.eu\/de\/wp-json\/wp\/v2\/comments?post=121200"}],"version-history":[{"count":0,"href":"https:\/\/www.fabioferro.eu\/de\/wp-json\/wp\/v2\/product\/121200\/revisions"}],"wp:featuredmedia":[{"embeddable":true,"href":"https:\/\/www.fabioferro.eu\/de\/wp-json\/wp\/v2\/media\/121207"}],"wp:attachment":[{"href":"https:\/\/www.fabioferro.eu\/de\/wp-json\/wp\/v2\/media?parent=121200"}],"wp:term":[{"taxonomy":"product_brand","embeddable":true,"href":"https:\/\/www.fabioferro.eu\/de\/wp-json\/wp\/v2\/product_brand?post=121200"},{"taxonomy":"product_cat","embeddable":true,"href":"https:\/\/www.fabioferro.eu\/de\/wp-json\/wp\/v2\/product_cat?post=121200"},{"taxonomy":"product_tag","embeddable":true,"href":"https:\/\/www.fabioferro.eu\/de\/wp-json\/wp\/v2\/product_tag?post=121200"}],"curies":[{"name":"wp","href":"https:\/\/api.w.org\/{rel}","templated":true}]}}