{"id":121208,"date":"2022-06-01T19:06:42","date_gmt":"2022-06-01T17:06:42","guid":{"rendered":"https:\/\/www.fabioferro.eu\/giovanni-raspini-brise-oval-schluesselanhaenger-gross-44-mm.html"},"modified":"2025-05-02T17:50:17","modified_gmt":"2025-05-02T15:50:17","slug":"giovanni-raspini-brise-oval-schluesselanhaenger-gross-44-mm","status":"publish","type":"product","link":"https:\/\/www.fabioferro.eu\/de\/giovanni-raspini-brise-oval-schluesselanhaenger-gross-44-mm.html","title":{"rendered":"Giovanni Raspini Bris\u00e8 Oval Schl\u00fcsselanh\u00e4nger gro\u00df 44 mm"},"content":{"rendered":"<div class=\"description\">\n<div class=\"description\">\n<p>Giovanni Raspini 925\/1000 Sterling Silber Schl\u00fcsselanh\u00e4nger &#8211; Made in Italy &#8211; Handgefertigt.<\/p>\n<p>Bris\u00e8 Spiralmodell mit einer gro\u00dfen ovalen Form von 44 mm und einer Dicke von 2 mm. Giovanni Raspini-Logo auf beiden Seiten eingepr\u00e4gt.<\/p>\n<p>Dieser Schl\u00fcsselanh\u00e4nger kann mit den unendlich vielen Anh\u00e4ngern von Giovanni Raspini individuell gestaltet werden.<\/p>\n<p>Der Schl\u00fcsselanh\u00e4nger wird mit einer personalisierten Schachtel und der offiziellen Giovanni Raspini Garantie geliefert.<\/p>\n<\/div>\n<\/div>\n","protected":false},"excerpt":{"rendered":"<p>Giovanni Raspini gro\u00dfer ovaler Schl\u00fcsselanh\u00e4nger<\/p>\n","protected":false},"featured_media":121218,"comment_status":"open","ping_status":"closed","template":"","meta":[],"product_brand":[155],"product_cat":[7575,7715],"product_tag":[7442],"class_list":{"0":"post-121208","1":"product","2":"type-product","3":"status-publish","4":"has-post-thumbnail","6":"product_brand-raspini","7":"product_cat-do-it-yourself-schmuck-giovanni-raspini","8":"product_cat-schlusselanhanger-giovanni-raspini","9":"product_tag-verfugbar","11":"first","12":"instock","13":"sale","14":"taxable","15":"shipping-taxable","16":"purchasable","17":"product-type-simple"},"exclude_global_add_ons":[],"addons":[],"df_price":76.5,"df_sale_price":76.5,"df_regular_price":85,"df_image_link":"https:\/\/cdn02.fabioferro.eu\/wp-content\/uploads\/virtuemart\/product\/portachiavi-giovanni-raspini-ovale-081192.jpg","_links":{"self":[{"href":"https:\/\/www.fabioferro.eu\/de\/wp-json\/wp\/v2\/product\/121208","targetHints":{"allow":["GET"]}}],"collection":[{"href":"https:\/\/www.fabioferro.eu\/de\/wp-json\/wp\/v2\/product"}],"about":[{"href":"https:\/\/www.fabioferro.eu\/de\/wp-json\/wp\/v2\/types\/product"}],"replies":[{"embeddable":true,"href":"https:\/\/www.fabioferro.eu\/de\/wp-json\/wp\/v2\/comments?post=121208"}],"version-history":[{"count":0,"href":"https:\/\/www.fabioferro.eu\/de\/wp-json\/wp\/v2\/product\/121208\/revisions"}],"wp:featuredmedia":[{"embeddable":true,"href":"https:\/\/www.fabioferro.eu\/de\/wp-json\/wp\/v2\/media\/121218"}],"wp:attachment":[{"href":"https:\/\/www.fabioferro.eu\/de\/wp-json\/wp\/v2\/media?parent=121208"}],"wp:term":[{"taxonomy":"product_brand","embeddable":true,"href":"https:\/\/www.fabioferro.eu\/de\/wp-json\/wp\/v2\/product_brand?post=121208"},{"taxonomy":"product_cat","embeddable":true,"href":"https:\/\/www.fabioferro.eu\/de\/wp-json\/wp\/v2\/product_cat?post=121208"},{"taxonomy":"product_tag","embeddable":true,"href":"https:\/\/www.fabioferro.eu\/de\/wp-json\/wp\/v2\/product_tag?post=121208"}],"curies":[{"name":"wp","href":"https:\/\/api.w.org\/{rel}","templated":true}]}}