{"id":121214,"date":"2022-06-01T19:08:29","date_gmt":"2022-06-01T17:08:29","guid":{"rendered":"https:\/\/www.fabioferro.eu\/charme-giovanni-raspini-teekanne.html"},"modified":"2024-09-18T16:42:28","modified_gmt":"2024-09-18T14:42:28","slug":"charme-giovanni-raspini-teekanne","status":"publish","type":"product","link":"https:\/\/www.fabioferro.eu\/de\/charme-giovanni-raspini-teekanne.html","title":{"rendered":"Charme Giovanni Raspini Teekanne"},"content":{"rendered":"<div class=\"description\">\n<div class=\"description\">\n<div class=\"description\">  Giovanni Raspini 925\/1000 Silberanh\u00e4nger &#8211; handgefertigt Made in Italy. Teekannen-Anh\u00e4nger im englischen Stil. Der Anh\u00e4nger misst 20 mm in der L\u00e4nge (ohne Trikot) und 9 mm in der Dicke. H\u00f6he mm. 12. Der Anh\u00e4nger ist mit einer offenen runden Perle mit einem Durchmesser von 9 mm versehen, damit er an einem Rollband-Armband befestigt werden kann. Er kann einfach auf eine Silber- oder Gummikette aufgef\u00e4delt oder als Schl\u00fcsselanh\u00e4nger auf ein Spiralbr\u00fcstchen gesteckt werden. Die Gesamtl\u00e4nge betr\u00e4gt 30 mm und das Gewicht ist 6,2 g. Der Anh\u00e4nger wird mit einem Etui und einem Echtheitszertifikat von Giovanni Raspini geliefert. Auf Anfrage stellen wir Ihnen eine Quittung und\/oder Rechnung aus.  <\/div>\n<\/div>\n<\/div>\n","protected":false},"excerpt":{"rendered":"<p>Giovanni Raspini 925 Sterling Silber Charm in Form einer englischen Teekanne.<\/p>\n","protected":false},"featured_media":121222,"comment_status":"open","ping_status":"closed","template":"","meta":[],"product_brand":[155],"product_cat":[7575,7576],"product_tag":[],"class_list":{"0":"post-121214","1":"product","2":"type-product","3":"status-publish","4":"has-post-thumbnail","6":"product_brand-raspini","7":"product_cat-do-it-yourself-schmuck-giovanni-raspini","8":"product_cat-giovanni-raspini-reize","10":"first","11":"instock","12":"sale","13":"taxable","14":"shipping-taxable","15":"purchasable","16":"product-type-simple"},"exclude_global_add_ons":[],"addons":[],"df_price":54,"df_sale_price":54,"df_regular_price":60,"df_image_link":"https:\/\/cdn02.fabioferro.eu\/wp-content\/uploads\/virtuemart\/product\/charm-giovanni-raspini-teiera-inglese-8655.jpg","_links":{"self":[{"href":"https:\/\/www.fabioferro.eu\/de\/wp-json\/wp\/v2\/product\/121214","targetHints":{"allow":["GET"]}}],"collection":[{"href":"https:\/\/www.fabioferro.eu\/de\/wp-json\/wp\/v2\/product"}],"about":[{"href":"https:\/\/www.fabioferro.eu\/de\/wp-json\/wp\/v2\/types\/product"}],"replies":[{"embeddable":true,"href":"https:\/\/www.fabioferro.eu\/de\/wp-json\/wp\/v2\/comments?post=121214"}],"version-history":[{"count":0,"href":"https:\/\/www.fabioferro.eu\/de\/wp-json\/wp\/v2\/product\/121214\/revisions"}],"wp:featuredmedia":[{"embeddable":true,"href":"https:\/\/www.fabioferro.eu\/de\/wp-json\/wp\/v2\/media\/121222"}],"wp:attachment":[{"href":"https:\/\/www.fabioferro.eu\/de\/wp-json\/wp\/v2\/media?parent=121214"}],"wp:term":[{"taxonomy":"product_brand","embeddable":true,"href":"https:\/\/www.fabioferro.eu\/de\/wp-json\/wp\/v2\/product_brand?post=121214"},{"taxonomy":"product_cat","embeddable":true,"href":"https:\/\/www.fabioferro.eu\/de\/wp-json\/wp\/v2\/product_cat?post=121214"},{"taxonomy":"product_tag","embeddable":true,"href":"https:\/\/www.fabioferro.eu\/de\/wp-json\/wp\/v2\/product_tag?post=121214"}],"curies":[{"name":"wp","href":"https:\/\/api.w.org\/{rel}","templated":true}]}}