{"id":121216,"date":"2022-06-01T19:07:08","date_gmt":"2022-06-01T17:07:08","guid":{"rendered":"https:\/\/www.fabioferro.eu\/ti-sento-milano-925-sterling-silber-rose-vergoldet-damenarmband.html"},"modified":"2022-06-01T19:07:08","modified_gmt":"2022-06-01T17:07:08","slug":"ti-sento-milano-925-sterling-silber-rose-vergoldet-damenarmband","status":"publish","type":"product","link":"https:\/\/www.fabioferro.eu\/de\/ti-sento-milano-925-sterling-silber-rose-vergoldet-damenarmband.html","title":{"rendered":"Ti Sento Milano 925 Sterling Silber Rose vergoldet Damenarmband"},"content":{"rendered":"<div class=\"description\">\n<p>Ti Sento Milano Damenarmband aus rhodiniertem und antiallergenem 925\/1000 Sterling Silber mit Ros\u00e9goldauflage.<\/p>\n<p>Das Armband hat eine Gesamtl\u00e4nge von 20 cm, kann aber dank der kleinen Ringe, die in die Kette eingef\u00fcgt sind, auch auf 18 cm und 16 cm getragen werden.<\/p>\n<p>Personalisierter Mini-Rolli mit Logo von Ti Sento Milano und Druckknopfverschluss.<\/p>\n<p>Zentrales Element mit geflochtenem Doppelkreis Durchmesser 13,00 mm, Dicke 2 mm.<\/p>\n<p>Neues Schmuckst\u00fcck, begleitet von einer eleganten Schachtel und der entsprechenden Ti Sento Milano Garantie.<\/p>\n<p>Ich stelle eine Quittung und\/oder Rechnung aus.<\/p>\n<\/div>\n","protected":false},"excerpt":{"rendered":"<p>Ti Sento Milano Damenarmband aus rhodiniertem und antiallergenem 925\/1000 Sterling Silber mit Ros\u00e9goldauflage. Das Armband hat eine Gesamtl\u00e4nge von 20 cm, kann aber dank der kleinen Ringe, die in die Kette eingef\u00fcgt sind, auch auf 18 cm und 16 cm getragen werden. Personalisierter Mini-Rolli mit Logo von Ti Sento Milano und Druckknopfverschluss. Zentrales Element mit [&hellip;]<\/p>\n","protected":false},"featured_media":121221,"comment_status":"open","ping_status":"closed","template":"","meta":[],"product_brand":[158],"product_cat":[6074],"product_tag":[7551],"class_list":{"0":"post-121216","1":"product","2":"type-product","3":"status-publish","4":"has-post-thumbnail","6":"product_brand-ti-sento-milano","7":"product_cat-ti-sento-milano-armbander","8":"product_tag-ausschlusse","10":"first","11":"outofstock","12":"taxable","13":"shipping-taxable","14":"purchasable","15":"product-type-simple"},"exclude_global_add_ons":[],"addons":[],"df_price":65,"df_sale_price":"","df_regular_price":65,"df_image_link":"https:\/\/cdn02.fabioferro.eu\/wp-content\/uploads\/virtuemart\/product\/bracciale-donna-in-argento-ti-sento-milano-3790SR.jpg","_links":{"self":[{"href":"https:\/\/www.fabioferro.eu\/de\/wp-json\/wp\/v2\/product\/121216","targetHints":{"allow":["GET"]}}],"collection":[{"href":"https:\/\/www.fabioferro.eu\/de\/wp-json\/wp\/v2\/product"}],"about":[{"href":"https:\/\/www.fabioferro.eu\/de\/wp-json\/wp\/v2\/types\/product"}],"replies":[{"embeddable":true,"href":"https:\/\/www.fabioferro.eu\/de\/wp-json\/wp\/v2\/comments?post=121216"}],"version-history":[{"count":0,"href":"https:\/\/www.fabioferro.eu\/de\/wp-json\/wp\/v2\/product\/121216\/revisions"}],"wp:featuredmedia":[{"embeddable":true,"href":"https:\/\/www.fabioferro.eu\/de\/wp-json\/wp\/v2\/media\/121221"}],"wp:attachment":[{"href":"https:\/\/www.fabioferro.eu\/de\/wp-json\/wp\/v2\/media?parent=121216"}],"wp:term":[{"taxonomy":"product_brand","embeddable":true,"href":"https:\/\/www.fabioferro.eu\/de\/wp-json\/wp\/v2\/product_brand?post=121216"},{"taxonomy":"product_cat","embeddable":true,"href":"https:\/\/www.fabioferro.eu\/de\/wp-json\/wp\/v2\/product_cat?post=121216"},{"taxonomy":"product_tag","embeddable":true,"href":"https:\/\/www.fabioferro.eu\/de\/wp-json\/wp\/v2\/product_tag?post=121216"}],"curies":[{"name":"wp","href":"https:\/\/api.w.org\/{rel}","templated":true}]}}