{"id":121229,"date":"2022-06-01T19:06:38","date_gmt":"2022-06-01T17:06:38","guid":{"rendered":"https:\/\/www.fabioferro.eu\/giovanni-raspini-50-jahre-weisser-bronzerahmen-12-x-15-cm.html"},"modified":"2026-04-10T09:56:53","modified_gmt":"2026-04-10T07:56:53","slug":"giovanni-raspini-50-jahre-weisser-bronzerahmen-12-x-15-cm","status":"publish","type":"product","link":"https:\/\/www.fabioferro.eu\/de\/giovanni-raspini-50-jahre-weisser-bronzerahmen-12-x-15-cm.html","title":{"rendered":"Giovanni Raspini 50 Jahre Wei\u00dfer Bronzerahmen 12 x 15 cm"},"content":{"rendered":"<div class=\"description\">  Giovanni Raspini Wei\u00dfer Bronzerahmen Gewidmet zu 50 Jahren. Der Rahmen ist 15&#215;12 cm gro\u00df und ruht auf einem mit schwarzem Samt bezogenen Holzrahmen. Krawattenhalter. Der abnehmbare Clipsockel besteht aus wei\u00dfer Bronze und zeigt die Zahl 50, flankiert von zwei Feuerwerksk\u00f6rpern und einer Sektflasche. Der Sockel kann auch abgenommen und an der L\u00e4ngsseite des Rahmens angebracht werden. Neuer Rahmen mit original Giovanni Raspini Box und Garantie.  <\/div>\n","protected":false},"excerpt":{"rendered":"<p>Giovanni Raspini Wei\u00dfer Bronzerahmen 12&#215;15 cm zum 50. Geburtstag.<\/p>\n","protected":false},"featured_media":121233,"comment_status":"open","ping_status":"closed","template":"","meta":[],"product_brand":[155],"product_cat":[7704,7620],"product_tag":[7442],"class_list":{"0":"post-121229","1":"product","2":"type-product","3":"status-publish","4":"has-post-thumbnail","6":"product_brand-raspini","7":"product_cat-bronzerahmen-von-giovanni-raspini","8":"product_cat-outlet-schmuck","9":"product_tag-verfugbar","11":"first","12":"instock","13":"sale","14":"taxable","15":"shipping-taxable","16":"purchasable","17":"product-type-simple"},"exclude_global_add_ons":[],"addons":[],"df_price":126,"df_sale_price":126,"df_regular_price":140,"df_image_link":"https:\/\/cdn02.fabioferro.eu\/wp-content\/uploads\/virtuemart\/product\/cornice-giovanni-raspini-bronzo-bianco-50-anni-B00632.jpg","_links":{"self":[{"href":"https:\/\/www.fabioferro.eu\/de\/wp-json\/wp\/v2\/product\/121229","targetHints":{"allow":["GET"]}}],"collection":[{"href":"https:\/\/www.fabioferro.eu\/de\/wp-json\/wp\/v2\/product"}],"about":[{"href":"https:\/\/www.fabioferro.eu\/de\/wp-json\/wp\/v2\/types\/product"}],"replies":[{"embeddable":true,"href":"https:\/\/www.fabioferro.eu\/de\/wp-json\/wp\/v2\/comments?post=121229"}],"version-history":[{"count":1,"href":"https:\/\/www.fabioferro.eu\/de\/wp-json\/wp\/v2\/product\/121229\/revisions"}],"predecessor-version":[{"id":212074,"href":"https:\/\/www.fabioferro.eu\/de\/wp-json\/wp\/v2\/product\/121229\/revisions\/212074"}],"wp:featuredmedia":[{"embeddable":true,"href":"https:\/\/www.fabioferro.eu\/de\/wp-json\/wp\/v2\/media\/121233"}],"wp:attachment":[{"href":"https:\/\/www.fabioferro.eu\/de\/wp-json\/wp\/v2\/media?parent=121229"}],"wp:term":[{"taxonomy":"product_brand","embeddable":true,"href":"https:\/\/www.fabioferro.eu\/de\/wp-json\/wp\/v2\/product_brand?post=121229"},{"taxonomy":"product_cat","embeddable":true,"href":"https:\/\/www.fabioferro.eu\/de\/wp-json\/wp\/v2\/product_cat?post=121229"},{"taxonomy":"product_tag","embeddable":true,"href":"https:\/\/www.fabioferro.eu\/de\/wp-json\/wp\/v2\/product_tag?post=121229"}],"curies":[{"name":"wp","href":"https:\/\/api.w.org\/{rel}","templated":true}]}}