{"id":121231,"date":"2022-06-01T19:03:12","date_gmt":"2022-06-01T17:03:12","guid":{"rendered":"https:\/\/www.fabioferro.eu\/giovanni-raspini-koralle-weiss-bronze-rahmen-55x45-cm.html"},"modified":"2026-02-28T10:26:48","modified_gmt":"2026-02-28T09:26:48","slug":"giovanni-raspini-koralle-weiss-bronze-rahmen-55x45-cm","status":"publish","type":"product","link":"https:\/\/www.fabioferro.eu\/de\/giovanni-raspini-koralle-weiss-bronze-rahmen-55x45-cm.html","title":{"rendered":"Giovanni Raspini Koralle Wei\u00df Bronze Rahmen 5,5&#215;4,5 cm"},"content":{"rendered":"<div class=\"description\">  Giovanni Raspini Rahmen aus wei\u00dfer Bronze mit Korallen. Die Au\u00dfenma\u00dfe des Rahmens betragen 7,00\u00d76,00 cm. Das Glas und das Foto sind dagegen 4\u00d75 cm gro\u00df. Besteht aus vielen Korallen\u00e4sten mit einem Wechselspiel aus hellen und dunklen T\u00f6nen. Ringf\u00f6rmiger St\u00fctzfu\u00df. Neuer Rahmen mit original Giovanni Raspini Box und Garantie.  <\/div>\n","protected":false},"excerpt":{"rendered":"<p>Giovanni Raspini Rahmen aus wei\u00dfer Bronze mit Koralle.<\/p>\n","protected":false},"featured_media":121245,"comment_status":"open","ping_status":"closed","template":"","meta":[],"product_brand":[155],"product_cat":[7704],"product_tag":[],"class_list":{"0":"post-121231","1":"product","2":"type-product","3":"status-publish","4":"has-post-thumbnail","6":"product_brand-raspini","7":"product_cat-bronzerahmen-von-giovanni-raspini","9":"first","10":"instock","11":"sale","12":"taxable","13":"shipping-taxable","14":"purchasable","15":"product-type-simple"},"exclude_global_add_ons":[],"addons":[],"df_price":54,"df_sale_price":54,"df_regular_price":60,"df_image_link":"https:\/\/cdn02.fabioferro.eu\/wp-content\/uploads\/virtuemart\/product\/cornice-bronzo-bianco-raspini-corallo-B512.jpg","_links":{"self":[{"href":"https:\/\/www.fabioferro.eu\/de\/wp-json\/wp\/v2\/product\/121231","targetHints":{"allow":["GET"]}}],"collection":[{"href":"https:\/\/www.fabioferro.eu\/de\/wp-json\/wp\/v2\/product"}],"about":[{"href":"https:\/\/www.fabioferro.eu\/de\/wp-json\/wp\/v2\/types\/product"}],"replies":[{"embeddable":true,"href":"https:\/\/www.fabioferro.eu\/de\/wp-json\/wp\/v2\/comments?post=121231"}],"version-history":[{"count":1,"href":"https:\/\/www.fabioferro.eu\/de\/wp-json\/wp\/v2\/product\/121231\/revisions"}],"predecessor-version":[{"id":212075,"href":"https:\/\/www.fabioferro.eu\/de\/wp-json\/wp\/v2\/product\/121231\/revisions\/212075"}],"wp:featuredmedia":[{"embeddable":true,"href":"https:\/\/www.fabioferro.eu\/de\/wp-json\/wp\/v2\/media\/121245"}],"wp:attachment":[{"href":"https:\/\/www.fabioferro.eu\/de\/wp-json\/wp\/v2\/media?parent=121231"}],"wp:term":[{"taxonomy":"product_brand","embeddable":true,"href":"https:\/\/www.fabioferro.eu\/de\/wp-json\/wp\/v2\/product_brand?post=121231"},{"taxonomy":"product_cat","embeddable":true,"href":"https:\/\/www.fabioferro.eu\/de\/wp-json\/wp\/v2\/product_cat?post=121231"},{"taxonomy":"product_tag","embeddable":true,"href":"https:\/\/www.fabioferro.eu\/de\/wp-json\/wp\/v2\/product_tag?post=121231"}],"curies":[{"name":"wp","href":"https:\/\/api.w.org\/{rel}","templated":true}]}}