{"id":121258,"date":"2022-06-01T19:05:43","date_gmt":"2022-06-01T17:05:43","guid":{"rendered":"https:\/\/www.fabioferro.eu\/fabio-ferro-weissgold-halskette-mit-australischer-zuchtperle-105-11-mm-und-diamanten.html"},"modified":"2024-07-25T10:00:59","modified_gmt":"2024-07-25T08:00:59","slug":"fabio-ferro-weissgold-halskette-mit-australischer-zuchtperle-105-11-mm-und-diamanten","status":"publish","type":"product","link":"https:\/\/www.fabioferro.eu\/de\/fabio-ferro-weissgold-halskette-mit-australischer-zuchtperle-105-11-mm-und-diamanten.html","title":{"rendered":"Fabio Ferro Wei\u00dfgold-Halskette mit australischer Zuchtperle 10,5\/11 mm und Diamanten"},"content":{"rendered":"<p>Fabio Ferro Collier aus 750\/1000 Wei\u00dfgold mit 10,50 mm australischer Zuchtperle und Diamanten im Brillantschliff. Handgefertigt in unserer Goldschmiedewerkstatt aus poliertem Wei\u00dfgold mit einem Gewicht von 3,90 g. Klassische und robuste venezianische Kette, 41,00 cm lang, mit Karabinerverschlu\u00df. Gleitender Anh\u00e4nger aus Wei\u00dfgold, besetzt mit 5 Diamanten im Brillantschliff von insgesamt 0,03 Karat Farbe (FV). Nach sorgf\u00e4ltiger Auswahl fiel die Wahl auf eine edle australische Zuchtperle mit einer k\u00f6niglichen Gr\u00f6\u00dfe von 10\u00bd Millimetern Durchmesser, die das Schmuckst\u00fcck schm\u00fcckt. Der flie\u00dfende Anh\u00e4nger hat eine Gesamtl\u00e4nge von 28 Millimetern einschlie\u00dflich der Perle. Juwel mit Box, Garantiezertifikat und Qualit\u00e4t Fabio Ferro i Gioielli, kostenlos verpackt f\u00fcr einen besonderen Anlass.  &nbsp;<\/p>\n<p>&nbsp;<\/p>\n","protected":false},"excerpt":{"rendered":"<p>Handgefertigte Fabio Ferro-Halskette aus Wei\u00dfgold mit Goldanh\u00e4nger mit einer 10\u00bd Millimeter gro\u00dfen australischen Zuchtperle und Diamanten im Brillantschliff.<\/p>\n","protected":false},"featured_media":121265,"comment_status":"open","ping_status":"closed","template":"","meta":[],"product_brand":[152],"product_cat":[6301],"product_tag":[],"class_list":{"0":"post-121258","1":"product","2":"type-product","3":"status-publish","4":"has-post-thumbnail","6":"product_brand-fabio-ferro-i-gioielli","7":"product_cat-perlenketten","9":"first","10":"instock","11":"sale","12":"taxable","13":"shipping-taxable","14":"purchasable","15":"product-type-simple"},"exclude_global_add_ons":[],"addons":[],"df_price":1072,"df_sale_price":1072,"df_regular_price":1340,"df_image_link":"https:\/\/cdn02.fabioferro.eu\/wp-content\/uploads\/virtuemart\/product\/collana-fabio-ferro-in-oro-bianco-perla-coltivata-diamanti.jpg","_links":{"self":[{"href":"https:\/\/www.fabioferro.eu\/de\/wp-json\/wp\/v2\/product\/121258","targetHints":{"allow":["GET"]}}],"collection":[{"href":"https:\/\/www.fabioferro.eu\/de\/wp-json\/wp\/v2\/product"}],"about":[{"href":"https:\/\/www.fabioferro.eu\/de\/wp-json\/wp\/v2\/types\/product"}],"replies":[{"embeddable":true,"href":"https:\/\/www.fabioferro.eu\/de\/wp-json\/wp\/v2\/comments?post=121258"}],"version-history":[{"count":0,"href":"https:\/\/www.fabioferro.eu\/de\/wp-json\/wp\/v2\/product\/121258\/revisions"}],"wp:featuredmedia":[{"embeddable":true,"href":"https:\/\/www.fabioferro.eu\/de\/wp-json\/wp\/v2\/media\/121265"}],"wp:attachment":[{"href":"https:\/\/www.fabioferro.eu\/de\/wp-json\/wp\/v2\/media?parent=121258"}],"wp:term":[{"taxonomy":"product_brand","embeddable":true,"href":"https:\/\/www.fabioferro.eu\/de\/wp-json\/wp\/v2\/product_brand?post=121258"},{"taxonomy":"product_cat","embeddable":true,"href":"https:\/\/www.fabioferro.eu\/de\/wp-json\/wp\/v2\/product_cat?post=121258"},{"taxonomy":"product_tag","embeddable":true,"href":"https:\/\/www.fabioferro.eu\/de\/wp-json\/wp\/v2\/product_tag?post=121258"}],"curies":[{"name":"wp","href":"https:\/\/api.w.org\/{rel}","templated":true}]}}