{"id":121263,"date":"2022-06-01T19:02:29","date_gmt":"2022-06-01T17:02:29","guid":{"rendered":"https:\/\/www.fabioferro.eu\/giovanni-raspini-baby-anhaenger.html"},"modified":"2025-06-06T15:54:27","modified_gmt":"2025-06-06T13:54:27","slug":"giovanni-raspini-baby-anhaenger","status":"publish","type":"product","link":"https:\/\/www.fabioferro.eu\/de\/giovanni-raspini-baby-anhaenger.html","title":{"rendered":"Giovanni Raspini Baby-Anh\u00e4nger"},"content":{"rendered":"<p>Giovanni Raspini Babyanh\u00e4nger in Form eines Schnullers. Sie k\u00f6nnen Ihre eigenen Gunstbezeugungen herstellen und sie f\u00fcr die Veranstaltung personalisieren.<\/p>\n<p>Hergestellt in 925\/1000 Silber Hergestellt in Italien.<\/p>\n<p>Der Dummy misst 17 mm in der H\u00f6he und wiegt 4,0 g.<\/p>\n<p>Der Charm hat einen offenen Ringdurchmesser von 9 mm, so dass er an einem Armband oder als Anh\u00e4nger an einer Halskette befestigt werden kann.<\/p>\n<p>Das Produkt wird von einer eleganten, personalisierten Schachtel und der Garantie von Giovanni Raspini begleitet.<\/p>\n","protected":false},"excerpt":{"rendered":"<p>925 Sterling Silber Giovanni Raspini Anh\u00e4nger in Form eines Babyschnullers. Ebenfalls erh\u00e4ltlich sind Anh\u00e4nger in Form eines Kinderwagens, eines L\u00e4tzchens, eines Stramplers, eines Babyfl\u00e4schchens, eines Glases, eines Spielzeugautos, einer Spielzeugeisenbahn, eines Esstellers, eines Rollers, eines Hochstuhls, eines Babys, eines M\u00e4dchens, einer Mutter, eines Vaters.<\/p>\n","protected":false},"featured_media":121273,"comment_status":"open","ping_status":"closed","template":"","meta":[],"product_brand":[155],"product_cat":[7575,7576,7578],"product_tag":[],"class_list":{"0":"post-121263","1":"product","2":"type-product","3":"status-publish","4":"has-post-thumbnail","6":"product_brand-raspini","7":"product_cat-do-it-yourself-schmuck-giovanni-raspini","8":"product_cat-giovanni-raspini-reize","9":"product_cat-raspini-charms-fur-veranstaltung","11":"first","12":"instock","13":"sale","14":"taxable","15":"shipping-taxable","16":"purchasable","17":"product-type-simple"},"exclude_global_add_ons":[],"addons":[],"df_price":40.5,"df_sale_price":40.5,"df_regular_price":45,"df_image_link":"https:\/\/cdn02.fabioferro.eu\/wp-content\/uploads\/virtuemart\/product\/charm-giovanni-raspini-ciuccio-9999.jpg","_links":{"self":[{"href":"https:\/\/www.fabioferro.eu\/de\/wp-json\/wp\/v2\/product\/121263","targetHints":{"allow":["GET"]}}],"collection":[{"href":"https:\/\/www.fabioferro.eu\/de\/wp-json\/wp\/v2\/product"}],"about":[{"href":"https:\/\/www.fabioferro.eu\/de\/wp-json\/wp\/v2\/types\/product"}],"replies":[{"embeddable":true,"href":"https:\/\/www.fabioferro.eu\/de\/wp-json\/wp\/v2\/comments?post=121263"}],"version-history":[{"count":0,"href":"https:\/\/www.fabioferro.eu\/de\/wp-json\/wp\/v2\/product\/121263\/revisions"}],"wp:featuredmedia":[{"embeddable":true,"href":"https:\/\/www.fabioferro.eu\/de\/wp-json\/wp\/v2\/media\/121273"}],"wp:attachment":[{"href":"https:\/\/www.fabioferro.eu\/de\/wp-json\/wp\/v2\/media?parent=121263"}],"wp:term":[{"taxonomy":"product_brand","embeddable":true,"href":"https:\/\/www.fabioferro.eu\/de\/wp-json\/wp\/v2\/product_brand?post=121263"},{"taxonomy":"product_cat","embeddable":true,"href":"https:\/\/www.fabioferro.eu\/de\/wp-json\/wp\/v2\/product_cat?post=121263"},{"taxonomy":"product_tag","embeddable":true,"href":"https:\/\/www.fabioferro.eu\/de\/wp-json\/wp\/v2\/product_tag?post=121263"}],"curies":[{"name":"wp","href":"https:\/\/api.w.org\/{rel}","templated":true}]}}